{"id":776669,"date":"2025-10-01T05:25:34","date_gmt":"2025-10-01T02:25:34","guid":{"rendered":"https:\/\/roveyayinevi.com.tr\/index.php\/urun\/ay-isigi-sokagi-6\/"},"modified":"2026-04-16T02:28:41","modified_gmt":"2026-04-15T23:28:41","slug":"ay-isigi-sokagi-6","status":"publish","type":"product","link":"https:\/\/roveyayinevi.com.tr\/index.php\/urun\/ay-isigi-sokagi-6\/","title":{"rendered":"Ay I\u015f\u0131\u011f\u0131 Soka\u011f\u0131"},"content":{"rendered":"<p>Ay I\u015f\u0131\u011f\u0131 Soka\u011f\u0131, limana yak\u0131n bir sahil kasabas\u0131n\u0131n, her yerinden m\u00fczik ve insan seslerinin y\u00fckseldi\u011fi bir Frans\u0131z mahallesi i\u00e7erisindedir. Burada bozuk bal\u0131k, yosun ve katran kokusuyla, bir anda y\u00fcze vuran serin ve temiz hava birbirine kar\u0131\u015f\u0131r.Bir Frans\u0131z soka\u011f\u0131nda duydu\u011fu Almanca arya, Almanya\u2019ya gidecek gece trenini ka\u00e7\u0131ran bu gezgin i\u00e7in soka\u011fa girmeye a\u00e7\u0131k bir davettir. Yabanc\u0131 bir \u00fclkede kendine ait bir \u015feyler bulan bu adam, bu sesin pe\u015finden giderek aryay\u0131 s\u00f6yleyen kad\u0131n\u0131 bulur. Ard\u0131ndan da bir adam\u0131n maruz kald\u0131\u011f\u0131 \u015fiddetli hakaret ve nefrete tan\u0131k olur. G\u00f6rd\u00fckleriyle kendini d\u0131\u015far\u0131 atar ancak nefrete tabi olan bu adam, onunla dertle\u015fmekte \u0131srarc\u0131d\u0131r.Duyduklar\u0131 ve g\u00f6rd\u00fckleri kar\u015f\u0131s\u0131nda bast\u0131ramad\u0131\u011f\u0131 i\u00e7 sesi, susturamad\u0131\u011f\u0131 vicdan\u0131 ve umursamazl\u0131\u011f\u0131 aras\u0131nda kalan bu gezgine e\u015flik etmeye haz\u0131r m\u0131s\u0131n\u0131z?<\/p>\n","protected":false},"excerpt":{"rendered":"<p>Ay I\u015f\u0131\u011f\u0131 Soka\u011f\u0131, limana yak\u0131n bir sahil kasabas\u0131n\u0131n, her yerinden m\u00fczik ve insan seslerinin y\u00fckseldi\u011fi bir Frans\u0131z mahallesi i\u00e7erisindedir. Burada bozuk bal\u0131k, yosun ve katran kokusuyla,<span class=\"excerpt-hellip\"> [\u2026]<\/span><\/p>\n","protected":false},"featured_media":0,"template":"","meta":{"_monsterinsights_skip_tracking":false,"_monsterinsights_sitenote_active":false,"_monsterinsights_sitenote_note":"","_monsterinsights_sitenote_category":0},"product_brand":[],"product_cat":[12291,12711],"product_tag":[],"class_list":{"0":"post-776669","1":"product","2":"type-product","3":"status-publish","5":"product_cat-edebiyat","6":"product_cat-roman-oyku","7":"pa_cilt-ciltsiz","8":"pa_tur-kitap","9":"pa_yayinevi-dokuz-yayinlari","10":"pa_yazar-stefan-zweig","12":"first","13":"instock","14":"sale","15":"shipping-taxable","16":"purchasable","17":"product-type-simple"},"_links":{"self":[{"href":"https:\/\/roveyayinevi.com.tr\/index.php\/wp-json\/wp\/v2\/product\/776669","targetHints":{"allow":["GET"]}}],"collection":[{"href":"https:\/\/roveyayinevi.com.tr\/index.php\/wp-json\/wp\/v2\/product"}],"about":[{"href":"https:\/\/roveyayinevi.com.tr\/index.php\/wp-json\/wp\/v2\/types\/product"}],"wp:attachment":[{"href":"https:\/\/roveyayinevi.com.tr\/index.php\/wp-json\/wp\/v2\/media?parent=776669"}],"wp:term":[{"taxonomy":"product_brand","embeddable":true,"href":"https:\/\/roveyayinevi.com.tr\/index.php\/wp-json\/wp\/v2\/product_brand?post=776669"},{"taxonomy":"product_cat","embeddable":true,"href":"https:\/\/roveyayinevi.com.tr\/index.php\/wp-json\/wp\/v2\/product_cat?post=776669"},{"taxonomy":"product_tag","embeddable":true,"href":"https:\/\/roveyayinevi.com.tr\/index.php\/wp-json\/wp\/v2\/product_tag?post=776669"}],"curies":[{"name":"wp","href":"https:\/\/api.w.org\/{rel}","templated":true}]}}