{"id":776667,"date":"2025-10-01T05:09:07","date_gmt":"2025-10-01T02:09:07","guid":{"rendered":"https:\/\/roveyayinevi.com.tr\/index.php\/urun\/yontmatas-uclar\/"},"modified":"2026-04-16T02:26:21","modified_gmt":"2026-04-15T23:26:21","slug":"yontmatas-uclar","status":"publish","type":"product","link":"https:\/\/roveyayinevi.com.tr\/index.php\/urun\/yontmatas-uclar\/","title":{"rendered":"Yontmata\u015f U\u00e7lar"},"content":{"rendered":"<p>Prof.Dr.Metin Kartal taraf\u0131ndan haz\u0131rlanan &#8220;Ta\u015f \u00c7a\u011flar\u0131nda Yontmata\u015f U\u00e7lar&#8221; isimli bu kitap; Paleolitik,Mezolitik,Neolitik ve k\u0131smen de Kalkolitik \u00e7a\u011flarda kullan\u0131lan ok ve m\u0131zrak u\u00e7lar\u0131n\u0131 konu almaktad\u0131r.S\u00f6z konusu d\u00f6nemlere ili\u015fkin iki b\u00fcy\u00fck co\u011frafya temel al\u0131nm\u0131\u015f\u0131r.Bunlardan birincisi Yak\u0131n Do\u011fu di\u011feri ise Avrupa&#8217;d\u0131r.Bu co\u011frafyalardaki yontmata\u015f u\u00e7lar\u0131n teknik ve tipolojik \u00f6zelikleri bir katalog niteli\u011finde ve alfabetik s\u0131rayla aktar\u0131lmaya \u00e7al\u0131\u015f\u0131lm\u0131\u015ft\u0131r.Dolay\u0131s\u0131yka her biri bir sayfada yer alan u\u00e7 tipolojileri i\u00e7in ;tip,\u00e7a\u011f,d\u00f6nem,evre,karakteristik b\u00f6lge,ba\u015fvuru kaynaklar\u0131,tan\u0131m ve \u00f6zellikleri ile birlikte bu u\u00e7lara ili\u015fkin teknik \u00e7izimlerin bulundu\u011fu bilgileri okuyabilecek ve g\u00f6rebileceksiniz.<\/p>\n","protected":false},"excerpt":{"rendered":"<p>Prof.Dr.Metin Kartal taraf\u0131ndan haz\u0131rlanan &#8220;Ta\u015f \u00c7a\u011flar\u0131nda Yontmata\u015f U\u00e7lar&#8221; isimli bu kitap; Paleolitik,Mezolitik,Neolitik ve k\u0131smen de Kalkolitik \u00e7a\u011flarda kullan\u0131lan ok ve m\u0131zrak u\u00e7lar\u0131n\u0131 konu almaktad\u0131r.S\u00f6z konusu d\u00f6nemlere<span class=\"excerpt-hellip\"> [\u2026]<\/span><\/p>\n","protected":false},"featured_media":0,"template":"","meta":{"_monsterinsights_skip_tracking":false,"_monsterinsights_sitenote_active":false,"_monsterinsights_sitenote_note":"","_monsterinsights_sitenote_category":0},"product_brand":[],"product_cat":[52477,52478],"product_tag":[],"class_list":{"0":"post-776667","1":"product","2":"type-product","3":"status-publish","5":"product_cat-arastirma","6":"product_cat-arkeoloji","7":"pa_cilt-ciltsiz","8":"pa_tur-kitap","9":"pa_yayinevi-bilgin-kultur-sanat","10":"pa_yazar-metin-kartal","12":"first","13":"instock","14":"sale","15":"shipping-taxable","16":"purchasable","17":"product-type-simple"},"_links":{"self":[{"href":"https:\/\/roveyayinevi.com.tr\/index.php\/wp-json\/wp\/v2\/product\/776667","targetHints":{"allow":["GET"]}}],"collection":[{"href":"https:\/\/roveyayinevi.com.tr\/index.php\/wp-json\/wp\/v2\/product"}],"about":[{"href":"https:\/\/roveyayinevi.com.tr\/index.php\/wp-json\/wp\/v2\/types\/product"}],"wp:attachment":[{"href":"https:\/\/roveyayinevi.com.tr\/index.php\/wp-json\/wp\/v2\/media?parent=776667"}],"wp:term":[{"taxonomy":"product_brand","embeddable":true,"href":"https:\/\/roveyayinevi.com.tr\/index.php\/wp-json\/wp\/v2\/product_brand?post=776667"},{"taxonomy":"product_cat","embeddable":true,"href":"https:\/\/roveyayinevi.com.tr\/index.php\/wp-json\/wp\/v2\/product_cat?post=776667"},{"taxonomy":"product_tag","embeddable":true,"href":"https:\/\/roveyayinevi.com.tr\/index.php\/wp-json\/wp\/v2\/product_tag?post=776667"}],"curies":[{"name":"wp","href":"https:\/\/api.w.org\/{rel}","templated":true}]}}