{"id":776666,"date":"2025-10-01T05:03:11","date_gmt":"2025-10-01T02:03:11","guid":{"rendered":"https:\/\/roveyayinevi.com.tr\/index.php\/urun\/kurk-mantolu-madonna-37\/"},"modified":"2026-04-16T02:25:43","modified_gmt":"2026-04-15T23:25:43","slug":"kurk-mantolu-madonna-37","status":"publish","type":"product","link":"https:\/\/roveyayinevi.com.tr\/index.php\/urun\/kurk-mantolu-madonna-37\/","title":{"rendered":"K\u00fcrk Mantolu Madonna"},"content":{"rendered":"<p>Yirmili ya\u015flar\u0131ndayken, meslek inceliklerini \u00f6\u011frenmek \u00fczere Almanya\u2019ya g\u00f6nderilen Raif Efendi\u2019nin hik\u00e2yesi, gitti\u011fi bir resim sergisinde g\u00f6rd\u00fc\u011f\u00fc bir tabloyla ba\u015flar. G\u00f6rd\u00fc\u011f\u00fc tablodan g\u00f6zlerini alamayan Raif Efendi, bu tabloyu izlemeyi g\u00fcnl\u00fck rutin haline getirir. O anlarda ilgisini tek \u00e7eken Maria Puder, yani K\u00fcrk Mantolu Madonna olur. Hi\u00e7 beklemedi\u011fi anda kar\u015f\u0131s\u0131na \u00e7\u0131kan bu kad\u0131n, t\u00fcm hayat\u0131n\u0131 etkileyecektir. Almanya\u2019da ba\u015flayan hik\u00e2ye, ans\u0131z\u0131n bir telgrafla T\u00fcrkiye\u2019ye dek uzanacak ve Raif Efendi\u2019nin hayat\u0131nda unutamayaca\u011f\u0131 bir a\u015fk olarak yerini alacakt\u0131r. A\u015fk\u0131n g\u00fcc\u00fcn\u00fcn ve s\u0131n\u0131rs\u0131zl\u0131\u011f\u0131n\u0131n yan\u0131nda \u00f6l\u00fcms\u00fczl\u00fc\u011f\u00fcn\u00fc de en derinlere dek hissettirecektir. Sabahattin Ali\u2019nin \u00f6l\u00fcms\u00fcz eseri K\u00fcrk Mantolu Madonna, 1940 y\u0131l\u0131nda tefrikalar halinde yay\u0131mlanmaya ba\u015flanm\u0131\u015ft\u0131r. \u0130lk bas\u0131l\u0131\u015f\u0131 ise 1943 y\u0131l\u0131na tekab\u00fcl eder. 2016 y\u0131l\u0131nda, modern klasiklerden biri kabul edilen eser, ba\u015fta \u0130ngilizce, Almanca, Frans\u0131zca, Rus\u00e7a ve Arap\u00e7a olmak \u00fczere pek \u00e7ok dile \u00e7evrilmi\u015f, <\/p>\n","protected":false},"excerpt":{"rendered":"<p>Yirmili ya\u015flar\u0131ndayken, meslek inceliklerini \u00f6\u011frenmek \u00fczere Almanya\u2019ya g\u00f6nderilen Raif Efendi\u2019nin hik\u00e2yesi, gitti\u011fi bir resim sergisinde g\u00f6rd\u00fc\u011f\u00fc bir tabloyla ba\u015flar. G\u00f6rd\u00fc\u011f\u00fc tablodan g\u00f6zlerini alamayan Raif Efendi, bu<span class=\"excerpt-hellip\"> [\u2026]<\/span><\/p>\n","protected":false},"featured_media":0,"template":"","meta":{"_monsterinsights_skip_tracking":false,"_monsterinsights_sitenote_active":false,"_monsterinsights_sitenote_note":"","_monsterinsights_sitenote_category":0},"product_brand":[],"product_cat":[12291,12711],"product_tag":[],"class_list":{"0":"post-776666","1":"product","2":"type-product","3":"status-publish","5":"product_cat-edebiyat","6":"product_cat-roman-oyku","7":"pa_cilt-ciltsiz","8":"pa_tur-kitap","9":"pa_yayinevi-dokuz-yayinlari","10":"pa_yazar-sabahattin-ali","12":"first","13":"instock","14":"sale","15":"shipping-taxable","16":"purchasable","17":"product-type-simple"},"_links":{"self":[{"href":"https:\/\/roveyayinevi.com.tr\/index.php\/wp-json\/wp\/v2\/product\/776666","targetHints":{"allow":["GET"]}}],"collection":[{"href":"https:\/\/roveyayinevi.com.tr\/index.php\/wp-json\/wp\/v2\/product"}],"about":[{"href":"https:\/\/roveyayinevi.com.tr\/index.php\/wp-json\/wp\/v2\/types\/product"}],"wp:attachment":[{"href":"https:\/\/roveyayinevi.com.tr\/index.php\/wp-json\/wp\/v2\/media?parent=776666"}],"wp:term":[{"taxonomy":"product_brand","embeddable":true,"href":"https:\/\/roveyayinevi.com.tr\/index.php\/wp-json\/wp\/v2\/product_brand?post=776666"},{"taxonomy":"product_cat","embeddable":true,"href":"https:\/\/roveyayinevi.com.tr\/index.php\/wp-json\/wp\/v2\/product_cat?post=776666"},{"taxonomy":"product_tag","embeddable":true,"href":"https:\/\/roveyayinevi.com.tr\/index.php\/wp-json\/wp\/v2\/product_tag?post=776666"}],"curies":[{"name":"wp","href":"https:\/\/api.w.org\/{rel}","templated":true}]}}