{"id":776665,"date":"2025-10-01T04:46:30","date_gmt":"2025-10-01T01:46:30","guid":{"rendered":"https:\/\/roveyayinevi.com.tr\/index.php\/urun\/polimer-kimyasi-2\/"},"modified":"2026-04-16T02:23:18","modified_gmt":"2026-04-15T23:23:18","slug":"polimer-kimyasi-2","status":"publish","type":"product","link":"https:\/\/roveyayinevi.com.tr\/index.php\/urun\/polimer-kimyasi-2\/","title":{"rendered":"Polimer Kimyas\u0131"},"content":{"rendered":"<p>\u0130\u00e7indekiler   B\u00d6L\u00dcM 1 G\u0130R\u0130\u015e   B\u00d6L\u00dcM 2 POL\u0130MERLER\u0130N STEREOK\u0130MYASI, ISIL DAVRANI\u015eI VE KR\u0130STAL YAPISI   B\u00d6L\u00dcM 3 POL\u0130MERLER\u0130N MOL K\u00dcTLES\u0130   B\u00d6L\u00dcM 4 BASAMAKLI POL\u0130MER\u0130ZASYON   B\u00d6L\u00dcM 5 RAD\u0130KAL\u0130K KATILMA POL\u0130MER\u0130ZASYONU   B\u00d6L\u00dcM 6 \u0130YON\u0130K POL\u0130MER\u0130ZASYON   B\u00d6L\u00dcM 7 KOORD\u0130NASYON, HALKA A\u00c7ILMA, GRUP TRANSFER, OLEF\u0130N METATEZ, ATOM TRENSFER VE S\u0130KLOPOL\u0130MER\u0130ZASYON   B\u00d6L\u00dcM 8 KOPOL\u0130MER\u0130ZASYON   B\u00d6L\u00dcM 9 \u0130LETKEN POL\u0130MERLER   B\u00d6L\u00dcM 10 POL\u0130MERLER\u0130N \u00dcRET\u0130M\u0130NDE KULLANILAN G\u0130RD\u0130LER <\/p>\n","protected":false},"excerpt":{"rendered":"<p>\u0130\u00e7indekiler B\u00d6L\u00dcM 1 G\u0130R\u0130\u015e B\u00d6L\u00dcM 2 POL\u0130MERLER\u0130N STEREOK\u0130MYASI, ISIL DAVRANI\u015eI VE KR\u0130STAL YAPISI B\u00d6L\u00dcM 3 POL\u0130MERLER\u0130N MOL K\u00dcTLES\u0130 B\u00d6L\u00dcM 4 BASAMAKLI POL\u0130MER\u0130ZASYON B\u00d6L\u00dcM 5 RAD\u0130KAL\u0130K KATILMA<span class=\"excerpt-hellip\"> [\u2026]<\/span><\/p>\n","protected":false},"featured_media":0,"template":"","meta":{"_monsterinsights_skip_tracking":false,"_monsterinsights_sitenote_active":false,"_monsterinsights_sitenote_note":"","_monsterinsights_sitenote_category":0},"product_brand":[],"product_cat":[13005,37328],"product_tag":[],"class_list":{"0":"post-776665","1":"product","2":"type-product","3":"status-publish","5":"product_cat-bilim-muhendislik","6":"product_cat-diger-bilim-muhendislik","7":"pa_cilt-ciltsiz","8":"pa_tur-kitap","9":"pa_yayinevi-gazi-kitabevi","10":"pa_yazar-mehmet-sacak","12":"first","13":"instock","14":"sale","15":"shipping-taxable","16":"purchasable","17":"product-type-simple"},"_links":{"self":[{"href":"https:\/\/roveyayinevi.com.tr\/index.php\/wp-json\/wp\/v2\/product\/776665","targetHints":{"allow":["GET"]}}],"collection":[{"href":"https:\/\/roveyayinevi.com.tr\/index.php\/wp-json\/wp\/v2\/product"}],"about":[{"href":"https:\/\/roveyayinevi.com.tr\/index.php\/wp-json\/wp\/v2\/types\/product"}],"wp:attachment":[{"href":"https:\/\/roveyayinevi.com.tr\/index.php\/wp-json\/wp\/v2\/media?parent=776665"}],"wp:term":[{"taxonomy":"product_brand","embeddable":true,"href":"https:\/\/roveyayinevi.com.tr\/index.php\/wp-json\/wp\/v2\/product_brand?post=776665"},{"taxonomy":"product_cat","embeddable":true,"href":"https:\/\/roveyayinevi.com.tr\/index.php\/wp-json\/wp\/v2\/product_cat?post=776665"},{"taxonomy":"product_tag","embeddable":true,"href":"https:\/\/roveyayinevi.com.tr\/index.php\/wp-json\/wp\/v2\/product_tag?post=776665"}],"curies":[{"name":"wp","href":"https:\/\/api.w.org\/{rel}","templated":true}]}}