{"id":776664,"date":"2025-10-01T04:26:25","date_gmt":"2025-10-01T01:26:25","guid":{"rendered":"https:\/\/roveyayinevi.com.tr\/index.php\/urun\/dil-ve-anlattiklari\/"},"modified":"2026-04-16T02:20:37","modified_gmt":"2026-04-15T23:20:37","slug":"dil-ve-anlattiklari","status":"publish","type":"product","link":"https:\/\/roveyayinevi.com.tr\/index.php\/urun\/dil-ve-anlattiklari\/","title":{"rendered":"Dil ve Anlatt\u0131klar\u0131"},"content":{"rendered":"<p>Zihnimizin olup bitenlerle olan ili\u015fkisi dile yans\u0131maktad\u0131r. Bu nedenle dilsel kategoriler, zihinsel kategorilerin \u00fcr\u00fcn\u00fcd\u00fcr, onlar\u0131n k\u0131yafetidir. Herhangi bir anlat\u0131mda kullan\u0131lan s\u00f6zc\u00fckleri i\u015flevsel olarak (s\u0131fat, belirte\u00e7, ilge\u00e7) s\u0131n\u0131fland\u0131rabilece\u011fimiz gibi s\u00f6zc\u00fcklerin kar\u015f\u0131l\u0131k geldi\u011fi val\u0131klar\u0131 da t\u00fcrlerine g\u00f6re s\u0131n\u0131fland\u0131rabiliriz. Varl\u0131ktan, t\u00fcr\u00fc ne olursa olsun olan biten her t\u00fcrl\u00fc \u015fey kastedilmektedir. Varl\u0131\u011f\u0131n nesne, ili\u015fki, olgu, durum gibi t\u00fcrlerinden bahsetmemiz m\u00fcmk\u00fcnd\u00fcr. S\u00f6zc\u00fckleri biraraya getirip anlat\u0131mda bulunurken kar\u015f\u0131l\u0131k geldikleri varl\u0131klar\u0131n t\u00fcrlerini iyi bildi\u011fimizde daha sa\u011fl\u0131kl\u0131 ili\u015fkilendirmelere ula\u015fabiliriz. Anlat\u0131m, varl\u0131klar\u0131n zihinsel kategorilere g\u00f6re ili\u015fkilendirilmesidir. Bir varl\u0131k di\u011feriyle iyelik-aidiyet, yer, zaman, kar\u015f\u0131la\u015ft\u0131rma ve nedensellik-ni\u00e7insellik gibi a\u00e7\u0131lardan ili\u015fkilendirilebilir. <\/p>\n","protected":false},"excerpt":{"rendered":"<p>Zihnimizin olup bitenlerle olan ili\u015fkisi dile yans\u0131maktad\u0131r. Bu nedenle dilsel kategoriler, zihinsel kategorilerin \u00fcr\u00fcn\u00fcd\u00fcr, onlar\u0131n k\u0131yafetidir. Herhangi bir anlat\u0131mda kullan\u0131lan s\u00f6zc\u00fckleri i\u015flevsel olarak (s\u0131fat, belirte\u00e7, ilge\u00e7)<span class=\"excerpt-hellip\"> [\u2026]<\/span><\/p>\n","protected":false},"featured_media":0,"template":"","meta":{"_monsterinsights_skip_tracking":false,"_monsterinsights_sitenote_active":false,"_monsterinsights_sitenote_note":"","_monsterinsights_sitenote_category":0},"product_brand":[],"product_cat":[12573,12566],"product_tag":[],"class_list":{"0":"post-776664","1":"product","2":"type-product","3":"status-publish","5":"product_cat-akademik-kitaplar","6":"product_cat-egitim","7":"pa_cilt-ciltsiz","8":"pa_tur-kitap","9":"pa_yayinevi-soncag-akademik-kitaplar","10":"pa_yazar-mehmet-emin-goktepe","12":"first","13":"instock","14":"sale","15":"shipping-taxable","16":"purchasable","17":"product-type-simple"},"_links":{"self":[{"href":"https:\/\/roveyayinevi.com.tr\/index.php\/wp-json\/wp\/v2\/product\/776664","targetHints":{"allow":["GET"]}}],"collection":[{"href":"https:\/\/roveyayinevi.com.tr\/index.php\/wp-json\/wp\/v2\/product"}],"about":[{"href":"https:\/\/roveyayinevi.com.tr\/index.php\/wp-json\/wp\/v2\/types\/product"}],"wp:attachment":[{"href":"https:\/\/roveyayinevi.com.tr\/index.php\/wp-json\/wp\/v2\/media?parent=776664"}],"wp:term":[{"taxonomy":"product_brand","embeddable":true,"href":"https:\/\/roveyayinevi.com.tr\/index.php\/wp-json\/wp\/v2\/product_brand?post=776664"},{"taxonomy":"product_cat","embeddable":true,"href":"https:\/\/roveyayinevi.com.tr\/index.php\/wp-json\/wp\/v2\/product_cat?post=776664"},{"taxonomy":"product_tag","embeddable":true,"href":"https:\/\/roveyayinevi.com.tr\/index.php\/wp-json\/wp\/v2\/product_tag?post=776664"}],"curies":[{"name":"wp","href":"https:\/\/api.w.org\/{rel}","templated":true}]}}