{"id":776663,"date":"2025-10-01T04:23:42","date_gmt":"2025-10-01T01:23:42","guid":{"rendered":"https:\/\/roveyayinevi.com.tr\/index.php\/urun\/antikcagda-kitap\/"},"modified":"2025-11-10T04:31:48","modified_gmt":"2025-11-10T01:31:48","slug":"antikcagda-kitap","status":"publish","type":"product","link":"https:\/\/roveyayinevi.com.tr\/index.php\/urun\/antikcagda-kitap\/","title":{"rendered":"Antik\u00e7a\u011fda Kitap"},"content":{"rendered":"<p>\u201cYaz\u0131n\u0131n o b\u00fcy\u00fck cazibesine kap\u0131lan Attalos krallar\u0131 herkesin kullan\u0131m\u0131na a\u00e7\u0131k olan muhte\u015fem Pergamon k\u00fct\u00fcphanesini kurdular.\u201d \u2013Vitrivius Tarih insanlar\u0131n kitaplarla kurdu\u011fu derin ili\u015fkinin \u00f6rnekleriyle doludur:Herakleitos Do\u011fa \u00dcst\u00fcne adl\u0131 eserini Ephesos\u2019taki tap\u0131nakta Tanr\u0131\u00e7a Artemis\u2019e sunmu\u015ftu. B\u00fcy\u00fck \u0130skender\u2019in yast\u0131\u011f\u0131n\u0131n alt\u0131nda hep iki \u015fey dururdu: Bir han\u00e7er ve Homeros\u2019un \u0130lyada\u2019s\u0131.  Vergilius \u00f6lmek \u00fczereyken, yeterince olgunla\u015fmad\u0131\u011f\u0131n\u0131 d\u00fc\u015f\u00fcnd\u00fc\u011f\u00fc Aeneis\u2019i yakmaya kalkm\u0131\u015ft\u0131.  Horst Blanck muazzam bir ara\u015ft\u0131rman\u0131n \u00fcr\u00fcn\u00fc olan Antik\u00e7a\u011fda Kitap\u2019ta antik Yunan ve Roma\u2019daki okur yazarl\u0131\u011f\u0131, \u00e7e\u015fitli alfabeleri, kitaplar\u0131n nas\u0131l \u00fcretildi\u011fini, yaz\u0131n ve yay\u0131n d\u00fcnyas\u0131n\u0131, kitap da\u011f\u0131t\u0131m\u0131 ve kitap\u00e7\u0131l\u0131\u011f\u0131, papir\u00fcsten par\u015f\u00f6mene, rulo kitaptan kodekse nas\u0131l ge\u00e7ildi\u011fini, kitap koleksiyonlar\u0131n\u0131 ve k\u00fct\u00fcphaneleri, k\u00fct\u00fcphane mimarisini ve i\u015fleyi\u015fini \u00e7ok say\u0131da g\u00f6rsel malzemeyle birlikte anlat\u0131yor. <\/p>\n","protected":false},"excerpt":{"rendered":"<p>\u201cYaz\u0131n\u0131n o b\u00fcy\u00fck cazibesine kap\u0131lan Attalos krallar\u0131 herkesin kullan\u0131m\u0131na a\u00e7\u0131k olan muhte\u015fem Pergamon k\u00fct\u00fcphanesini kurdular.\u201d \u2013Vitrivius Tarih insanlar\u0131n kitaplarla kurdu\u011fu derin ili\u015fkinin \u00f6rnekleriyle doludur:Herakleitos Do\u011fa \u00dcst\u00fcne<span class=\"excerpt-hellip\"> [\u2026]<\/span><\/p>\n","protected":false},"featured_media":0,"template":"","meta":{"_monsterinsights_skip_tracking":false,"_monsterinsights_sitenote_active":false,"_monsterinsights_sitenote_note":"","_monsterinsights_sitenote_category":0},"product_brand":[],"product_cat":[12370,12304],"product_tag":[],"class_list":{"0":"post-776663","1":"product","2":"type-product","3":"status-publish","5":"product_cat-arastirma-inceleme","6":"product_cat-tarih","7":"pa_cilt-ciltsiz","8":"pa_tur-kitap","9":"pa_yayinevi-alfa-yayinlari","10":"pa_yazar-horst-blanck","12":"first","13":"instock","14":"sale","15":"shipping-taxable","16":"purchasable","17":"product-type-simple"},"_links":{"self":[{"href":"https:\/\/roveyayinevi.com.tr\/index.php\/wp-json\/wp\/v2\/product\/776663","targetHints":{"allow":["GET"]}}],"collection":[{"href":"https:\/\/roveyayinevi.com.tr\/index.php\/wp-json\/wp\/v2\/product"}],"about":[{"href":"https:\/\/roveyayinevi.com.tr\/index.php\/wp-json\/wp\/v2\/types\/product"}],"wp:attachment":[{"href":"https:\/\/roveyayinevi.com.tr\/index.php\/wp-json\/wp\/v2\/media?parent=776663"}],"wp:term":[{"taxonomy":"product_brand","embeddable":true,"href":"https:\/\/roveyayinevi.com.tr\/index.php\/wp-json\/wp\/v2\/product_brand?post=776663"},{"taxonomy":"product_cat","embeddable":true,"href":"https:\/\/roveyayinevi.com.tr\/index.php\/wp-json\/wp\/v2\/product_cat?post=776663"},{"taxonomy":"product_tag","embeddable":true,"href":"https:\/\/roveyayinevi.com.tr\/index.php\/wp-json\/wp\/v2\/product_tag?post=776663"}],"curies":[{"name":"wp","href":"https:\/\/api.w.org\/{rel}","templated":true}]}}