{"id":776661,"date":"2025-10-01T04:17:50","date_gmt":"2025-10-01T01:17:50","guid":{"rendered":"https:\/\/roveyayinevi.com.tr\/index.php\/urun\/tesla-icatlarim-ve-hayatim\/"},"modified":"2026-04-13T02:24:32","modified_gmt":"2026-04-12T23:24:32","slug":"tesla-icatlarim-ve-hayatim","status":"publish","type":"product","link":"https:\/\/roveyayinevi.com.tr\/index.php\/urun\/tesla-icatlarim-ve-hayatim\/","title":{"rendered":"Tesla (\u0130catlar\u0131m ve Hayat\u0131m)"},"content":{"rendered":"<p>Elektronik \u00e7a\u011f\u0131na \u00f6nc\u00fcl\u00fck eden \u00e7al\u0131\u015fmalar\u0131yla ve Thomas Edison\u2019la olan rekabetiyle tan\u0131nan Nikola Tesla, yirminci y\u00fczy\u0131l\u0131n en b\u00fcy\u00fck mucitlerinden biri olarak kabul edilir. Devrim niteli\u011findeki icatlar\u0131 ve ke\u015fifleriyle elektrik ve manyetizma gibi bilimsel alanlar\u0131 k\u00f6kten de\u011fi\u015ftirmi\u015ftir. \u00d6nemli \u00e7al\u0131\u015fmalar\u0131 aras\u0131nda kablosuz ileti\u015fim sistemi, radyo, Tesla bobini, transformat\u00f6r, d\u00f6nen manyetik alan, B\u00fcy\u00fck \u0130letici, alternatif ak\u0131ml\u0131 elektriksel sistem ve teleotomatlar bulunur.Tesla\u2019n\u0131n yapt\u0131\u011f\u0131 ara\u015ft\u0131rmalar geleneksel alg\u0131y\u0131 y\u0131kan, \u00e7arp\u0131c\u0131 nitelikte \u00e7al\u0131\u015fmalard\u0131 ve bu durum, \u00e7a\u011fda\u015flar\u0131 taraf\u0131ndan anla\u015f\u0131lamamas\u0131na, yapt\u0131\u011f\u0131 icatlar\u0131n ve getirdi\u011fi yeniliklerin de\u011ferinin o d\u00f6nem fark edilememesine yol a\u00e7t\u0131. 1919\u2019da Electrical Experimenter dergisinde alt\u0131 b\u00f6l\u00fcm olarak yay\u0131mlanan bu otobiyografi, Tesla\u2019n\u0131n i\u00e7 ya\u015fant\u0131s\u0131n\u0131 sundu\u011fu gibi, bir mucidin bedeninin ve zihninin nas\u0131l \u00e7al\u0131\u015ft\u0131\u011f\u0131n\u0131 g\u00f6sterip onun de\u011ferini anlamam\u0131z\u0131 sa\u011flayacak.  \u201cBir mucidin en b\u00fcy\u00fck amac\u0131, do\u011fan\u0131n g\u00fc\u00e7lerini insan\u0131n ihtiya\u00e7lar\u0131na g\u00f6re kontrol alt\u0131na almakt\u0131r.\u201dTesla<\/p>\n","protected":false},"excerpt":{"rendered":"<p>Elektronik \u00e7a\u011f\u0131na \u00f6nc\u00fcl\u00fck eden \u00e7al\u0131\u015fmalar\u0131yla ve Thomas Edison\u2019la olan rekabetiyle tan\u0131nan Nikola Tesla, yirminci y\u00fczy\u0131l\u0131n en b\u00fcy\u00fck mucitlerinden biri olarak kabul edilir. Devrim niteli\u011findeki icatlar\u0131 ve<span class=\"excerpt-hellip\"> [\u2026]<\/span><\/p>\n","protected":false},"featured_media":0,"template":"","meta":{"_monsterinsights_skip_tracking":false,"_monsterinsights_sitenote_active":false,"_monsterinsights_sitenote_note":"","_monsterinsights_sitenote_category":0},"product_brand":[],"product_cat":[13946,12304],"product_tag":[],"class_list":{"0":"post-776661","1":"product","2":"type-product","3":"status-publish","5":"product_cat-biyografi-otobiyografi","6":"product_cat-tarih","7":"pa_cilt-ciltsiz","8":"pa_tur-kitap","9":"pa_yayinevi-alfa-yayinlari","10":"pa_yazar-nikola-tesla","12":"first","13":"instock","14":"sale","15":"shipping-taxable","16":"purchasable","17":"product-type-simple"},"_links":{"self":[{"href":"https:\/\/roveyayinevi.com.tr\/index.php\/wp-json\/wp\/v2\/product\/776661","targetHints":{"allow":["GET"]}}],"collection":[{"href":"https:\/\/roveyayinevi.com.tr\/index.php\/wp-json\/wp\/v2\/product"}],"about":[{"href":"https:\/\/roveyayinevi.com.tr\/index.php\/wp-json\/wp\/v2\/types\/product"}],"wp:attachment":[{"href":"https:\/\/roveyayinevi.com.tr\/index.php\/wp-json\/wp\/v2\/media?parent=776661"}],"wp:term":[{"taxonomy":"product_brand","embeddable":true,"href":"https:\/\/roveyayinevi.com.tr\/index.php\/wp-json\/wp\/v2\/product_brand?post=776661"},{"taxonomy":"product_cat","embeddable":true,"href":"https:\/\/roveyayinevi.com.tr\/index.php\/wp-json\/wp\/v2\/product_cat?post=776661"},{"taxonomy":"product_tag","embeddable":true,"href":"https:\/\/roveyayinevi.com.tr\/index.php\/wp-json\/wp\/v2\/product_tag?post=776661"}],"curies":[{"name":"wp","href":"https:\/\/api.w.org\/{rel}","templated":true}]}}