{"id":776660,"date":"2025-10-01T04:12:32","date_gmt":"2025-10-01T01:12:32","guid":{"rendered":"https:\/\/roveyayinevi.com.tr\/index.php\/urun\/kurak-buyuk-sirlarla-dolu-kucuk-bir-kasabada-umutsuz-bir-arayis\/"},"modified":"2026-04-16T02:18:47","modified_gmt":"2026-04-15T23:18:47","slug":"kurak-buyuk-sirlarla-dolu-kucuk-bir-kasabada-umutsuz-bir-arayis","status":"publish","type":"product","link":"https:\/\/roveyayinevi.com.tr\/index.php\/urun\/kurak-buyuk-sirlarla-dolu-kucuk-bir-kasabada-umutsuz-bir-arayis\/","title":{"rendered":"Kurak &#8211; B\u00fcy\u00fck S\u0131rlarla Dolu K\u00fc\u00e7\u00fck Bir Kasabada Umutsuz Bir Aray\u0131\u015f"},"content":{"rendered":"<p>B\u00fcy\u00fck s\u0131rlarla dolu k\u00fc\u00e7\u00fck bir kasabada umutsuz bir aray\u0131\u015f.Amazon \u203a Ay\u0131n En \u0130yi Kitab\u0131, Ocak 2017Victorian Premier Edebiyat \u203a En \u0130yi Kitap \u00d6d\u00fcl\u00fcAvustralya Kitap End\u00fcstrisi \u203a En \u0130yi Kitap \u00d6d\u00fcl\u00fcIndie Kitap \u203a En \u0130yi \u00c7\u0131k\u0131\u015f Kitab\u0131 \u00d6d\u00fcl\u00fc \u203a Y\u0131l\u0131n Kitab\u0131 \u00d6d\u00fcl\u00fc Luke Hadler\u2019\u0131n namlusunun ucunda \u00f6nce kar\u0131s\u0131 ve \u00e7ocu\u011fu, ard\u0131ndan da kendisi var. Kiewarra\u2019n\u0131n tar\u0131m toplulu\u011fu her g\u00fcn \u00f6l\u00fcm kal\u0131m meseleleriyle kar\u015f\u0131 kar\u015f\u0131ya. \u0130\u00e7lerinden biri, olur da bu y\u00fck\u00fcn alt\u0131ndan kalkamazsa\u2026Onu yirmi y\u0131l \u00f6nce reddetmi\u015f insanlardan dolay\u0131 federal dedektif Aaron Falk cenaze t\u00f6renleri i\u00e7in Kiewarra\u2019ya d\u00f6nme konusunda isteksizdi. Ancak dedektiflik h\u00fcnerleri, Hadler davas\u0131yla ilgili ger\u00e7eklerden ve bu cinayet-intihar vakas\u0131ndan \u015f\u00fcphe duymas\u0131na neden olmu\u015ftu.Falk \u00f6l\u00fcmleri daha derinlemesine ara\u015ft\u0131rd\u0131k\u00e7a eski yaralar da a\u00e7\u0131lmaya ba\u015fl\u0131yor: Falk ve \u00e7ocukluk arkada\u015f\u0131 Luke\u2019un payla\u015ft\u0131\u011f\u0131, Falk\u2019un uzun zaman \u00f6nce unutuldu\u011funa inand\u0131\u011f\u0131, Luke\u2019un \u00f6l\u00fcm\u00fcyle ortaya \u00e7\u0131kmaya ba\u015flam\u0131\u015f olan bir s\u0131r\u2026 \u201cS\u0131ca\u011f\u0131 hissedecek ve topra\u011f\u0131 tadacaks\u0131n\u0131z. Kurak, g\u00fcne\u015fte kavrulmu\u015f bir kasaban\u0131n en s\u0131cak k\u00f6\u015fesine \u0131\u015f\u0131k tutan harikulade bir su\u00e7 roman\u0131.\u201d \u2013Michael Robotham\u201cOkudu\u011fum en iyi romanlardan biri. Avustralya\u2019n\u0131n yak\u0131c\u0131 s\u0131ca\u011f\u0131n\u0131 hissedebiliyordum. Her bir s\u00f6zc\u00fc\u011f\u00fc m\u00fckemmele yak\u0131n. Anlat\u0131, bildi\u011finizi sand\u0131\u011f\u0131n\u0131z her \u015feyi dev bir dalga misali y\u0131karcas\u0131na silip at\u0131yor. Bu roman\u0131 okuyun!\u201d \u2013David Baldacci \u201cNefes kesici bir roman. An\u0131nda kap\u0131lacaks\u0131n\u0131z. Her sayfa yeni bir s\u0131rr\u0131 a\u00e7\u0131\u011fa \u00e7\u0131karacak.\u201d-The New York Times- <\/p>\n","protected":false},"excerpt":{"rendered":"<p>B\u00fcy\u00fck s\u0131rlarla dolu k\u00fc\u00e7\u00fck bir kasabada umutsuz bir aray\u0131\u015f.Amazon \u203a Ay\u0131n En \u0130yi Kitab\u0131, Ocak 2017Victorian Premier Edebiyat \u203a En \u0130yi Kitap \u00d6d\u00fcl\u00fcAvustralya Kitap End\u00fcstrisi \u203a<span class=\"excerpt-hellip\"> [\u2026]<\/span><\/p>\n","protected":false},"featured_media":0,"template":"","meta":{"_monsterinsights_skip_tracking":false,"_monsterinsights_sitenote_active":false,"_monsterinsights_sitenote_note":"","_monsterinsights_sitenote_category":0},"product_brand":[],"product_cat":[12291,12711],"product_tag":[],"class_list":{"0":"post-776660","1":"product","2":"type-product","3":"status-publish","5":"product_cat-edebiyat","6":"product_cat-roman-oyku","7":"pa_cilt-ciltsiz","8":"pa_tur-kitap","9":"pa_yayinevi-ithaki-yayinlari","10":"pa_yazar-jane-harper","12":"first","13":"instock","14":"sale","15":"shipping-taxable","16":"purchasable","17":"product-type-simple"},"_links":{"self":[{"href":"https:\/\/roveyayinevi.com.tr\/index.php\/wp-json\/wp\/v2\/product\/776660","targetHints":{"allow":["GET"]}}],"collection":[{"href":"https:\/\/roveyayinevi.com.tr\/index.php\/wp-json\/wp\/v2\/product"}],"about":[{"href":"https:\/\/roveyayinevi.com.tr\/index.php\/wp-json\/wp\/v2\/types\/product"}],"wp:attachment":[{"href":"https:\/\/roveyayinevi.com.tr\/index.php\/wp-json\/wp\/v2\/media?parent=776660"}],"wp:term":[{"taxonomy":"product_brand","embeddable":true,"href":"https:\/\/roveyayinevi.com.tr\/index.php\/wp-json\/wp\/v2\/product_brand?post=776660"},{"taxonomy":"product_cat","embeddable":true,"href":"https:\/\/roveyayinevi.com.tr\/index.php\/wp-json\/wp\/v2\/product_cat?post=776660"},{"taxonomy":"product_tag","embeddable":true,"href":"https:\/\/roveyayinevi.com.tr\/index.php\/wp-json\/wp\/v2\/product_tag?post=776660"}],"curies":[{"name":"wp","href":"https:\/\/api.w.org\/{rel}","templated":true}]}}