{"id":776657,"date":"2025-10-01T03:19:57","date_gmt":"2025-10-01T00:19:57","guid":{"rendered":"https:\/\/roveyayinevi.com.tr\/index.php\/urun\/mehmet-fuad-koprulu-kulliyati-5-edebiyat-arastirmalari\/"},"modified":"2026-04-16T02:11:17","modified_gmt":"2026-04-15T23:11:17","slug":"mehmet-fuad-koprulu-kulliyati-5-edebiyat-arastirmalari","status":"publish","type":"product","link":"https:\/\/roveyayinevi.com.tr\/index.php\/urun\/mehmet-fuad-koprulu-kulliyati-5-edebiyat-arastirmalari\/","title":{"rendered":"Mehmet Fuad K\u00f6pr\u00fcl\u00fc K\u00fclliyat\u0131 5: Edebiyat Ara\u015ft\u0131rmalar\u0131"},"content":{"rendered":"<p>\u00dclkemizde edebiyat tarihi denildi\u011finde ilk akla gelen isimlerden biri hi\u00e7 \u015f\u00fcphesiz Fuad K\u00f6pr\u00fcl\u00fc olacakt\u0131r. Verimli hayat\u0131n\u0131n b\u00fcy\u00fck b\u00f6l\u00fcm\u00fcn\u00fc edebiyat ara\u015ft\u0131rmalar\u0131na ve tarih\u00e7ili\u011fine ay\u0131ran K\u00f6pr\u00fcl\u00fc bu alanda pek \u00e7ok makale yaz\u0131p \u00f6nemli eserler kaleme alm\u0131\u015ft\u0131r. Elinizdeki bu kitap da onun edebiyat tarihi alan\u0131ndaki \u00e7al\u0131\u015fmalar\u0131na bir t\u00fcr sayg\u0131 duru\u015fu niteli\u011findedir. 1958 y\u0131l\u0131 sonlar\u0131nda T\u00fcrk Tarih Kurumu, yazar\u0131m\u0131z\u0131n da\u011f\u0131n\u0131k ilm\u00ee makalelerini bir k\u00fclliyat halinde basmaya karar verir ve b\u00f6ylece elinizdeki de\u011ferli yap\u0131t ortaya \u00e7\u0131kar: Edebiyat Ara\u015ft\u0131rmalar\u0131. Toplam on bir makalenin yer ald\u0131\u011f\u0131 bu ciltteki yaz\u0131lar T\u00fcrk edebiyat\u0131 tarihini yazmak i\u00e7in uyulmas\u0131 gereken us\u00fblden meddahlara, mill\u00ee edebiyat ak\u0131m\u0131n\u0131n ilk m\u00fcjdecilerinden aruza, ozanlardan  saz \u015fairlerine, hatta T\u00fcrk edebiyat\u0131n\u0131n Ermeni edebiyat\u0131 \u00fczerindeki etkilerine kadar \u00e7ok geni\u015f bir alana yay\u0131lan \u00e7ok ba\u015far\u0131l\u0131 \u00e7al\u0131\u015fmalard\u0131r. \u0130lk bas\u0131ld\u0131\u011f\u0131 y\u0131ldan bu yana \u00f6nemini hi\u00e7 kaybetmeyen, aksine daha da ilgin\u00e7 bir hale gelen bu derleme, g\u00fcn\u00fcm\u00fczde T\u00fcrk edebiyat\u0131yla ilgilenen herkes i\u00e7in kesinlikle okunmas\u0131 gereken tam bir ba\u015fvuru kitab\u0131 konumuna ula\u015fm\u0131\u015ft\u0131r. <\/p>\n","protected":false},"excerpt":{"rendered":"<p>\u00dclkemizde edebiyat tarihi denildi\u011finde ilk akla gelen isimlerden biri hi\u00e7 \u015f\u00fcphesiz Fuad K\u00f6pr\u00fcl\u00fc olacakt\u0131r. Verimli hayat\u0131n\u0131n b\u00fcy\u00fck b\u00f6l\u00fcm\u00fcn\u00fc edebiyat ara\u015ft\u0131rmalar\u0131na ve tarih\u00e7ili\u011fine ay\u0131ran K\u00f6pr\u00fcl\u00fc bu alanda<span class=\"excerpt-hellip\"> [\u2026]<\/span><\/p>\n","protected":false},"featured_media":0,"template":"","meta":{"_monsterinsights_skip_tracking":false,"_monsterinsights_sitenote_active":false,"_monsterinsights_sitenote_note":"","_monsterinsights_sitenote_category":0},"product_brand":[],"product_cat":[12370,12304],"product_tag":[],"class_list":{"0":"post-776657","1":"product","2":"type-product","3":"status-publish","5":"product_cat-arastirma-inceleme","6":"product_cat-tarih","7":"pa_cilt-ciltsiz","8":"pa_tur-kitap","9":"pa_yayinevi-alfa-yayinlari","10":"pa_yazar-mehmed-fuad-koprulu","12":"first","13":"instock","14":"sale","15":"shipping-taxable","16":"purchasable","17":"product-type-simple"},"_links":{"self":[{"href":"https:\/\/roveyayinevi.com.tr\/index.php\/wp-json\/wp\/v2\/product\/776657","targetHints":{"allow":["GET"]}}],"collection":[{"href":"https:\/\/roveyayinevi.com.tr\/index.php\/wp-json\/wp\/v2\/product"}],"about":[{"href":"https:\/\/roveyayinevi.com.tr\/index.php\/wp-json\/wp\/v2\/types\/product"}],"wp:attachment":[{"href":"https:\/\/roveyayinevi.com.tr\/index.php\/wp-json\/wp\/v2\/media?parent=776657"}],"wp:term":[{"taxonomy":"product_brand","embeddable":true,"href":"https:\/\/roveyayinevi.com.tr\/index.php\/wp-json\/wp\/v2\/product_brand?post=776657"},{"taxonomy":"product_cat","embeddable":true,"href":"https:\/\/roveyayinevi.com.tr\/index.php\/wp-json\/wp\/v2\/product_cat?post=776657"},{"taxonomy":"product_tag","embeddable":true,"href":"https:\/\/roveyayinevi.com.tr\/index.php\/wp-json\/wp\/v2\/product_tag?post=776657"}],"curies":[{"name":"wp","href":"https:\/\/api.w.org\/{rel}","templated":true}]}}