{"id":776656,"date":"2025-10-01T02:59:31","date_gmt":"2025-09-30T23:59:31","guid":{"rendered":"https:\/\/roveyayinevi.com.tr\/index.php\/urun\/tersine-devrimler\/"},"modified":"2026-04-16T02:08:16","modified_gmt":"2026-04-15T23:08:16","slug":"tersine-devrimler","status":"publish","type":"product","link":"https:\/\/roveyayinevi.com.tr\/index.php\/urun\/tersine-devrimler\/","title":{"rendered":"Tersine Devrimler"},"content":{"rendered":"<p>Bir \u00e7\u0131kmaza girdik gibi g\u00f6r\u00fcn\u00fcyor. Bildi\u011fimiz kapitalizm g\u00f6r\u00fcn\u00fc\u015fe g\u00f6re da\u011f\u0131lmaya ba\u015flad\u0131. Ancak finans kurumlan t\u00f6kezleyip par\u00e7alan\u0131rken, hemen akla geliveren bir alternatif yok. \u00d6rg\u00fctl\u00fc direni\u015f da\u011f\u0131n\u0131k ve tutars\u0131z bir g\u00f6r\u00fcn\u00fcm sergiliyor&#8230; Bir iki nesil sonra kapitalizmin var olmayaca\u011f\u0131na inanmak yersiz olmaz, \u00e7\u00fcnk\u00fc sonlu bir gezegende sonsuz ve s\u00fcre\u011fen bir b\u00fcy\u00fcme makinesi i\u015fletmek m\u00fcmk\u00fcn de\u011fil. Ancak ilericilerin ve antikapitalistlerin bu olas\u0131l\u0131k kar\u015f\u0131s\u0131nda g\u00f6r\u00fcn\u00fcrdeki ilk refleksi, \u00e7o\u011fu zaman korkup varolana tutunmak. \u00c7\u00fcnk\u00fc daha da bask\u0131c\u0131 ve y\u0131k\u0131c\u0131 olmayacak bir alternatif tahayy\u00fcl edemiyorlar. <\/p>\n","protected":false},"excerpt":{"rendered":"<p>Bir \u00e7\u0131kmaza girdik gibi g\u00f6r\u00fcn\u00fcyor. Bildi\u011fimiz kapitalizm g\u00f6r\u00fcn\u00fc\u015fe g\u00f6re da\u011f\u0131lmaya ba\u015flad\u0131. Ancak finans kurumlan t\u00f6kezleyip par\u00e7alan\u0131rken, hemen akla geliveren bir alternatif yok. \u00d6rg\u00fctl\u00fc direni\u015f da\u011f\u0131n\u0131k ve<span class=\"excerpt-hellip\"> [\u2026]<\/span><\/p>\n","protected":false},"featured_media":0,"template":"","meta":{"_monsterinsights_skip_tracking":false,"_monsterinsights_sitenote_active":false,"_monsterinsights_sitenote_note":"","_monsterinsights_sitenote_category":0},"product_brand":[],"product_cat":[12351,12324],"product_tag":[],"class_list":{"0":"post-776656","1":"product","2":"type-product","3":"status-publish","5":"product_cat-siyaset-sosyolojisi","6":"product_cat-sosyoloji","7":"pa_tur-kitap","8":"pa_yayinevi-everest-yayinlari","9":"pa_yazar-david-graeber","11":"first","12":"instock","13":"sale","14":"shipping-taxable","15":"purchasable","16":"product-type-simple"},"_links":{"self":[{"href":"https:\/\/roveyayinevi.com.tr\/index.php\/wp-json\/wp\/v2\/product\/776656","targetHints":{"allow":["GET"]}}],"collection":[{"href":"https:\/\/roveyayinevi.com.tr\/index.php\/wp-json\/wp\/v2\/product"}],"about":[{"href":"https:\/\/roveyayinevi.com.tr\/index.php\/wp-json\/wp\/v2\/types\/product"}],"wp:attachment":[{"href":"https:\/\/roveyayinevi.com.tr\/index.php\/wp-json\/wp\/v2\/media?parent=776656"}],"wp:term":[{"taxonomy":"product_brand","embeddable":true,"href":"https:\/\/roveyayinevi.com.tr\/index.php\/wp-json\/wp\/v2\/product_brand?post=776656"},{"taxonomy":"product_cat","embeddable":true,"href":"https:\/\/roveyayinevi.com.tr\/index.php\/wp-json\/wp\/v2\/product_cat?post=776656"},{"taxonomy":"product_tag","embeddable":true,"href":"https:\/\/roveyayinevi.com.tr\/index.php\/wp-json\/wp\/v2\/product_tag?post=776656"}],"curies":[{"name":"wp","href":"https:\/\/api.w.org\/{rel}","templated":true}]}}