{"id":776655,"date":"2025-10-01T02:54:21","date_gmt":"2025-09-30T23:54:21","guid":{"rendered":"https:\/\/roveyayinevi.com.tr\/index.php\/urun\/suclar-ve-cezalar-hakkinda\/"},"modified":"2025-10-01T02:54:21","modified_gmt":"2025-09-30T23:54:21","slug":"suclar-ve-cezalar-hakkinda","status":"publish","type":"product","link":"https:\/\/roveyayinevi.com.tr\/index.php\/urun\/suclar-ve-cezalar-hakkinda\/","title":{"rendered":"Su\u00e7lar ve Cezalar Hakk\u0131nda"},"content":{"rendered":"<p>Su\u00e7lar ve Cezalar Hakk\u0131nda kitab\u0131yla ceza hukuku alan\u0131nda bir \u00e7\u0131\u011f\u0131r a\u00e7an Beccaria \u015f\u00f6yle diyor: &#8220;Bir cezan\u0131n, bir ya da birden \u00e7ok ki\u015fi taraf\u0131ndan bir yurtta\u015fa kar\u015f\u0131 uygulanan kaba bir g\u00fc\u00e7, \u015fiddet olmamas\u0131 ve say\u0131lmamas\u0131 i\u00e7in, her \u015feyden \u00f6nce kesinlikle herkese a\u00e7\u0131k, \u00e7abuk, ka\u00e7\u0131n\u0131lmaz, belli ko\u015fullarda olabilir yapt\u0131r\u0131mlar\u0131n en \u0131l\u0131ml\u0131s\u0131 ve en az\u0131, su\u00e7lar\u0131n a\u011f\u0131rl\u0131\u011f\u0131yla orant\u0131l\u0131 ve yasalar taraf\u0131ndan belirlenmi\u015f bulunmas\u0131 zorunludur.&#8221;T\u00fcrk hukuk\u00e7usu, Beccaria&#8217;n\u0131n Su\u00e7lar ve Cezalar Hakk\u0131nda adl\u0131 an\u0131t yap\u0131t\u0131n\u0131 her zaman kolayca ula\u015fabilece\u011fi bir yerde, hatta elinin alt\u0131nda bulundurmal\u0131d\u0131r. T\u0131pk\u0131 bir s\u00f6zl\u00fck gibi, bir ceza yasas\u0131 gibi&#8230; \u00c7\u00fcnk\u00fc bu yap\u0131t, ceza yasalar\u0131n\u0131n bir ilkeler s\u00f6zl\u00fc\u011f\u00fcd\u00fcr. Hem de vazge\u00e7ilmez bir s\u00f6zl\u00fc\u011f\u00fc&#8230; O a\u00e7\u0131dan, tarihin d\u0131\u015f\u0131na d\u00fc\u015fm\u00fc\u015f T\u00fcrk hukuk\u00e7usu onun i\u00e7ine girmeli, ger\u00e7ekleri oradan g\u00f6rmeli ve uzun uzun d\u00fc\u015f\u00fcnmelidir. Kim ki bunu yapar, ceza hukukuyla bulu\u015ftu\u011funu de\u011fil, onu yeniden ke\u015ffetti\u011fini g\u00f6r\u00fcr. <\/p>\n","protected":false},"excerpt":{"rendered":"<p>Su\u00e7lar ve Cezalar Hakk\u0131nda kitab\u0131yla ceza hukuku alan\u0131nda bir \u00e7\u0131\u011f\u0131r a\u00e7an Beccaria \u015f\u00f6yle diyor: &#8220;Bir cezan\u0131n, bir ya da birden \u00e7ok ki\u015fi taraf\u0131ndan bir yurtta\u015fa kar\u015f\u0131<span class=\"excerpt-hellip\"> [\u2026]<\/span><\/p>\n","protected":false},"featured_media":0,"template":"","meta":{"_monsterinsights_skip_tracking":false,"_monsterinsights_sitenote_active":false,"_monsterinsights_sitenote_note":"","_monsterinsights_sitenote_category":0},"product_brand":[],"product_cat":[15350,17602],"product_tag":[],"class_list":{"0":"post-776655","1":"product","2":"type-product","3":"status-publish","5":"product_cat-hukuk","6":"product_cat-hukuk-uzerine","7":"pa_cilt-ciltsiz","8":"pa_tur-kitap","9":"pa_yayinevi-imge-kitabevi-yayinlari","10":"pa_yazar-cesare-beccaria","12":"first","13":"instock","14":"sale","15":"shipping-taxable","16":"purchasable","17":"product-type-simple"},"_links":{"self":[{"href":"https:\/\/roveyayinevi.com.tr\/index.php\/wp-json\/wp\/v2\/product\/776655","targetHints":{"allow":["GET"]}}],"collection":[{"href":"https:\/\/roveyayinevi.com.tr\/index.php\/wp-json\/wp\/v2\/product"}],"about":[{"href":"https:\/\/roveyayinevi.com.tr\/index.php\/wp-json\/wp\/v2\/types\/product"}],"wp:attachment":[{"href":"https:\/\/roveyayinevi.com.tr\/index.php\/wp-json\/wp\/v2\/media?parent=776655"}],"wp:term":[{"taxonomy":"product_brand","embeddable":true,"href":"https:\/\/roveyayinevi.com.tr\/index.php\/wp-json\/wp\/v2\/product_brand?post=776655"},{"taxonomy":"product_cat","embeddable":true,"href":"https:\/\/roveyayinevi.com.tr\/index.php\/wp-json\/wp\/v2\/product_cat?post=776655"},{"taxonomy":"product_tag","embeddable":true,"href":"https:\/\/roveyayinevi.com.tr\/index.php\/wp-json\/wp\/v2\/product_tag?post=776655"}],"curies":[{"name":"wp","href":"https:\/\/api.w.org\/{rel}","templated":true}]}}