{"id":776651,"date":"2025-10-01T02:14:47","date_gmt":"2025-09-30T23:14:47","guid":{"rendered":"https:\/\/roveyayinevi.com.tr\/index.php\/urun\/demokratik-anayasa-gorusler-ve-oneriler\/"},"modified":"2026-04-16T02:00:50","modified_gmt":"2026-04-15T23:00:50","slug":"demokratik-anayasa-gorusler-ve-oneriler","status":"publish","type":"product","link":"https:\/\/roveyayinevi.com.tr\/index.php\/urun\/demokratik-anayasa-gorusler-ve-oneriler\/","title":{"rendered":"Demokratik Anayasa: G\u00f6r\u00fc\u015fler ve \u00d6neriler"},"content":{"rendered":"<p>12 Eyl\u00fcl 1980 darbesi sonras\u0131nda T\u00fcrkiye, tarihinin en otoriter, devlet\u00e7i, temel hak ve \u00f6zg\u00fcrl\u00fcklerin kar\u015f\u0131s\u0131nda konumlanm\u0131\u015f anayasas\u0131yla tan\u0131\u015fm\u0131\u015ft\u0131r. Bug\u00fcn bu anayasadan kurtulma yolunda yeni, demokratik bir anayasa yap\u0131m s\u00fcreci i\u00e7indeyiz. T\u00fcrkiye\u2019nin \u00f6nde gelen hukuk\u00e7ular\u0131n\u0131n ve iki siyaset bilimcinin uzmanl\u0131k konular\u0131ndaki makaleleriyle katk\u0131da bulunduklar\u0131 bu kitap anayasayla ilgili tart\u0131\u015fma s\u00fcrecine kat\u0131lma ihtiyac\u0131ndan do\u011fmu\u015ftur. Ancak mevcut anayasa taslaklar\u0131na bir yenisini eklemek de\u011fil, demokratik bir anayasan\u0131n temel sorunlar\u0131n\u0131 ele alarak derinlemesine bir analiz yapmak ve \u00f6neriler geli\u015ftirmek ama\u00e7lanm\u0131\u015ft\u0131r. <\/p>\n","protected":false},"excerpt":{"rendered":"<p>12 Eyl\u00fcl 1980 darbesi sonras\u0131nda T\u00fcrkiye, tarihinin en otoriter, devlet\u00e7i, temel hak ve \u00f6zg\u00fcrl\u00fcklerin kar\u015f\u0131s\u0131nda konumlanm\u0131\u015f anayasas\u0131yla tan\u0131\u015fm\u0131\u015ft\u0131r. Bug\u00fcn bu anayasadan kurtulma yolunda yeni, demokratik bir<span class=\"excerpt-hellip\"> [\u2026]<\/span><\/p>\n","protected":false},"featured_media":0,"template":"","meta":{"_monsterinsights_skip_tracking":false,"_monsterinsights_sitenote_active":false,"_monsterinsights_sitenote_note":"","_monsterinsights_sitenote_category":0},"product_brand":[],"product_cat":[12573,12566],"product_tag":[],"class_list":{"0":"post-776651","1":"product","2":"type-product","3":"status-publish","5":"product_cat-akademik-kitaplar","6":"product_cat-egitim","7":"pa_cilt-ciltsiz","8":"pa_tur-kitap","9":"pa_yayinevi-metis-yayinlari","10":"pa_yazar-aykut-celebi","11":"pa_yazar-ece-goztepe","13":"first","14":"instock","15":"sale","16":"shipping-taxable","17":"purchasable","18":"product-type-simple"},"_links":{"self":[{"href":"https:\/\/roveyayinevi.com.tr\/index.php\/wp-json\/wp\/v2\/product\/776651","targetHints":{"allow":["GET"]}}],"collection":[{"href":"https:\/\/roveyayinevi.com.tr\/index.php\/wp-json\/wp\/v2\/product"}],"about":[{"href":"https:\/\/roveyayinevi.com.tr\/index.php\/wp-json\/wp\/v2\/types\/product"}],"wp:attachment":[{"href":"https:\/\/roveyayinevi.com.tr\/index.php\/wp-json\/wp\/v2\/media?parent=776651"}],"wp:term":[{"taxonomy":"product_brand","embeddable":true,"href":"https:\/\/roveyayinevi.com.tr\/index.php\/wp-json\/wp\/v2\/product_brand?post=776651"},{"taxonomy":"product_cat","embeddable":true,"href":"https:\/\/roveyayinevi.com.tr\/index.php\/wp-json\/wp\/v2\/product_cat?post=776651"},{"taxonomy":"product_tag","embeddable":true,"href":"https:\/\/roveyayinevi.com.tr\/index.php\/wp-json\/wp\/v2\/product_tag?post=776651"}],"curies":[{"name":"wp","href":"https:\/\/api.w.org\/{rel}","templated":true}]}}