{"id":776650,"date":"2025-10-01T01:59:12","date_gmt":"2025-09-30T22:59:12","guid":{"rendered":"https:\/\/roveyayinevi.com.tr\/index.php\/urun\/sevdim-seni-matematik\/"},"modified":"2026-02-03T02:00:08","modified_gmt":"2026-02-02T23:00:08","slug":"sevdim-seni-matematik","status":"publish","type":"product","link":"https:\/\/roveyayinevi.com.tr\/index.php\/urun\/sevdim-seni-matematik\/","title":{"rendered":"Sevdim Seni Matematik"},"content":{"rendered":"<p>Matematikte ba\u015far\u0131l\u0131 olmay\u0131 istiyorum ve ba\u015far\u0131l\u0131 olmam\u0131n tek yolu benden ge\u00e7iyor. Bu kitap, vazge\u00e7memen gerekti\u011fini hat\u0131rlatmak, matematik ba\u015far\u0131s\u0131zl\u0131\u011f\u0131n\u0131n nedenlerini g\u00f6rmene yard\u0131mc\u0131 olmak ve onunla m\u00fccadele ederken sana k\u0131lavuzluk yapmak i\u00e7in yaz\u0131ld\u0131. Matematikte ba\u015far\u0131l\u0131 olmak i\u00e7in yap\u0131lmas\u0131 gerekenleri yapacak tek ki\u015fi Sensin! Matematik bir\u00e7ok \u00f6\u011frencinin sevmedi\u011fi dersler s\u0131ralamas\u0131nda zirveyi kimseye kapt\u0131rmamaktad\u0131r. Lise ve \u00fcniversiteye giri\u015f s\u0131navlar\u0131nda matematikte tek bir soru dahi cevaplayamayan binlerce \u00f6\u011frencinin oldu\u011fu ger\u00e7e\u011fi kar\u015f\u0131s\u0131nda bu ba\u015far\u0131s\u0131zl\u0131k k\u00fc\u00e7\u00fcmsenmemelidir. Anneler, babalar, \u00f6\u011frenciler ve hatta \u00f6\u011fretmenler bu ba\u015far\u0131s\u0131zl\u0131\u011f\u0131 \u00f6\u011frencinin matematik yetene\u011finin olmamas\u0131na dayand\u0131r\u0131r. Ancak yap\u0131lan ara\u015ft\u0131rmalara g\u00f6re her \u00e7ocukta matematik yetene\u011fi vard\u0131r. Matematikte ba\u015far\u0131s\u0131zl\u0131k matematik korkusu ve matemati\u011fi sevmeme duygusundan kaynaklan\u0131r. \ufffcTan\u0131t\u0131m Metni<\/p>\n","protected":false},"excerpt":{"rendered":"<p>Matematikte ba\u015far\u0131l\u0131 olmay\u0131 istiyorum ve ba\u015far\u0131l\u0131 olmam\u0131n tek yolu benden ge\u00e7iyor. Bu kitap, vazge\u00e7memen gerekti\u011fini hat\u0131rlatmak, matematik ba\u015far\u0131s\u0131zl\u0131\u011f\u0131n\u0131n nedenlerini g\u00f6rmene yard\u0131mc\u0131 olmak ve onunla m\u00fccadele ederken<span class=\"excerpt-hellip\"> [\u2026]<\/span><\/p>\n","protected":false},"featured_media":0,"template":"","meta":{"_monsterinsights_skip_tracking":false,"_monsterinsights_sitenote_active":false,"_monsterinsights_sitenote_note":"","_monsterinsights_sitenote_category":0},"product_brand":[],"product_cat":[12492,12274],"product_tag":[],"class_list":{"0":"post-776650","1":"product","2":"type-product","3":"status-publish","5":"product_cat-bilmece-bulmaca","6":"product_cat-cocuk-ve-genclik-kitaplari","7":"pa_cilt-ciltsiz","8":"pa_tur-kitap","9":"pa_yayinevi-alfa-yayinlari","10":"pa_yazar-ahmet-yildiz","12":"first","13":"instock","14":"sale","15":"shipping-taxable","16":"purchasable","17":"product-type-simple"},"_links":{"self":[{"href":"https:\/\/roveyayinevi.com.tr\/index.php\/wp-json\/wp\/v2\/product\/776650","targetHints":{"allow":["GET"]}}],"collection":[{"href":"https:\/\/roveyayinevi.com.tr\/index.php\/wp-json\/wp\/v2\/product"}],"about":[{"href":"https:\/\/roveyayinevi.com.tr\/index.php\/wp-json\/wp\/v2\/types\/product"}],"wp:attachment":[{"href":"https:\/\/roveyayinevi.com.tr\/index.php\/wp-json\/wp\/v2\/media?parent=776650"}],"wp:term":[{"taxonomy":"product_brand","embeddable":true,"href":"https:\/\/roveyayinevi.com.tr\/index.php\/wp-json\/wp\/v2\/product_brand?post=776650"},{"taxonomy":"product_cat","embeddable":true,"href":"https:\/\/roveyayinevi.com.tr\/index.php\/wp-json\/wp\/v2\/product_cat?post=776650"},{"taxonomy":"product_tag","embeddable":true,"href":"https:\/\/roveyayinevi.com.tr\/index.php\/wp-json\/wp\/v2\/product_tag?post=776650"}],"curies":[{"name":"wp","href":"https:\/\/api.w.org\/{rel}","templated":true}]}}