{"id":776648,"date":"2025-09-30T21:22:05","date_gmt":"2025-09-30T18:22:05","guid":{"rendered":"https:\/\/roveyayinevi.com.tr\/index.php\/urun\/ay-her-yerde-aynidir\/"},"modified":"2026-04-15T03:43:06","modified_gmt":"2026-04-15T00:43:06","slug":"ay-her-yerde-aynidir","status":"publish","type":"product","link":"https:\/\/roveyayinevi.com.tr\/index.php\/urun\/ay-her-yerde-aynidir\/","title":{"rendered":"Ay Her Yerde Ayn\u0131d\u0131r"},"content":{"rendered":"<p>Tatl\u0131 kutup ay\u0131s\u0131 Luna ile annesi yiyecek aramak i\u00e7in Kuzey Kutbu\u2019ndan ayr\u0131lmak zorunda kal\u0131rlar. Ge\u00e7tikleri karanl\u0131k ormanlarda her \u015fey biraz tuhaf ve korkutucudur. Sonra orman yava\u015f yava\u015f ayd\u0131nlanmaya ba\u015flar. Derken, Luna g\u00f6ky\u00fcz\u00fcnde \u00e7ok g\u00fczel bir \u015fey g\u00f6r\u00fcr; ona g\u00fcven veren ve evini hat\u0131rlatan bir \u015fey. Nerede olursan\u0131z olun, Ay her yerde ayn\u0131d\u0131r! <\/p>\n","protected":false},"excerpt":{"rendered":"<p>Tatl\u0131 kutup ay\u0131s\u0131 Luna ile annesi yiyecek aramak i\u00e7in Kuzey Kutbu\u2019ndan ayr\u0131lmak zorunda kal\u0131rlar. Ge\u00e7tikleri karanl\u0131k ormanlarda her \u015fey biraz tuhaf ve korkutucudur. Sonra orman yava\u015f<span class=\"excerpt-hellip\"> [\u2026]<\/span><\/p>\n","protected":false},"featured_media":0,"template":"","meta":{"_monsterinsights_skip_tracking":false,"_monsterinsights_sitenote_active":false,"_monsterinsights_sitenote_note":"","_monsterinsights_sitenote_category":0},"product_brand":[],"product_cat":[141304],"product_tag":[],"class_list":{"0":"post-776648","1":"product","2":"type-product","3":"status-publish","5":"product_cat-yeni-cikanlar","6":"pa_cilt-ciltsiz","7":"pa_tur-kitap","8":"pa_yayinevi-can-cocuk-yayinlari","9":"pa_yazar-sacha-heemels","11":"first","12":"instock","13":"sale","14":"shipping-taxable","15":"purchasable","16":"product-type-simple"},"_links":{"self":[{"href":"https:\/\/roveyayinevi.com.tr\/index.php\/wp-json\/wp\/v2\/product\/776648","targetHints":{"allow":["GET"]}}],"collection":[{"href":"https:\/\/roveyayinevi.com.tr\/index.php\/wp-json\/wp\/v2\/product"}],"about":[{"href":"https:\/\/roveyayinevi.com.tr\/index.php\/wp-json\/wp\/v2\/types\/product"}],"wp:attachment":[{"href":"https:\/\/roveyayinevi.com.tr\/index.php\/wp-json\/wp\/v2\/media?parent=776648"}],"wp:term":[{"taxonomy":"product_brand","embeddable":true,"href":"https:\/\/roveyayinevi.com.tr\/index.php\/wp-json\/wp\/v2\/product_brand?post=776648"},{"taxonomy":"product_cat","embeddable":true,"href":"https:\/\/roveyayinevi.com.tr\/index.php\/wp-json\/wp\/v2\/product_cat?post=776648"},{"taxonomy":"product_tag","embeddable":true,"href":"https:\/\/roveyayinevi.com.tr\/index.php\/wp-json\/wp\/v2\/product_tag?post=776648"}],"curies":[{"name":"wp","href":"https:\/\/api.w.org\/{rel}","templated":true}]}}