{"id":776645,"date":"2025-09-30T21:22:00","date_gmt":"2025-09-30T18:22:00","guid":{"rendered":"https:\/\/roveyayinevi.com.tr\/index.php\/urun\/caliskan-ayi-kostum-partisi-ciltli-hareketli-kitap\/"},"modified":"2026-04-15T03:43:04","modified_gmt":"2026-04-15T00:43:04","slug":"caliskan-ayi-kostum-partisi-ciltli-hareketli-kitap","status":"publish","type":"product","link":"https:\/\/roveyayinevi.com.tr\/index.php\/urun\/caliskan-ayi-kostum-partisi-ciltli-hareketli-kitap\/","title":{"rendered":"\u00c7al\u0131\u015fkan Ay\u0131 Kost\u00fcm Partisi (Ciltli Hareketli Kitap)"},"content":{"rendered":"<p>\u00c7al\u0131\u015fkan Ay\u0131 bug\u00fcn ne giysin?   \u015e\u00f6valye k\u0131yafetini mi, korsan kost\u00fcm\u00fcn\u00fc m\u00fc yoksa \u00e7ift\u00e7i tulumunu mu? Ya da belki bir par\u00e7a ondan bir par\u00e7a bundan! Sen nas\u0131l istersen!   BU e\u011flenceli kost\u00fcm giydirme kitab\u0131 reng\u00e2renk k\u0131yafetlerle dolu!<\/p>\n","protected":false},"excerpt":{"rendered":"<p>\u00c7al\u0131\u015fkan Ay\u0131 bug\u00fcn ne giysin? \u015e\u00f6valye k\u0131yafetini mi, korsan kost\u00fcm\u00fcn\u00fc m\u00fc yoksa \u00e7ift\u00e7i tulumunu mu? Ya da belki bir par\u00e7a ondan bir par\u00e7a bundan! Sen nas\u0131l<span class=\"excerpt-hellip\"> [\u2026]<\/span><\/p>\n","protected":false},"featured_media":0,"template":"","meta":{"_monsterinsights_skip_tracking":false,"_monsterinsights_sitenote_active":false,"_monsterinsights_sitenote_note":"","_monsterinsights_sitenote_category":0},"product_brand":[],"product_cat":[141304],"product_tag":[],"class_list":{"0":"post-776645","1":"product","2":"type-product","3":"status-publish","5":"product_cat-yeni-cikanlar","6":"pa_cilt-ciltli","7":"pa_tur-kitap","8":"pa_yayinevi-buyulu-fener-yayinlari","9":"pa_yazar-benji-davies","11":"first","12":"instock","13":"sale","14":"shipping-taxable","15":"purchasable","16":"product-type-simple"},"_links":{"self":[{"href":"https:\/\/roveyayinevi.com.tr\/index.php\/wp-json\/wp\/v2\/product\/776645","targetHints":{"allow":["GET"]}}],"collection":[{"href":"https:\/\/roveyayinevi.com.tr\/index.php\/wp-json\/wp\/v2\/product"}],"about":[{"href":"https:\/\/roveyayinevi.com.tr\/index.php\/wp-json\/wp\/v2\/types\/product"}],"wp:attachment":[{"href":"https:\/\/roveyayinevi.com.tr\/index.php\/wp-json\/wp\/v2\/media?parent=776645"}],"wp:term":[{"taxonomy":"product_brand","embeddable":true,"href":"https:\/\/roveyayinevi.com.tr\/index.php\/wp-json\/wp\/v2\/product_brand?post=776645"},{"taxonomy":"product_cat","embeddable":true,"href":"https:\/\/roveyayinevi.com.tr\/index.php\/wp-json\/wp\/v2\/product_cat?post=776645"},{"taxonomy":"product_tag","embeddable":true,"href":"https:\/\/roveyayinevi.com.tr\/index.php\/wp-json\/wp\/v2\/product_tag?post=776645"}],"curies":[{"name":"wp","href":"https:\/\/api.w.org\/{rel}","templated":true}]}}