{"id":776644,"date":"2025-09-30T21:21:58","date_gmt":"2025-09-30T18:21:58","guid":{"rendered":"https:\/\/roveyayinevi.com.tr\/index.php\/urun\/sihir-kitabi\/"},"modified":"2026-04-15T03:43:04","modified_gmt":"2026-04-15T00:43:04","slug":"sihir-kitabi","status":"publish","type":"product","link":"https:\/\/roveyayinevi.com.tr\/index.php\/urun\/sihir-kitabi\/","title":{"rendered":"Sihir Kitab\u0131"},"content":{"rendered":"<p>HAYALLER\u0130N\u0130ZE ULA\u015eMAK \u0130\u00c7\u0130N HAYATINIZA S\u0130HR\u0130 DAVET ED\u0130N   Hepimizin i\u00e7inde bir par\u00e7a sihir vard\u0131r; bu g\u00fcce eristi\u011fimizde, do\u011fayla ba\u011flant\u0131 kurabilir, f\u0131rsatlar\u0131 hayat\u0131m\u0131za davet edebilir ve ya\u015fam\u0131m\u0131zda ihtiya\u00e7 duydu\u011fumuz de\u011fi\u015fimleri ger\u00e7ekle\u015ftirebiliriz. \u0130ster yeni ba\u015flam\u0131\u015f ister yeteneklerinizi geli\u015ftirmek istiyor olun, Sihir Kitab\u0131 sizi i\u00e7inizdeki g\u00fcce ula\u015fmaya ve iksirlerle, t\u0131ls\u0131mlarla dolu bir d\u00fcnyaya davet ediyor. Kal\u0131c\u0131 ask\u0131 bulmak, \u015fifalanmak, bereketi yaratmak, ailenizi ve sevdiklerinizi korumak, kariyerinizde ilerlemek ve hak etti\u011finiz ya\u015fam\u0131 kurmak i\u00e7in\u2026   K\u0130TAPTA B\u0130RB\u0130R\u0130NDEN \u0130LG\u0130N\u00c7 VE KOLAY \u0130KS\u0130RLER, TILSIMLAR BULACAKSINIZ&#8230;   G\u00fcl Cazibe \u0130ksiri, A\u015fk\u0131 Geri Getirme, Zenginlik \u00c7ekme, Bolluk ve \u00d6zg\u00fcven T\u0131ls\u0131mlar\u0131, Yol A\u00e7ma, \u015eifa Enerjisini aktive etme y\u00f6ntemleri ve daha niceleri\u2026 Kitapta ayr\u0131ca sihrin do\u011fas\u0131na dair genel bir bak\u0131\u015f sunulmaktad\u0131r; temel terimler, cad\u0131l\u0131k ile Wicca aras\u0131ndaki farklar, en iyi uygulamalar ve yayg\u0131n yanl\u0131\u015f anlamalar kapsaml\u0131 bi\u00e7imde ele al\u0131nmaktad\u0131r. AMBROSIA HAWTHORN Yup\u2019ik \u015eamanizmi ve Porto Riko halk gelenekleri k\u00f6kenlerine sahip, Tarot okuyucusu, astrolog ve gezgin bir eklektik cad\u0131d\u0131r. Wild Goddess Magick adl\u0131 cad\u0131l\u0131k blogunun kurucusu ve Witchology Magazine dergisinin edit\u00f6r\u00fcd\u00fcr. Ambrosia\u2019n\u0131n amac\u0131, her t\u00fcrden sihirle ilgili yeni i\u00e7erikler \u00fcretmek ve bunlar\u0131 t\u00fcm cad\u0131larla payla\u015fmakt\u0131r.<\/p>\n","protected":false},"excerpt":{"rendered":"<p>HAYALLER\u0130N\u0130ZE ULA\u015eMAK \u0130\u00c7\u0130N HAYATINIZA S\u0130HR\u0130 DAVET ED\u0130N Hepimizin i\u00e7inde bir par\u00e7a sihir vard\u0131r; bu g\u00fcce eristi\u011fimizde, do\u011fayla ba\u011flant\u0131 kurabilir, f\u0131rsatlar\u0131 hayat\u0131m\u0131za davet edebilir ve ya\u015fam\u0131m\u0131zda ihtiya\u00e7<span class=\"excerpt-hellip\"> [\u2026]<\/span><\/p>\n","protected":false},"featured_media":0,"template":"","meta":{"_monsterinsights_skip_tracking":false,"_monsterinsights_sitenote_active":false,"_monsterinsights_sitenote_note":"","_monsterinsights_sitenote_category":0},"product_brand":[],"product_cat":[18082,15563],"product_tag":[],"class_list":{"0":"post-776644","1":"product","2":"type-product","3":"status-publish","5":"product_cat-astroloji-fal-ruya","6":"product_cat-hobi","7":"pa_cilt-ciltsiz","8":"pa_tur-kitap","9":"pa_yayinevi-butik-yayinlari","10":"pa_yazar-ambrosia-howthorn","12":"first","13":"instock","14":"sale","15":"shipping-taxable","16":"purchasable","17":"product-type-simple"},"_links":{"self":[{"href":"https:\/\/roveyayinevi.com.tr\/index.php\/wp-json\/wp\/v2\/product\/776644","targetHints":{"allow":["GET"]}}],"collection":[{"href":"https:\/\/roveyayinevi.com.tr\/index.php\/wp-json\/wp\/v2\/product"}],"about":[{"href":"https:\/\/roveyayinevi.com.tr\/index.php\/wp-json\/wp\/v2\/types\/product"}],"wp:attachment":[{"href":"https:\/\/roveyayinevi.com.tr\/index.php\/wp-json\/wp\/v2\/media?parent=776644"}],"wp:term":[{"taxonomy":"product_brand","embeddable":true,"href":"https:\/\/roveyayinevi.com.tr\/index.php\/wp-json\/wp\/v2\/product_brand?post=776644"},{"taxonomy":"product_cat","embeddable":true,"href":"https:\/\/roveyayinevi.com.tr\/index.php\/wp-json\/wp\/v2\/product_cat?post=776644"},{"taxonomy":"product_tag","embeddable":true,"href":"https:\/\/roveyayinevi.com.tr\/index.php\/wp-json\/wp\/v2\/product_tag?post=776644"}],"curies":[{"name":"wp","href":"https:\/\/api.w.org\/{rel}","templated":true}]}}