{"id":776638,"date":"2025-09-30T21:21:48","date_gmt":"2025-09-30T18:21:48","guid":{"rendered":"https:\/\/roveyayinevi.com.tr\/index.php\/urun\/bitkilerle-iyiles-kelebegin-hazinesi\/"},"modified":"2026-04-15T03:43:03","modified_gmt":"2026-04-15T00:43:03","slug":"bitkilerle-iyiles-kelebegin-hazinesi","status":"publish","type":"product","link":"https:\/\/roveyayinevi.com.tr\/index.php\/urun\/bitkilerle-iyiles-kelebegin-hazinesi\/","title":{"rendered":"Bitkilerle \u0130yile\u015f Kelebe\u011fin Hazinesi"},"content":{"rendered":"<p>T\u00fcrkiye\u2019nin r\u00fczg\u00e2rlar\u0131yla kanatlanan, Da\u011flar\u0131n serinli\u011fini, vadilerin kokusunu, Kanatlar\u0131na s\u0131\u011fd\u0131ran, Zarif, bilge ve gezgin kelebek\u2026   Kelebe\u011fin kanad\u0131na tak\u0131lmaya ve bir gezintiye \u00e7\u0131kmaya ne dersiniz? T\u00fcrkiye\u2019nin neresinde olursan\u0131z olun, balkon bah\u00e7elerinde, yol kenarlar\u0131nda, tarlalarda, ovalarda\u2026 Kelebe\u011fin Hazinesi ile \u015fifal\u0131 bitkilerimiz T\u00fcrkiye\u2019nin her yerinde.  Ke\u015ffedilmek i\u00e7in sizleri bekliyor! <\/p>\n","protected":false},"excerpt":{"rendered":"<p>T\u00fcrkiye\u2019nin r\u00fczg\u00e2rlar\u0131yla kanatlanan, Da\u011flar\u0131n serinli\u011fini, vadilerin kokusunu, Kanatlar\u0131na s\u0131\u011fd\u0131ran, Zarif, bilge ve gezgin kelebek\u2026 Kelebe\u011fin kanad\u0131na tak\u0131lmaya ve bir gezintiye \u00e7\u0131kmaya ne dersiniz? T\u00fcrkiye\u2019nin neresinde olursan\u0131z<span class=\"excerpt-hellip\"> [\u2026]<\/span><\/p>\n","protected":false},"featured_media":0,"template":"","meta":{"_monsterinsights_skip_tracking":false,"_monsterinsights_sitenote_active":false,"_monsterinsights_sitenote_note":"","_monsterinsights_sitenote_category":0},"product_brand":[],"product_cat":[13397,13365],"product_tag":[],"class_list":{"0":"post-776638","1":"product","2":"type-product","3":"status-publish","5":"product_cat-alternatif-tip-sifali-bitkiler","6":"product_cat-saglik","7":"pa_cilt-ciltsiz","8":"pa_tur-kitap","9":"pa_yayinevi-vakifbank-kultur-yayinlari","10":"pa_yazar-esma-yildiz","12":"first","13":"instock","14":"sale","15":"shipping-taxable","16":"purchasable","17":"product-type-simple"},"_links":{"self":[{"href":"https:\/\/roveyayinevi.com.tr\/index.php\/wp-json\/wp\/v2\/product\/776638","targetHints":{"allow":["GET"]}}],"collection":[{"href":"https:\/\/roveyayinevi.com.tr\/index.php\/wp-json\/wp\/v2\/product"}],"about":[{"href":"https:\/\/roveyayinevi.com.tr\/index.php\/wp-json\/wp\/v2\/types\/product"}],"wp:attachment":[{"href":"https:\/\/roveyayinevi.com.tr\/index.php\/wp-json\/wp\/v2\/media?parent=776638"}],"wp:term":[{"taxonomy":"product_brand","embeddable":true,"href":"https:\/\/roveyayinevi.com.tr\/index.php\/wp-json\/wp\/v2\/product_brand?post=776638"},{"taxonomy":"product_cat","embeddable":true,"href":"https:\/\/roveyayinevi.com.tr\/index.php\/wp-json\/wp\/v2\/product_cat?post=776638"},{"taxonomy":"product_tag","embeddable":true,"href":"https:\/\/roveyayinevi.com.tr\/index.php\/wp-json\/wp\/v2\/product_tag?post=776638"}],"curies":[{"name":"wp","href":"https:\/\/api.w.org\/{rel}","templated":true}]}}