{"id":776629,"date":"2025-09-30T21:21:28","date_gmt":"2025-09-30T18:21:28","guid":{"rendered":"https:\/\/roveyayinevi.com.tr\/index.php\/urun\/ibn-sinanin-sirri-kitap-seni-cagiriyor\/"},"modified":"2026-04-15T03:43:01","modified_gmt":"2026-04-15T00:43:01","slug":"ibn-sinanin-sirri-kitap-seni-cagiriyor","status":"publish","type":"product","link":"https:\/\/roveyayinevi.com.tr\/index.php\/urun\/ibn-sinanin-sirri-kitap-seni-cagiriyor\/","title":{"rendered":"\u0130bn Sina\u2019n\u0131n S\u0131rr\u0131: Kitap Seni \u00c7a\u011f\u0131r\u0131yor"},"content":{"rendered":"<p>14. y\u00fczy\u0131lda, Kara Veba Avrupa\u2019y\u0131 \u00f6l\u00fcm sessizli\u011fine bo\u011farken umut yaln\u0131zca bir efsanede gizlidir: \u0130bn S\u00een\u00e2\u2019n\u0131n kimsenin g\u00f6rmedi\u011fi, g\u00fcn y\u00fcz\u00fcne \u00e7\u0131kmam\u0131\u015f son kitab\u0131nda. Gen\u00e7 Ahmet, hocas\u0131 Davud-i Kayser\u00ee\u2019den ald\u0131\u011f\u0131 emanetiyle yola \u00e7\u0131kar. Elinde \u0130bn Arab\u00ee\u2019nin s\u0131rl\u0131 sat\u0131rlar\u0131, kalbinde insanl\u0131\u011f\u0131 kurtaracak tek ihtimalin umudu vard\u0131r. Yan\u0131nda Osmanl\u0131 gizli te\u015fkilat\u0131n\u0131n \u00fcyesi olan babas\u0131 Selman Bey ve keskin zek\u00e2s\u0131yla her ayr\u0131nt\u0131y\u0131 sorgulayan T\u0131marc\u0131 Emin vard\u0131r. Bu yolculukta sadakat, ak\u0131l ve cesaret bir aradad\u0131r. \u0130znik\u2019in medreselerinden, Konstantiniyye\u2019nin dehlizlerine ve Ayasofya\u2019n\u0131n gizli s\u0131rlar\u0131na; oradan Roma\u2019n\u0131n ta\u015f avlular\u0131na uzanan bu yolculukta, kar\u015f\u0131s\u0131na \u00e7\u0131kan yaln\u0131zca veba de\u011fildir: cad\u0131 avlar\u0131, kedilerin ate\u015fe at\u0131ld\u0131\u011f\u0131 meydanlar, kendine ac\u0131 \u00e7ektiren topluluklar, korkunun y\u00f6netti\u011fi kalabal\u0131klar ve g\u00f6lgelerde pusuda bekleyen hainler\u2026 Her \u015fifre, her durak, her dost ve d\u00fc\u015fman; hak ile bat\u0131l aras\u0131ndaki kadim m\u00fccadelenin bir par\u00e7as\u0131d\u0131r. Ve belki de insanl\u0131\u011f\u0131n kaderi, kay\u0131p bir kitab\u0131n sayfalar\u0131nda gizlidir. <\/p>\n","protected":false},"excerpt":{"rendered":"<p>14. y\u00fczy\u0131lda, Kara Veba Avrupa\u2019y\u0131 \u00f6l\u00fcm sessizli\u011fine bo\u011farken umut yaln\u0131zca bir efsanede gizlidir: \u0130bn S\u00een\u00e2\u2019n\u0131n kimsenin g\u00f6rmedi\u011fi, g\u00fcn y\u00fcz\u00fcne \u00e7\u0131kmam\u0131\u015f son kitab\u0131nda. Gen\u00e7 Ahmet, hocas\u0131 Davud-i<span class=\"excerpt-hellip\"> [\u2026]<\/span><\/p>\n","protected":false},"featured_media":0,"template":"","meta":{"_monsterinsights_skip_tracking":false,"_monsterinsights_sitenote_active":false,"_monsterinsights_sitenote_note":"","_monsterinsights_sitenote_category":0},"product_brand":[],"product_cat":[12291,12711],"product_tag":[],"class_list":{"0":"post-776629","1":"product","2":"type-product","3":"status-publish","5":"product_cat-edebiyat","6":"product_cat-roman-oyku","7":"pa_cilt-ciltsiz","8":"pa_tur-kitap","9":"pa_yayinevi-gulnar-yayinlari","10":"pa_yazar-bahaddin-huseyin-parlak","12":"first","13":"instock","14":"sale","15":"shipping-taxable","16":"purchasable","17":"product-type-simple"},"_links":{"self":[{"href":"https:\/\/roveyayinevi.com.tr\/index.php\/wp-json\/wp\/v2\/product\/776629","targetHints":{"allow":["GET"]}}],"collection":[{"href":"https:\/\/roveyayinevi.com.tr\/index.php\/wp-json\/wp\/v2\/product"}],"about":[{"href":"https:\/\/roveyayinevi.com.tr\/index.php\/wp-json\/wp\/v2\/types\/product"}],"wp:attachment":[{"href":"https:\/\/roveyayinevi.com.tr\/index.php\/wp-json\/wp\/v2\/media?parent=776629"}],"wp:term":[{"taxonomy":"product_brand","embeddable":true,"href":"https:\/\/roveyayinevi.com.tr\/index.php\/wp-json\/wp\/v2\/product_brand?post=776629"},{"taxonomy":"product_cat","embeddable":true,"href":"https:\/\/roveyayinevi.com.tr\/index.php\/wp-json\/wp\/v2\/product_cat?post=776629"},{"taxonomy":"product_tag","embeddable":true,"href":"https:\/\/roveyayinevi.com.tr\/index.php\/wp-json\/wp\/v2\/product_tag?post=776629"}],"curies":[{"name":"wp","href":"https:\/\/api.w.org\/{rel}","templated":true}]}}