{"id":776626,"date":"2025-09-30T21:21:00","date_gmt":"2025-09-30T18:21:00","guid":{"rendered":"https:\/\/roveyayinevi.com.tr\/index.php\/urun\/erken-modern-avrupa-tarihi-4\/"},"modified":"2026-04-15T03:42:37","modified_gmt":"2026-04-15T00:42:37","slug":"erken-modern-avrupa-tarihi-4","status":"publish","type":"product","link":"https:\/\/roveyayinevi.com.tr\/index.php\/urun\/erken-modern-avrupa-tarihi-4\/","title":{"rendered":"Erken Modern Avrupa Tarihi"},"content":{"rendered":"<p>Vak\u0131fBank K\u00fclt\u00fcr Yay\u0131nlar\u0131\u2019n\u0131n Erken Modern Avrupa Tarihi serisinin be\u015finci cildi, serinin \u00f6nceki kitaplar\u0131nda oldu\u011fu gibi katmanl\u0131 ve derinlikli bir tarih anlat\u0131s\u0131 ortaya koyuyor. Bu cildin odak noktas\u0131 Avrupa\u2019n\u0131n kendi co\u011frafyas\u0131n\u0131 a\u015farak d\u00fcnyayla kurdu\u011fu ili\u015fkiler ve bu ili\u015fkilerin tetikledi\u011fi k\u00fcresel d\u00f6n\u00fc\u015f\u00fcmler. 1350-1750 d\u00f6neminde Avrupal\u0131lar\u0131n co\u011frafi ke\u015fifleri ve denizcilikte elde edilen ilerlemeler, \u0130ber yar\u0131madas\u0131ndan \u00e7\u0131kan s\u00f6m\u00fcrgeci imparatorluklar ve Hollanda Do\u011fu Hindistan \u015eirketi (VOC) gibi imtiyazl\u0131 anonim \u015firketler modern k\u00fcresel ekonominin temellerini atm\u0131\u015ft\u0131. Bu s\u00fcre\u00e7te Amerika k\u0131tas\u0131ndan gelen g\u00fcm\u00fc\u015f ve t\u00fct\u00fcn, Asya\u2019dan gelen baharat ve \u00e7ay, d\u00fcnya ticaretini kal\u0131c\u0131 olarak de\u011fi\u015ftirmi\u015fti. Kitap, bu ekonomik devinim ve d\u00f6n\u00fc\u015f\u00fcm\u00fcn beraberinde, Hristiyan misyonerli\u011finin \u00f6zellikle de Cizvit misyonerleri gibi din\u00ee akt\u00f6rlerin de s\u00f6z konusu k\u00fcresel etkile\u015fimdeki rol\u00fcn\u00fc ve s\u00f6m\u00fcrge toplumlar\u0131n\u0131n k\u00fclt\u00fcrel ve sosyal yap\u0131lar\u0131n\u0131n nas\u0131l s\u00fcre\u00e7ler ya\u015fad\u0131\u011f\u0131n\u0131 g\u00fcncel ara\u015ft\u0131rmalara dayanarak sunuyor. Avrupa \u00d6tesinde Avrupa, okuyucuyu, Avrupa\u2019n\u0131n kendi s\u0131n\u0131rlar\u0131n\u0131n \u00f6tesine uzanan ticari, din\u00ee, asker\u00ee, diplomatik ve s\u00f6m\u00fcrgecilik seferlerinin sadece Avrupa toplum ve devletlerini de\u011fil, b\u00fct\u00fcn d\u00fcnyay\u0131 nas\u0131l k\u00f6kten de\u011fi\u015ftirdi\u011fini anlamaya davet ediyor. <\/p>\n","protected":false},"excerpt":{"rendered":"<p>Vak\u0131fBank K\u00fclt\u00fcr Yay\u0131nlar\u0131\u2019n\u0131n Erken Modern Avrupa Tarihi serisinin be\u015finci cildi, serinin \u00f6nceki kitaplar\u0131nda oldu\u011fu gibi katmanl\u0131 ve derinlikli bir tarih anlat\u0131s\u0131 ortaya koyuyor. Bu cildin odak<span class=\"excerpt-hellip\"> [\u2026]<\/span><\/p>\n","protected":false},"featured_media":0,"template":"","meta":{"_monsterinsights_skip_tracking":false,"_monsterinsights_sitenote_active":false,"_monsterinsights_sitenote_note":"","_monsterinsights_sitenote_category":0},"product_brand":[],"product_cat":[12304],"product_tag":[],"class_list":{"0":"post-776626","1":"product","2":"type-product","3":"status-publish","5":"product_cat-tarih","6":"pa_cilt-ciltsiz","7":"pa_tur-kitap","8":"pa_yayinevi-vakifbank-kultur-yayinlari","9":"pa_yazar-hamish-scott","11":"first","12":"instock","13":"sale","14":"shipping-taxable","15":"purchasable","16":"product-type-simple"},"_links":{"self":[{"href":"https:\/\/roveyayinevi.com.tr\/index.php\/wp-json\/wp\/v2\/product\/776626","targetHints":{"allow":["GET"]}}],"collection":[{"href":"https:\/\/roveyayinevi.com.tr\/index.php\/wp-json\/wp\/v2\/product"}],"about":[{"href":"https:\/\/roveyayinevi.com.tr\/index.php\/wp-json\/wp\/v2\/types\/product"}],"wp:attachment":[{"href":"https:\/\/roveyayinevi.com.tr\/index.php\/wp-json\/wp\/v2\/media?parent=776626"}],"wp:term":[{"taxonomy":"product_brand","embeddable":true,"href":"https:\/\/roveyayinevi.com.tr\/index.php\/wp-json\/wp\/v2\/product_brand?post=776626"},{"taxonomy":"product_cat","embeddable":true,"href":"https:\/\/roveyayinevi.com.tr\/index.php\/wp-json\/wp\/v2\/product_cat?post=776626"},{"taxonomy":"product_tag","embeddable":true,"href":"https:\/\/roveyayinevi.com.tr\/index.php\/wp-json\/wp\/v2\/product_tag?post=776626"}],"curies":[{"name":"wp","href":"https:\/\/api.w.org\/{rel}","templated":true}]}}