{"id":776624,"date":"2025-09-30T21:20:03","date_gmt":"2025-09-30T18:20:03","guid":{"rendered":"https:\/\/roveyayinevi.com.tr\/index.php\/urun\/ekmegi-kitaba-bandiran-kadin\/"},"modified":"2026-04-15T03:42:30","modified_gmt":"2026-04-15T00:42:30","slug":"ekmegi-kitaba-bandiran-kadin","status":"publish","type":"product","link":"https:\/\/roveyayinevi.com.tr\/index.php\/urun\/ekmegi-kitaba-bandiran-kadin\/","title":{"rendered":"Ekme\u011fi Kitaba Band\u0131ran Kad\u0131n"},"content":{"rendered":"<p>Ekme\u011fi Kitaba Band\u0131ran Kad\u0131n Baz\u0131 kelimeler doyurur insan\u0131. Baz\u0131 c\u00fcmleler yorgun ak\u015fam sofralar\u0131na konuk olur, ekme\u011fin yan\u0131na oturur. Bu denemeler, bir kad\u0131n\u0131n hem i\u00e7ini hem zihnini besleyen anlar\u0131n izini s\u00fcr\u00fcyor. Okuman\u0131n bir a\u00e7l\u0131\u011f\u0131 doyurdu\u011fu, susman\u0131n bir s\u00f6z\u00fc b\u00fcy\u00fctt\u00fc\u011f\u00fc yerdeyiz. Sayfalarda, mutfakta, sokakta, yaln\u0131zl\u0131kta, hayranl\u0131kta\u2026 Her bir yaz\u0131, sana ait bir suskunlu\u011fu seslendiriyor olabilir. \u00c7\u00fcnk\u00fc hepimiz, bazen ayn\u0131 lokman\u0131n i\u00e7inde ayn\u0131 anlam\u0131 arar\u0131z. Bu kitap, d\u00fc\u015f\u00fcnmenin g\u00fcndelik hayatta nas\u0131l bir diren\u00e7 bi\u00e7imi oldu\u011funu hat\u0131rlat\u0131yor. Yazar, s\u0131radan olan\u0131n i\u00e7indeki anlam\u0131 ar\u0131yor: bir \u00e7ay\u0131n buhar\u0131nda gizlenen d\u00fc\u015f\u00fcnceyi, bula\u015f\u0131k suyunda \u00e7\u00f6z\u00fclen sabr\u0131, sabah sessizli\u011finde do\u011fan c\u00fcmleleri\u2026 Kitap, bilgiyle kurulan ili\u015fkinin sadece akademik de\u011fil, ayn\u0131 zamanda duyusal ve varolu\u015fsal bir taraf\u0131 oldu\u011funu anlat\u0131yor. Okuyan herkes kendine ait bir par\u00e7a bulacak: belki bir soru, belki bir sitem, belki de y\u0131llar \u00f6nce unutulmu\u015f bir \u201cneden\u201d. Bu kitap \u00e7ok okumu\u015f bir kad\u0131n\u0131n de\u011fil, \u00e7ok d\u00fc\u015f\u00fcnm\u00fc\u015f bir kad\u0131n\u0131n yazd\u0131klar\u0131. \u00c7ocuk uykudayken, \u00e7ay demlenirken, yolda y\u00fcr\u00fcrken, bazen a\u011flarken, bazen hi\u00e7 kimseyle konu\u015fmazken yaz\u0131lm\u0131\u015f yaz\u0131lar var burada. Hayat dedi\u011fimiz \u015feyin asl\u0131nda k\u00fc\u00e7\u00fck anlardan, birikmi\u015f c\u00fcmlelerden ve yutulmu\u015f duygulardan olu\u015ftu\u011funu anlat\u0131yor. Yazar, kitaplar\u0131 sadece okumak i\u00e7in de\u011fil, ya\u015famak i\u00e7in eline al\u0131yor. Bu kitap bir kad\u0131n taraf\u0131ndan yaz\u0131ld\u0131, ama sadece kad\u0131nlara yaz\u0131lmad\u0131. Bir sofradan bir sayfaya, bir yudum \u00e7aydan bir paragraf\u0131n ortas\u0131na\u2026 G\u00fcnl\u00fck hayattan, sokaktan, mutfaktan, annelikten, \u00f6\u011frenmekten, merak edilen her \u015feyden kesitler ta\u015f\u0131yan bu denemeler; sorup sorgulayan, d\u00fc\u015f\u00fcnen bir kad\u0131n\u0131n i\u00e7 sesi gibi. Sade ama derin, ki\u015fisel ama evrensel\u2026 &#8220;Ekme\u011fi Kitaba Band\u0131ran Kad\u0131n&#8221;, sadece bilgiye de\u011fil; hat\u0131ralara, sorulara, sessizliklere de dokunmak isteyenler i\u00e7in\u2026 \u00c7\u00fcnk\u00fc bazen bir kitab\u0131n sayfas\u0131nda buldu\u011fumuz c\u00fcmle, bir lokma ekmek kadar doyurucudur. \u00c7\u00fcnk\u00fc bazen bir lokma ekmek, en \u00e7ok bir c\u00fcmleyle yutulur. Bu denemeler, koca koca fikirlerden de\u011fil, k\u00fc\u00e7\u00fck ama derin hislerden do\u011fdu. Birlikte b\u00fcy\u00fcmek isteyen herkes i\u00e7in\u2026 <\/p>\n","protected":false},"excerpt":{"rendered":"<p>Ekme\u011fi Kitaba Band\u0131ran Kad\u0131n Baz\u0131 kelimeler doyurur insan\u0131. Baz\u0131 c\u00fcmleler yorgun ak\u015fam sofralar\u0131na konuk olur, ekme\u011fin yan\u0131na oturur. Bu denemeler, bir kad\u0131n\u0131n hem i\u00e7ini hem zihnini<span class=\"excerpt-hellip\"> [\u2026]<\/span><\/p>\n","protected":false},"featured_media":0,"template":"","meta":{"_monsterinsights_skip_tracking":false,"_monsterinsights_sitenote_active":false,"_monsterinsights_sitenote_note":"","_monsterinsights_sitenote_category":0},"product_brand":[],"product_cat":[12777,12291],"product_tag":[],"class_list":{"0":"post-776624","1":"product","2":"type-product","3":"status-publish","5":"product_cat-deneme","6":"product_cat-edebiyat","7":"pa_cilt-ciltsiz","8":"pa_tur-kitap","9":"pa_yayinevi-gulnar-yayinlari","10":"pa_yazar-selma-dolgun","12":"first","13":"instock","14":"sale","15":"shipping-taxable","16":"purchasable","17":"product-type-simple"},"_links":{"self":[{"href":"https:\/\/roveyayinevi.com.tr\/index.php\/wp-json\/wp\/v2\/product\/776624","targetHints":{"allow":["GET"]}}],"collection":[{"href":"https:\/\/roveyayinevi.com.tr\/index.php\/wp-json\/wp\/v2\/product"}],"about":[{"href":"https:\/\/roveyayinevi.com.tr\/index.php\/wp-json\/wp\/v2\/types\/product"}],"wp:attachment":[{"href":"https:\/\/roveyayinevi.com.tr\/index.php\/wp-json\/wp\/v2\/media?parent=776624"}],"wp:term":[{"taxonomy":"product_brand","embeddable":true,"href":"https:\/\/roveyayinevi.com.tr\/index.php\/wp-json\/wp\/v2\/product_brand?post=776624"},{"taxonomy":"product_cat","embeddable":true,"href":"https:\/\/roveyayinevi.com.tr\/index.php\/wp-json\/wp\/v2\/product_cat?post=776624"},{"taxonomy":"product_tag","embeddable":true,"href":"https:\/\/roveyayinevi.com.tr\/index.php\/wp-json\/wp\/v2\/product_tag?post=776624"}],"curies":[{"name":"wp","href":"https:\/\/api.w.org\/{rel}","templated":true}]}}