{"id":776623,"date":"2025-09-30T21:19:57","date_gmt":"2025-09-30T18:19:57","guid":{"rendered":"https:\/\/roveyayinevi.com.tr\/index.php\/urun\/insani-ve-iktisadi-gelisim\/"},"modified":"2026-01-30T04:13:47","modified_gmt":"2026-01-30T01:13:47","slug":"insani-ve-iktisadi-gelisim","status":"publish","type":"product","link":"https:\/\/roveyayinevi.com.tr\/index.php\/urun\/insani-ve-iktisadi-gelisim\/","title":{"rendered":"\u0130nsani ve \u0130ktisadi Geli\u015fim"},"content":{"rendered":"<p>Dr. Z\u00fclali Kozan\u2019\u0131n bu eseri, insani ve iktisadi geli\u015fimin temel ta\u015flar\u0131n\u0131 derinlemesine inceliyor. \u015eahsiyet, h\u00fcrriyet, olumlu d\u00fc\u015f\u00fcnme, toplumculuk, iyi dinleme, medeniyet, k\u00fclt\u00fcr, payla\u015f\u0131m, sevgi ve sayg\u0131, haram ve helal kavramlar\u0131, hedef ve hayaller ile ileti\u015fimin, birey ve toplum hayat\u0131ndaki d\u00f6n\u00fc\u015ft\u00fcr\u00fcc\u00fc etkilerini \u00e7arp\u0131c\u0131 bir \u015fekilde ortaya koyuyor. T\u00fcrk-\u0130slam medeniyetinin de\u011ferlerinden beslenen kitap, huzur ve refah\u0131n yollar\u0131n\u0131, adalet, kanaatk\u00e2rl\u0131k ve \u00f6z g\u00fcvenle harmanlayarak okuyucuya sunuyor.Bu eser, bireyin kendisini ve toplumu y\u00fcceltmesi i\u00e7in rehber niteli\u011finde bir ba\u015fucu kitab\u0131. \u0130nsani ve iktisadi geli\u015fim yolunda kararl\u0131 ad\u0131mlar atmak isteyenler i\u00e7in ilham verici bir kaynak!<\/p>\n","protected":false},"excerpt":{"rendered":"<p>Dr. Z\u00fclali Kozan\u2019\u0131n bu eseri, insani ve iktisadi geli\u015fimin temel ta\u015flar\u0131n\u0131 derinlemesine inceliyor. \u015eahsiyet, h\u00fcrriyet, olumlu d\u00fc\u015f\u00fcnme, toplumculuk, iyi dinleme, medeniyet, k\u00fclt\u00fcr, payla\u015f\u0131m, sevgi ve sayg\u0131,<span class=\"excerpt-hellip\"> [\u2026]<\/span><\/p>\n","protected":false},"featured_media":0,"template":"","meta":{"_monsterinsights_skip_tracking":false,"_monsterinsights_sitenote_active":false,"_monsterinsights_sitenote_note":"","_monsterinsights_sitenote_category":0},"product_brand":[],"product_cat":[14787,13488],"product_tag":[],"class_list":{"0":"post-776623","1":"product","2":"type-product","3":"status-publish","5":"product_cat-diger-toplum-ve-insan","6":"product_cat-toplum-ve-insan","7":"pa_cilt-ciltsiz","8":"pa_tur-kitap","9":"pa_yayinevi-vova-yayinlari","10":"pa_yazar-zulali-kozan","12":"first","13":"instock","14":"sale","15":"shipping-taxable","16":"purchasable","17":"product-type-simple"},"_links":{"self":[{"href":"https:\/\/roveyayinevi.com.tr\/index.php\/wp-json\/wp\/v2\/product\/776623","targetHints":{"allow":["GET"]}}],"collection":[{"href":"https:\/\/roveyayinevi.com.tr\/index.php\/wp-json\/wp\/v2\/product"}],"about":[{"href":"https:\/\/roveyayinevi.com.tr\/index.php\/wp-json\/wp\/v2\/types\/product"}],"wp:attachment":[{"href":"https:\/\/roveyayinevi.com.tr\/index.php\/wp-json\/wp\/v2\/media?parent=776623"}],"wp:term":[{"taxonomy":"product_brand","embeddable":true,"href":"https:\/\/roveyayinevi.com.tr\/index.php\/wp-json\/wp\/v2\/product_brand?post=776623"},{"taxonomy":"product_cat","embeddable":true,"href":"https:\/\/roveyayinevi.com.tr\/index.php\/wp-json\/wp\/v2\/product_cat?post=776623"},{"taxonomy":"product_tag","embeddable":true,"href":"https:\/\/roveyayinevi.com.tr\/index.php\/wp-json\/wp\/v2\/product_tag?post=776623"}],"curies":[{"name":"wp","href":"https:\/\/api.w.org\/{rel}","templated":true}]}}