{"id":776622,"date":"2025-09-30T21:18:45","date_gmt":"2025-09-30T18:18:45","guid":{"rendered":"https:\/\/roveyayinevi.com.tr\/index.php\/urun\/kurumsal-surdurulebilirlik-raporlarinin-duzenlenmesi-ve-denetimi-tsrs-uyumlu\/"},"modified":"2025-11-12T12:03:06","modified_gmt":"2025-11-12T09:03:06","slug":"kurumsal-surdurulebilirlik-raporlarinin-duzenlenmesi-ve-denetimi-tsrs-uyumlu","status":"publish","type":"product","link":"https:\/\/roveyayinevi.com.tr\/index.php\/urun\/kurumsal-surdurulebilirlik-raporlarinin-duzenlenmesi-ve-denetimi-tsrs-uyumlu\/","title":{"rendered":"Kurumsal S\u00fcrd\u00fcr\u00fclebilirlik Raporlar\u0131n\u0131n D\u00fczenlenmesi ve Denetimi Tsrs Uyumlu"},"content":{"rendered":"<p>\u0130\u00e7indekiler :   KISIM I \u2013 KURUMSAL S\u00dcRD\u00dcR\u00dcLEB\u0130L\u0130RL\u0130K RAPORLAMASI  1.1. S\u00fcrd\u00fcr\u00fclebilirli\u011fe Giri\u015f: Tan\u0131m, Tarihsel Perspektif ve S\u00fcrd\u00fcr\u00fclebilirli\u011fin Boyutlar\u0131  1.2. S\u00fcrd\u00fcr\u00fclebilirli\u011fe \u0130li\u015fkin D\u00fczenlemeler ve T\u00fcrkiye\u2019deki Sekt\u00f6rlere Etkiler  1.3. S\u00fcrd\u00fcr\u00fclebilirlikle \u0130lgili Temel Kavramlar  1.4. Kurumsal S\u00fcrd\u00fcr\u00fclebilirlik Raporlamas\u0131nda Temel Kavram ve \u0130lkeler  1.5. Kurumsal S\u00fcrd\u00fcr\u00fclebilirlik Raporlamas\u0131na Y\u00f6nelik \u00c7er\u00e7eve ve Standartlar  1.6. T\u00fcrkiye Ye\u015fil Mutabakat Eylem Plan\u0131  1.7. T\u00fcrkiye S\u00fcrd\u00fcr\u00fclebilirlik Raporlama Standartlar\u0131  1.8. S\u00fcrd\u00fcr\u00fclebilirlik Performans\u0131n\u0131n \u00d6l\u00e7\u00fcm\u00fc ve Raporlanmas\u0131  1.9. Emisyon Kontrol\u00fc ve Y\u00f6netimi  1.10. \u00c7evre, Sosyal ve Y\u00f6neti\u015fim A\u00e7\u0131s\u0131ndan S\u00fcrd\u00fcr\u00fclebilirlik (ESG)  1.11. Kurumsal S\u00fcrd\u00fcr\u00fclebilirlik Raporlamas\u0131na \u0130li\u015fkin Format \u00d6nerisi &#8211; Vaka \u00c7al\u0131\u015fmas\u0131 \u2013 \u00d6rnek S\u00fcrd\u00fcr\u00fclebilirlik Raporlar\u0131  12. S\u00fcrd\u00fcr\u00fclebilirlik Raporlar\u0131nda Temel \u0130\u00e7eri\u011fe \u0130li\u015fkin Baz\u0131 \u015eirketlerde A\u00e7\u0131klanan Bilgilere \u00d6rnekler ve \u00c7imento Sekt\u00f6r\u00fc Uygulamas\u0131  1.13. G\u00fcvence Denetimi: Kavram, S\u00fcre\u00e7 ve Standartlar       KISIM II \u2013 F\u0130NANSAL RAPORLAMA VE KURUMSAL Y\u00d6NET\u0130M  2.1. Temel Finans ve Finansal Raporlama  2.2. \u0130klim Kaynakl\u0131 Risk ve F\u0131rsatlar\u0131n Finansal Tablolara Etkisi (\u00d6rnekler)  2.3. S\u00fcrd\u00fcr\u00fclebilir Finansman   KISIM III. SORULAR <\/p>\n","protected":false},"excerpt":{"rendered":"<p>\u0130\u00e7indekiler : KISIM I \u2013 KURUMSAL S\u00dcRD\u00dcR\u00dcLEB\u0130L\u0130RL\u0130K RAPORLAMASI 1.1. S\u00fcrd\u00fcr\u00fclebilirli\u011fe Giri\u015f: Tan\u0131m, Tarihsel Perspektif ve S\u00fcrd\u00fcr\u00fclebilirli\u011fin Boyutlar\u0131 1.2. S\u00fcrd\u00fcr\u00fclebilirli\u011fe \u0130li\u015fkin D\u00fczenlemeler ve T\u00fcrkiye\u2019deki Sekt\u00f6rlere Etkiler 1.3.<span class=\"excerpt-hellip\"> [\u2026]<\/span><\/p>\n","protected":false},"featured_media":0,"template":"","meta":{"_monsterinsights_skip_tracking":false,"_monsterinsights_sitenote_active":false,"_monsterinsights_sitenote_note":"","_monsterinsights_sitenote_category":0},"product_brand":[],"product_cat":[13043,17647],"product_tag":[],"class_list":{"0":"post-776622","1":"product","2":"type-product","3":"status-publish","5":"product_cat-ekonomi","6":"product_cat-is-dunyasi","7":"pa_cilt-ciltsiz","8":"pa_tur-kitap","9":"pa_yayinevi-gazi-kitabevi","10":"pa_yazar-kolektif","12":"first","13":"instock","14":"sale","15":"shipping-taxable","16":"purchasable","17":"product-type-simple"},"_links":{"self":[{"href":"https:\/\/roveyayinevi.com.tr\/index.php\/wp-json\/wp\/v2\/product\/776622","targetHints":{"allow":["GET"]}}],"collection":[{"href":"https:\/\/roveyayinevi.com.tr\/index.php\/wp-json\/wp\/v2\/product"}],"about":[{"href":"https:\/\/roveyayinevi.com.tr\/index.php\/wp-json\/wp\/v2\/types\/product"}],"wp:attachment":[{"href":"https:\/\/roveyayinevi.com.tr\/index.php\/wp-json\/wp\/v2\/media?parent=776622"}],"wp:term":[{"taxonomy":"product_brand","embeddable":true,"href":"https:\/\/roveyayinevi.com.tr\/index.php\/wp-json\/wp\/v2\/product_brand?post=776622"},{"taxonomy":"product_cat","embeddable":true,"href":"https:\/\/roveyayinevi.com.tr\/index.php\/wp-json\/wp\/v2\/product_cat?post=776622"},{"taxonomy":"product_tag","embeddable":true,"href":"https:\/\/roveyayinevi.com.tr\/index.php\/wp-json\/wp\/v2\/product_tag?post=776622"}],"curies":[{"name":"wp","href":"https:\/\/api.w.org\/{rel}","templated":true}]}}