{"id":776621,"date":"2025-09-30T21:17:59","date_gmt":"2025-09-30T18:17:59","guid":{"rendered":"https:\/\/roveyayinevi.com.tr\/index.php\/urun\/cevre-sorunlari-ekseninde-turkiyede-cevre-politikalarinin-gelisimi-ve-donusumu\/"},"modified":"2026-04-15T03:41:42","modified_gmt":"2026-04-15T00:41:42","slug":"cevre-sorunlari-ekseninde-turkiyede-cevre-politikalarinin-gelisimi-ve-donusumu","status":"publish","type":"product","link":"https:\/\/roveyayinevi.com.tr\/index.php\/urun\/cevre-sorunlari-ekseninde-turkiyede-cevre-politikalarinin-gelisimi-ve-donusumu\/","title":{"rendered":"\u00c7evre Sorunlar\u0131 Ekseninde T\u00fcrkiye\u2019de \u00c7evre Politikalar\u0131n\u0131n Geli\u015fimi ve D\u00f6n\u00fc\u015f\u00fcm\u00fc"},"content":{"rendered":"<p>\u0130\u00e7indekiler :            1. B\u00d6L\u00dcM        \u00c7EVRE SORUNLARI, TAR\u0130HSEL GEL\u0130\u015e\u0130M\u0130 VE TEMEL KAYNAKLARI          2. B\u00d6L\u00dcM        \u00c7EVRE POL\u0130T\u0130KALARI VE T\u00dcRK\u0130YE\u2019DE \u00c7EVRE POL\u0130T\u0130KALARININ GEL\u0130\u015e\u0130M\u0130 <\/p>\n","protected":false},"excerpt":{"rendered":"<p>\u0130\u00e7indekiler : 1. B\u00d6L\u00dcM \u00c7EVRE SORUNLARI, TAR\u0130HSEL GEL\u0130\u015e\u0130M\u0130 VE TEMEL KAYNAKLARI 2. B\u00d6L\u00dcM \u00c7EVRE POL\u0130T\u0130KALARI VE T\u00dcRK\u0130YE\u2019DE \u00c7EVRE POL\u0130T\u0130KALARININ GEL\u0130\u015e\u0130M\u0130<\/p>\n","protected":false},"featured_media":0,"template":"","meta":{"_monsterinsights_skip_tracking":false,"_monsterinsights_sitenote_active":false,"_monsterinsights_sitenote_note":"","_monsterinsights_sitenote_category":0},"product_brand":[],"product_cat":[13043,14144],"product_tag":[],"class_list":{"0":"post-776621","1":"product","2":"type-product","3":"status-publish","5":"product_cat-ekonomi","6":"product_cat-turkiye-ekonomisi","7":"pa_cilt-ciltsiz","8":"pa_tur-kitap","9":"pa_yayinevi-gazi-kitabevi","10":"pa_yazar-salih-ciftci-serkan-deniz-kosocaydan","12":"first","13":"instock","14":"sale","15":"shipping-taxable","16":"purchasable","17":"product-type-simple"},"_links":{"self":[{"href":"https:\/\/roveyayinevi.com.tr\/index.php\/wp-json\/wp\/v2\/product\/776621","targetHints":{"allow":["GET"]}}],"collection":[{"href":"https:\/\/roveyayinevi.com.tr\/index.php\/wp-json\/wp\/v2\/product"}],"about":[{"href":"https:\/\/roveyayinevi.com.tr\/index.php\/wp-json\/wp\/v2\/types\/product"}],"wp:attachment":[{"href":"https:\/\/roveyayinevi.com.tr\/index.php\/wp-json\/wp\/v2\/media?parent=776621"}],"wp:term":[{"taxonomy":"product_brand","embeddable":true,"href":"https:\/\/roveyayinevi.com.tr\/index.php\/wp-json\/wp\/v2\/product_brand?post=776621"},{"taxonomy":"product_cat","embeddable":true,"href":"https:\/\/roveyayinevi.com.tr\/index.php\/wp-json\/wp\/v2\/product_cat?post=776621"},{"taxonomy":"product_tag","embeddable":true,"href":"https:\/\/roveyayinevi.com.tr\/index.php\/wp-json\/wp\/v2\/product_tag?post=776621"}],"curies":[{"name":"wp","href":"https:\/\/api.w.org\/{rel}","templated":true}]}}