{"id":776620,"date":"2025-09-30T21:13:46","date_gmt":"2025-09-30T18:13:46","guid":{"rendered":"https:\/\/roveyayinevi.com.tr\/index.php\/urun\/hayati-sevme-hastaligi\/"},"modified":"2026-04-15T03:39:53","modified_gmt":"2026-04-15T00:39:53","slug":"hayati-sevme-hastaligi","status":"publish","type":"product","link":"https:\/\/roveyayinevi.com.tr\/index.php\/urun\/hayati-sevme-hastaligi\/","title":{"rendered":"Hayat\u0131 Sevme Hastal\u0131\u011f\u0131"},"content":{"rendered":"<p>2013 Yunus Nadi Roman \u00d6d\u00fcl\u00fc2012 Duygu Asena Roman \u00d6d\u00fcl\u00fc2013 Tepeyran Roman \u00d6d\u00fcl\u00fc\u201c\u0130nsan annesini kaybedince \u00f6l\u00fcml\u00fc oldu\u011funu anl\u0131yor. Bir de a\u015fk\u0131n bitme noktas\u0131nda.\u201d Hayat\u0131 Sevme Hastal\u0131\u011f\u0131. Bu hastal\u0131\u011fa yakalananlar iyi bilir; sevmek, kaybetme korkusuyla ku\u015fat\u0131lm\u0131\u015f bir sava\u015f alan\u0131d\u0131r ve bu sava\u015fta \u00f6lenler g\u00f6m\u00fclmezler \u2013 delili\u011fin i\u00e7inden her seferinde hayata yeniden uyan\u0131rlar. Ayda, annesini kaybettikten sonra ilk kez bir faninin \u00f6l\u00fcm kar\u015f\u0131s\u0131ndaki \u00e7aresizli\u011fiyle y\u00fczle\u015fir. Ondan geriye kalan yaln\u0131zca bir mavi kazakt\u0131r; m\u00fclkiyetin eziyetinden bir t\u00fcrl\u00fc kurtulamayan, sahibini arar gibi Ayda\u2019n\u0131n pe\u015finden gelen bir kazak. Ve terk edildikten sonra a\u015fk hummas\u0131na tutulur Ayda, bi\u00e7are h\u00e2ldeyken yan kom\u015fusu Ne\u015fe\u2019yle kar\u015f\u0131la\u015f\u0131r. Hayat\u0131n kontrol\u00fcn\u00fc b\u0131rakmayan, tarot kartlar\u0131yla gelecek arayan, g\u00fc\u00e7l\u00fc ama kalbi k\u0131r\u0131k bir kad\u0131n olan Ne\u015fe, onun ac\u0131s\u0131na omuz verir. \u00c7alkant\u0131l\u0131 bir dostluk ba\u015flar aralar\u0131nda; \u00e7at\u0131\u015f\u0131r, \u00e7arp\u0131\u015f\u0131r ve sonunda birbirine tutunurlar. Sibel K. T\u00fcrker\u2019in, yas\u0131n ve a\u015fk\u0131n birbirine kar\u0131\u015ft\u0131\u011f\u0131, kad\u0131n olman\u0131n a\u011f\u0131rl\u0131\u011f\u0131n\u0131 ta\u015f\u0131yanlar\u0131n kalbine dokunan bu \u00e7ok \u00f6d\u00fcll\u00fc roman\u0131, hayat\u0131 sevmeye \u00e7al\u0131\u015fan ama bir t\u00fcrl\u00fc beceremeyenler i\u00e7in\u2026 \u201cZihin yitebilir bir g\u00fcn ve insan denen camdan makine ufac\u0131k bir darbeyle parampar\u00e7a olabilir. Yumu\u015fac\u0131k ete bir b\u0131\u00e7ak saplanabilir, et cay\u0131r cay\u0131r yanabilir, kemikleriniz un ufak k\u0131r\u0131labilir, kalbim dedi\u011finiz kan pompas\u0131 bir g\u00fcn can\u0131 s\u0131k\u0131larak i\u015fini yapmaktan vazge\u00e7ebilir; ama ses kaybolmaz, de\u011fil mi? \u0130nsan denen makine, san\u0131ld\u0131\u011f\u0131n\u0131n aksine ne kadar da kusurlu, ne denli \u00f6lmeye yatk\u0131n, ne denli \u00e7aresiz geliyor size. Ama ses\u2026 Varl\u0131\u011f\u0131n hayaleti, hep olacak ve kalacak olan\u2026\u201d<\/p>\n","protected":false},"excerpt":{"rendered":"<p>2013 Yunus Nadi Roman \u00d6d\u00fcl\u00fc2012 Duygu Asena Roman \u00d6d\u00fcl\u00fc2013 Tepeyran Roman \u00d6d\u00fcl\u00fc\u201c\u0130nsan annesini kaybedince \u00f6l\u00fcml\u00fc oldu\u011funu anl\u0131yor. Bir de a\u015fk\u0131n bitme noktas\u0131nda.\u201d Hayat\u0131 Sevme Hastal\u0131\u011f\u0131. Bu<span class=\"excerpt-hellip\"> [\u2026]<\/span><\/p>\n","protected":false},"featured_media":0,"template":"","meta":{"_monsterinsights_skip_tracking":false,"_monsterinsights_sitenote_active":false,"_monsterinsights_sitenote_note":"","_monsterinsights_sitenote_category":0},"product_brand":[],"product_cat":[12291,12711],"product_tag":[],"class_list":{"0":"post-776620","1":"product","2":"type-product","3":"status-publish","5":"product_cat-edebiyat","6":"product_cat-roman-oyku","7":"pa_cilt-ciltsiz","8":"pa_tur-kitap","9":"pa_yayinevi-ithaki-yayinlari","10":"pa_yazar-sibel-k-turker","12":"first","13":"instock","14":"sale","15":"shipping-taxable","16":"purchasable","17":"product-type-simple"},"_links":{"self":[{"href":"https:\/\/roveyayinevi.com.tr\/index.php\/wp-json\/wp\/v2\/product\/776620","targetHints":{"allow":["GET"]}}],"collection":[{"href":"https:\/\/roveyayinevi.com.tr\/index.php\/wp-json\/wp\/v2\/product"}],"about":[{"href":"https:\/\/roveyayinevi.com.tr\/index.php\/wp-json\/wp\/v2\/types\/product"}],"wp:attachment":[{"href":"https:\/\/roveyayinevi.com.tr\/index.php\/wp-json\/wp\/v2\/media?parent=776620"}],"wp:term":[{"taxonomy":"product_brand","embeddable":true,"href":"https:\/\/roveyayinevi.com.tr\/index.php\/wp-json\/wp\/v2\/product_brand?post=776620"},{"taxonomy":"product_cat","embeddable":true,"href":"https:\/\/roveyayinevi.com.tr\/index.php\/wp-json\/wp\/v2\/product_cat?post=776620"},{"taxonomy":"product_tag","embeddable":true,"href":"https:\/\/roveyayinevi.com.tr\/index.php\/wp-json\/wp\/v2\/product_tag?post=776620"}],"curies":[{"name":"wp","href":"https:\/\/api.w.org\/{rel}","templated":true}]}}