{"id":776615,"date":"2025-09-30T20:45:02","date_gmt":"2025-09-30T17:45:02","guid":{"rendered":"https:\/\/roveyayinevi.com.tr\/index.php\/urun\/firuzan-2\/"},"modified":"2026-04-15T03:35:50","modified_gmt":"2026-04-15T00:35:50","slug":"firuzan-2","status":"publish","type":"product","link":"https:\/\/roveyayinevi.com.tr\/index.php\/urun\/firuzan-2\/","title":{"rendered":"Firuzan"},"content":{"rendered":"<p>\u201cSiz de \u00f6lm\u00fc\u015flerinizin ruhuna arada s\u0131rada bir iki dua yollay\u0131n ayol.\u201d Gencecik ya\u015f\u0131nda ya\u015famdan vazge\u00e7en Firuzan, arafta bekle\u015fen t\u00fcm ruhlar aras\u0131nda kendini anlatacak kad\u0131nlar\u0131 se\u00e7iyor, s\u00f6z\u00fc onlara veriyor. B\u00f6ylece b\u00fcy\u00fck b\u00fcy\u00fck ninesi Umay\u2019dan ba\u015flayarak kendi k\u0131z\u0131na kadar ya\u015fananlar\u0131 kapsayan, bu co\u011frafyaya yay\u0131lm\u0131\u015f bireysel ve toplumsal felaketlere dokunan bir anlat\u0131 \u00f6r\u00fcyor. Ku\u015faklar aras\u0131nda akt\u0131k\u00e7a de\u011fi\u015fen bak\u0131\u015f\u0131yla erkeklerin kalem oynatt\u0131\u011f\u0131 tarih hik\u00e2yesine ba\u015fkald\u0131ran bir k\u00fc\u00e7\u00fck destan Firuzan. Mizahi, renkli ve s\u00fcrprizli bir \u00fcslupla aktar\u0131lan hik\u00e2ye, \u00fc\u00e7 as\u0131 s\u00fcren d\u00f6rt ku\u015fakl\u0131k bir yolculu\u011fa davet ediyor.   \u00d6l\u00fcler K\u0131raathanesi ile Vedat T\u00fcrkali \u0130lk Roman \u00d6d\u00fcl\u00fc\u2019n\u00fc kazanan yazar Fatih Gezer, d\u00f6rd\u00fcnc\u00fc kitab\u0131na m\u00fczisyen kimli\u011fini de ekleyip sat\u0131r aralar\u0131n\u0131 Firuzan\u2019a \u00f6zel besteledi\u011fi ve seslendirdi\u011fi \u015fark\u0131larla destekliyor.   Kendine hayr\u0131 olmayan bir \u015fifac\u0131yd\u0131 Hac\u0131 Anne. Bilmem ne otlar\u0131n\u0131 harmanlay\u0131p bir deva bulamad\u0131 da, vakti zaman\u0131nda yaralar\u0131n\u0131 iyile\u015ftirmeye gayret ederken buldu\u011fu bir ilac\u0131 sundu ikimize: Unutmak. \u00d6rtt\u00fck \u00fcst\u00fcn\u00fc. Zamana teslim ettik derdimizi. <\/p>\n","protected":false},"excerpt":{"rendered":"<p>\u201cSiz de \u00f6lm\u00fc\u015flerinizin ruhuna arada s\u0131rada bir iki dua yollay\u0131n ayol.\u201d Gencecik ya\u015f\u0131nda ya\u015famdan vazge\u00e7en Firuzan, arafta bekle\u015fen t\u00fcm ruhlar aras\u0131nda kendini anlatacak kad\u0131nlar\u0131 se\u00e7iyor, s\u00f6z\u00fc<span class=\"excerpt-hellip\"> [\u2026]<\/span><\/p>\n","protected":false},"featured_media":0,"template":"","meta":{"_monsterinsights_skip_tracking":false,"_monsterinsights_sitenote_active":false,"_monsterinsights_sitenote_note":"","_monsterinsights_sitenote_category":0},"product_brand":[],"product_cat":[12291,12711],"product_tag":[],"class_list":{"0":"post-776615","1":"product","2":"type-product","3":"status-publish","5":"product_cat-edebiyat","6":"product_cat-roman-oyku","7":"pa_cilt-ciltsiz","8":"pa_tur-kitap","9":"pa_yayinevi-everest-yayinlari","10":"pa_yazar-fatih-gezer","12":"first","13":"instock","14":"sale","15":"shipping-taxable","16":"purchasable","17":"product-type-simple"},"_links":{"self":[{"href":"https:\/\/roveyayinevi.com.tr\/index.php\/wp-json\/wp\/v2\/product\/776615","targetHints":{"allow":["GET"]}}],"collection":[{"href":"https:\/\/roveyayinevi.com.tr\/index.php\/wp-json\/wp\/v2\/product"}],"about":[{"href":"https:\/\/roveyayinevi.com.tr\/index.php\/wp-json\/wp\/v2\/types\/product"}],"wp:attachment":[{"href":"https:\/\/roveyayinevi.com.tr\/index.php\/wp-json\/wp\/v2\/media?parent=776615"}],"wp:term":[{"taxonomy":"product_brand","embeddable":true,"href":"https:\/\/roveyayinevi.com.tr\/index.php\/wp-json\/wp\/v2\/product_brand?post=776615"},{"taxonomy":"product_cat","embeddable":true,"href":"https:\/\/roveyayinevi.com.tr\/index.php\/wp-json\/wp\/v2\/product_cat?post=776615"},{"taxonomy":"product_tag","embeddable":true,"href":"https:\/\/roveyayinevi.com.tr\/index.php\/wp-json\/wp\/v2\/product_tag?post=776615"}],"curies":[{"name":"wp","href":"https:\/\/api.w.org\/{rel}","templated":true}]}}