{"id":776614,"date":"2025-09-30T19:50:00","date_gmt":"2025-09-30T16:50:00","guid":{"rendered":"https:\/\/roveyayinevi.com.tr\/index.php\/urun\/dunya-sahnesinde-uluslararasi-iliskiler\/"},"modified":"2025-11-06T10:26:13","modified_gmt":"2025-11-06T07:26:13","slug":"dunya-sahnesinde-uluslararasi-iliskiler","status":"publish","type":"product","link":"https:\/\/roveyayinevi.com.tr\/index.php\/urun\/dunya-sahnesinde-uluslararasi-iliskiler\/","title":{"rendered":"D\u00fcnya Sahnesinde Uluslararas\u0131 \u0130li\u015fkiler"},"content":{"rendered":"<p>Bu kitapta amac\u0131m\u0131z uluslararas\u0131 ili\u015fkilerin \u00e7ok katmanl\u0131 yap\u0131s\u0131n\u0131, disiplinin temel kavramlar\u0131ndan g\u00fcn\u00fcm\u00fcz\u00fcn en acil global zorluklar\u0131na kadar geni\u015f bir perspektiften ele alarak, okuyuculara disiplinin derinliklerine yolculuk yapma f\u0131rsat\u0131 sunmakt\u0131r. Umar\u0131z ki bu eser, uluslararas\u0131 ili\u015fkiler alan\u0131nda \u00e7al\u0131\u015fan \u00f6\u011frencilere, akademisyenlere, politika yap\u0131c\u0131lara ve genel okuyuculara de\u011ferli bilgiler sunar ve bu dinamik disiplini daha da yak\u0131ndan tan\u0131malar\u0131n\u0131 sa\u011flar. <\/p>\n","protected":false},"excerpt":{"rendered":"<p>Bu kitapta amac\u0131m\u0131z uluslararas\u0131 ili\u015fkilerin \u00e7ok katmanl\u0131 yap\u0131s\u0131n\u0131, disiplinin temel kavramlar\u0131ndan g\u00fcn\u00fcm\u00fcz\u00fcn en acil global zorluklar\u0131na kadar geni\u015f bir perspektiften ele alarak, okuyuculara disiplinin derinliklerine yolculuk<span class=\"excerpt-hellip\"> [\u2026]<\/span><\/p>\n","protected":false},"featured_media":0,"template":"","meta":{"_monsterinsights_skip_tracking":false,"_monsterinsights_sitenote_active":false,"_monsterinsights_sitenote_note":"","_monsterinsights_sitenote_category":0},"product_brand":[],"product_cat":[12337,17225],"product_tag":[],"class_list":{"0":"post-776614","1":"product","2":"type-product","3":"status-publish","5":"product_cat-politika-siyaset","6":"product_cat-uluslararasi-iliskiler","7":"pa_cilt-ciltsiz","8":"pa_tur-kitap","9":"pa_yayinevi-vova-yayinlari","10":"pa_yazar-yener-ozen-hulya-bulut-ozen","12":"first","13":"instock","14":"sale","15":"shipping-taxable","16":"purchasable","17":"product-type-simple"},"_links":{"self":[{"href":"https:\/\/roveyayinevi.com.tr\/index.php\/wp-json\/wp\/v2\/product\/776614","targetHints":{"allow":["GET"]}}],"collection":[{"href":"https:\/\/roveyayinevi.com.tr\/index.php\/wp-json\/wp\/v2\/product"}],"about":[{"href":"https:\/\/roveyayinevi.com.tr\/index.php\/wp-json\/wp\/v2\/types\/product"}],"wp:attachment":[{"href":"https:\/\/roveyayinevi.com.tr\/index.php\/wp-json\/wp\/v2\/media?parent=776614"}],"wp:term":[{"taxonomy":"product_brand","embeddable":true,"href":"https:\/\/roveyayinevi.com.tr\/index.php\/wp-json\/wp\/v2\/product_brand?post=776614"},{"taxonomy":"product_cat","embeddable":true,"href":"https:\/\/roveyayinevi.com.tr\/index.php\/wp-json\/wp\/v2\/product_cat?post=776614"},{"taxonomy":"product_tag","embeddable":true,"href":"https:\/\/roveyayinevi.com.tr\/index.php\/wp-json\/wp\/v2\/product_tag?post=776614"}],"curies":[{"name":"wp","href":"https:\/\/api.w.org\/{rel}","templated":true}]}}