{"id":776613,"date":"2025-09-30T19:33:11","date_gmt":"2025-09-30T16:33:11","guid":{"rendered":"https:\/\/roveyayinevi.com.tr\/index.php\/urun\/sosyal-psikolojide-siyasal-iletisim\/"},"modified":"2026-04-16T03:11:54","modified_gmt":"2026-04-16T00:11:54","slug":"sosyal-psikolojide-siyasal-iletisim","status":"publish","type":"product","link":"https:\/\/roveyayinevi.com.tr\/index.php\/urun\/sosyal-psikolojide-siyasal-iletisim\/","title":{"rendered":"Sosyal Psikolojide Siyasal \u0130leti\u015fim"},"content":{"rendered":"<p>Siyasal ileti\u015fim, g\u00fcn\u00fcm\u00fcz karma\u015f\u0131k toplumsal dinamiklerinde belirleyici bir rol oynayan ve politik akt\u00f6rlerin, h\u00fck\u00fcmetlerin, medyan\u0131n ve di\u011fer ileti\u015fim ara\u00e7lar\u0131n\u0131n karma\u015f\u0131k bir a\u011f i\u00e7indeki etkile\u015fimini ifade eden temel bir kavramd\u0131r. Bu kitap,  siyasal ileti\u015fimin bireylerin d\u00fc\u015f\u00fcnce, duygu ve davran\u0131\u015flar\u0131 \u00fczerindeki derin etkilerini sosyal psikoloji ve siyaset bilimi perspektifinden incelemeyi ama\u00e7lamaktad\u0131r. Bu noktada, siyasal ileti\u015fimin i\u00e7sel ve d\u0131\u015fsal fakt\u00f6rlerle nas\u0131l etkile\u015fimde bulundu\u011funu anlamak, siyasetin toplumsal dokuya olan etkilerini de\u015fifre etmek a\u00e7\u0131s\u0131ndan hayati bir \u00f6neme sahiptir. Kitab\u0131n temel amac\u0131, siyasal ileti\u015fimin bireylerin siyasi kat\u0131l\u0131m, tutumlar, tercihler ve davran\u0131\u015flar \u00fczerindeki karma\u015f\u0131k etkilerini sosyal psikoloji disiplini ile analiz etmektir. Siyasal ileti\u015fimin sadece bilgi ak\u0131\u015f\u0131 sa\u011flamaktan \u00f6te, bireylerin grup kimli\u011fi, sosyal normlar ve siyasi tutumlar\u0131 \u00fczerinde nas\u0131l bir etkiye sahip oldu\u011funu anlamak, gelecekteki politik s\u00fcre\u00e7lere daha bilin\u00e7li bir \u015fekilde m\u00fcdahale edebilmek ad\u0131na \u00f6nemlidir. Ara\u015ft\u0131rman\u0131n temel sorusu \u015fu \u015fekildedir: Siyasal ileti\u015fim, insanlar\u0131n siyasi kat\u0131l\u0131m, tutumlar, tercihler ve davran\u0131\u015flar\u0131 \u00fczerinde nas\u0131l bir etkiye sahiptir? <\/p>\n","protected":false},"excerpt":{"rendered":"<p>Siyasal ileti\u015fim, g\u00fcn\u00fcm\u00fcz karma\u015f\u0131k toplumsal dinamiklerinde belirleyici bir rol oynayan ve politik akt\u00f6rlerin, h\u00fck\u00fcmetlerin, medyan\u0131n ve di\u011fer ileti\u015fim ara\u00e7lar\u0131n\u0131n karma\u015f\u0131k bir a\u011f i\u00e7indeki etkile\u015fimini ifade eden<span class=\"excerpt-hellip\"> [\u2026]<\/span><\/p>\n","protected":false},"featured_media":0,"template":"","meta":{"_monsterinsights_skip_tracking":false,"_monsterinsights_sitenote_active":false,"_monsterinsights_sitenote_note":"","_monsterinsights_sitenote_category":0},"product_brand":[],"product_cat":[12351,12324],"product_tag":[],"class_list":{"0":"post-776613","1":"product","2":"type-product","3":"status-publish","5":"product_cat-siyaset-sosyolojisi","6":"product_cat-sosyoloji","7":"pa_cilt-ciltsiz","8":"pa_tur-kitap","9":"pa_yayinevi-zet-akademi-yayinlari","10":"pa_yazar-ufuk-yilmaz","12":"first","13":"instock","14":"sale","15":"shipping-taxable","16":"purchasable","17":"product-type-simple"},"_links":{"self":[{"href":"https:\/\/roveyayinevi.com.tr\/index.php\/wp-json\/wp\/v2\/product\/776613","targetHints":{"allow":["GET"]}}],"collection":[{"href":"https:\/\/roveyayinevi.com.tr\/index.php\/wp-json\/wp\/v2\/product"}],"about":[{"href":"https:\/\/roveyayinevi.com.tr\/index.php\/wp-json\/wp\/v2\/types\/product"}],"wp:attachment":[{"href":"https:\/\/roveyayinevi.com.tr\/index.php\/wp-json\/wp\/v2\/media?parent=776613"}],"wp:term":[{"taxonomy":"product_brand","embeddable":true,"href":"https:\/\/roveyayinevi.com.tr\/index.php\/wp-json\/wp\/v2\/product_brand?post=776613"},{"taxonomy":"product_cat","embeddable":true,"href":"https:\/\/roveyayinevi.com.tr\/index.php\/wp-json\/wp\/v2\/product_cat?post=776613"},{"taxonomy":"product_tag","embeddable":true,"href":"https:\/\/roveyayinevi.com.tr\/index.php\/wp-json\/wp\/v2\/product_tag?post=776613"}],"curies":[{"name":"wp","href":"https:\/\/api.w.org\/{rel}","templated":true}]}}