{"id":776607,"date":"2025-09-30T18:56:25","date_gmt":"2025-09-30T15:56:25","guid":{"rendered":"https:\/\/roveyayinevi.com.tr\/index.php\/urun\/freddynin-pizza-dukkaninda-bes-gece-fazbearin-korkunc-tipleri-4-yaklas-bakalim\/"},"modified":"2025-09-30T18:56:25","modified_gmt":"2025-09-30T15:56:25","slug":"freddynin-pizza-dukkaninda-bes-gece-fazbearin-korkunc-tipleri-4-yaklas-bakalim","status":"publish","type":"product","link":"https:\/\/roveyayinevi.com.tr\/index.php\/urun\/freddynin-pizza-dukkaninda-bes-gece-fazbearin-korkunc-tipleri-4-yaklas-bakalim\/","title":{"rendered":"Freddy&#8217;nin Pizza D\u00fckkan\u0131&#8217;nda Be\u015f Gece Fazbear&#8217;\u0131n Korkun\u00e7 Tipleri 4 &#8211; Yakla\u015f Bakal\u0131m"},"content":{"rendered":"<p>Freddy\u2019nin Pizza Du\u0308kk\u00e2n\u0131\u2019nda Be\u015f Gece\u2019nin hayranlar\u0131, en cesur FNAF oyuncular\u0131n\u0131n bile geceleri uykular\u0131n\u0131 ka\u00e7\u0131racak u\u0308\u00e7 \u00f6yku\u0308den olu\u015fan bu nefes kesici koleksiyonu ka\u00e7\u0131rmak istemeyecekler&#8230;                            Yaln\u0131zl\u0131k insanda bu\u0308yu\u0308k bo\u015fluklar a\u00e7abilir. Pete, anne babas\u0131n\u0131n bo\u015fanmas\u0131n\u0131n ard\u0131ndan ku\u0308\u00e7u\u0308k karde\u015fine patlayarak korkun\u00e7 bir lanetin kurban\u0131 olmu\u015ftur. Kasey, s\u0131ra d\u0131\u015f\u0131 bir g\u00f6zlu\u0308k \u00e7ald\u0131ktan sonra sokaklarda hayatta kalma mu\u0308cadelesi vermektedir. Samantha ve k\u0131z karde\u015fi Susie, korkun\u00e7 bir trajedinin ard\u0131ndan ba\u011f kurmak i\u00e7in \u00e7aresizce yan yana var olmaya \u00e7al\u0131\u015fmaktad\u0131r. Ancak Freddy\u2019nin Pizza Du\u0308kk\u00e2n\u0131\u2019nda Be\u015f Gece\u2019nin ac\u0131mas\u0131z du\u0308nyas\u0131nda ba\u015f\u0131bo\u015f duygular genellikle a\u00e7 canavarlar\u0131 \u00e7eker. Freddy\u2019nin Pizza Du\u0308kk\u00e2n\u0131\u2019nda Be\u015f Gece\u2019nin yarat\u0131c\u0131s\u0131 Scott Cawthon, bu d\u00f6rdu\u0308ncu\u0308 ciltte u\u0308\u00e7 u\u011fursuz hik\u00e2yeye yer veriyor. Hem de hayranlar\u0131n en sevdi\u011fi sanat\u00e7\u0131 LadyFiszi\u2019nin kapak resmiyle! Okurlar\u0131n dikkatine: Korkun\u00e7 \u00f6yku\u0308lerden olu\u015fan bu koleksiyon, en s\u0131k\u0131 Freddy\u2019nin Pizza Du\u0308kk\u00e2n\u0131\u2019nda Be\u015f Gece hayranlar\u0131n\u0131 bile tedirgin etmeye yetecek. <\/p>\n","protected":false},"excerpt":{"rendered":"<p>Freddy\u2019nin Pizza Du\u0308kk\u00e2n\u0131\u2019nda Be\u015f Gece\u2019nin hayranlar\u0131, en cesur FNAF oyuncular\u0131n\u0131n bile geceleri uykular\u0131n\u0131 ka\u00e7\u0131racak u\u0308\u00e7 \u00f6yku\u0308den olu\u015fan bu nefes kesici koleksiyonu ka\u00e7\u0131rmak istemeyecekler&#8230; Yaln\u0131zl\u0131k insanda bu\u0308yu\u0308k<span class=\"excerpt-hellip\"> [\u2026]<\/span><\/p>\n","protected":false},"featured_media":0,"template":"","meta":{"_monsterinsights_skip_tracking":false,"_monsterinsights_sitenote_active":false,"_monsterinsights_sitenote_note":"","_monsterinsights_sitenote_category":0},"product_brand":[],"product_cat":[12291,17033],"product_tag":[],"class_list":{"0":"post-776607","1":"product","2":"type-product","3":"status-publish","5":"product_cat-edebiyat","6":"product_cat-korku-gerilim","7":"pa_cilt-ciltsiz","8":"pa_tur-kitap","9":"pa_yayinevi-olimpos-yayinlari","10":"pa_yazar-kolektif","12":"first","13":"instock","14":"sale","15":"shipping-taxable","16":"purchasable","17":"product-type-simple"},"_links":{"self":[{"href":"https:\/\/roveyayinevi.com.tr\/index.php\/wp-json\/wp\/v2\/product\/776607","targetHints":{"allow":["GET"]}}],"collection":[{"href":"https:\/\/roveyayinevi.com.tr\/index.php\/wp-json\/wp\/v2\/product"}],"about":[{"href":"https:\/\/roveyayinevi.com.tr\/index.php\/wp-json\/wp\/v2\/types\/product"}],"wp:attachment":[{"href":"https:\/\/roveyayinevi.com.tr\/index.php\/wp-json\/wp\/v2\/media?parent=776607"}],"wp:term":[{"taxonomy":"product_brand","embeddable":true,"href":"https:\/\/roveyayinevi.com.tr\/index.php\/wp-json\/wp\/v2\/product_brand?post=776607"},{"taxonomy":"product_cat","embeddable":true,"href":"https:\/\/roveyayinevi.com.tr\/index.php\/wp-json\/wp\/v2\/product_cat?post=776607"},{"taxonomy":"product_tag","embeddable":true,"href":"https:\/\/roveyayinevi.com.tr\/index.php\/wp-json\/wp\/v2\/product_tag?post=776607"}],"curies":[{"name":"wp","href":"https:\/\/api.w.org\/{rel}","templated":true}]}}