{"id":776605,"date":"2025-09-30T17:54:00","date_gmt":"2025-09-30T14:54:00","guid":{"rendered":"https:\/\/roveyayinevi.com.tr\/index.php\/urun\/gol-makinesi-lewandowski\/"},"modified":"2026-04-16T02:56:45","modified_gmt":"2026-04-15T23:56:45","slug":"gol-makinesi-lewandowski","status":"publish","type":"product","link":"https:\/\/roveyayinevi.com.tr\/index.php\/urun\/gol-makinesi-lewandowski\/","title":{"rendered":"Gol Makinesi Lewandowski"},"content":{"rendered":"<p>\u00b7         POSTER VE EFSANE FUTBOLCULAR ST\u0130CKER HED\u0130YEL\u0130 Hen\u00fcz 9 ya\u015f\u0131mdayken ba\u015flad\u0131\u011f\u0131m futbol hayat\u0131ma, say\u0131s\u0131z ba\u015far\u0131, \u00f6d\u00fcl ve zafer s\u0131\u011fd\u0131rd\u0131m. \u00c7ocuklu\u011fumdaki hayallerim; d\u00fcnyan\u0131n en b\u00fcy\u00fck tak\u0131m\u0131nda, en b\u00fcy\u00fck stadyumlar\u0131nda oynamak ve kupalar kazanmakt\u0131. \u015eimdi ise \u00fclkem Polonya\u2019da \u201ckahraman\u201d ilan edilmenin gururunu ya\u015f\u0131yorum! Sert asfalt, \u00e7im yapra\u011f\u0131 olmayan kum, g\u00f6r\u00fcn\u00fcrl\u00fc\u011f\u00fc s\u0131n\u0131rlayan toz bulutlar\u0131, soyunma odalar\u0131 yerine m\u00fch\u00fcrs\u00fcz pencereli ve \u0131s\u0131nmam\u0131\u015f eski barakalar benim yetene\u011fimin \u00e7imlenmeye ba\u015flad\u0131\u011f\u0131 ko\u015fullard\u0131.   Ben vazge\u00e7medim, kendime g\u00fcvendim ve bu yolu kendim i\u00e7in se\u00e7tim. T\u00fcm hayallerimi ger\u00e7ekle\u015ftirdim. Her an daha iyisi olmaya devam ediyorum. Sen de ba\u015faracaks\u0131n. \u0130nan, \u00e7al\u0131\u015f ve vazge\u00e7me\u2026 Robert Lewandowski <\/p>\n","protected":false},"excerpt":{"rendered":"<p>\u00b7 POSTER VE EFSANE FUTBOLCULAR ST\u0130CKER HED\u0130YEL\u0130 Hen\u00fcz 9 ya\u015f\u0131mdayken ba\u015flad\u0131\u011f\u0131m futbol hayat\u0131ma, say\u0131s\u0131z ba\u015far\u0131, \u00f6d\u00fcl ve zafer s\u0131\u011fd\u0131rd\u0131m. \u00c7ocuklu\u011fumdaki hayallerim; d\u00fcnyan\u0131n en b\u00fcy\u00fck tak\u0131m\u0131nda, en<span class=\"excerpt-hellip\"> [\u2026]<\/span><\/p>\n","protected":false},"featured_media":0,"template":"","meta":{"_monsterinsights_skip_tracking":false,"_monsterinsights_sitenote_active":false,"_monsterinsights_sitenote_note":"","_monsterinsights_sitenote_category":0},"product_brand":[],"product_cat":[12274,12284],"product_tag":[],"class_list":{"0":"post-776605","1":"product","2":"type-product","3":"status-publish","5":"product_cat-cocuk-ve-genclik-kitaplari","6":"product_cat-hikayeler","7":"pa_cilt-ciltsiz","8":"pa_tur-kitap","9":"pa_yayinevi-dokuz-yayinlari","10":"pa_yazar-diego-roberto","12":"first","13":"instock","14":"sale","15":"shipping-taxable","16":"purchasable","17":"product-type-simple"},"_links":{"self":[{"href":"https:\/\/roveyayinevi.com.tr\/index.php\/wp-json\/wp\/v2\/product\/776605","targetHints":{"allow":["GET"]}}],"collection":[{"href":"https:\/\/roveyayinevi.com.tr\/index.php\/wp-json\/wp\/v2\/product"}],"about":[{"href":"https:\/\/roveyayinevi.com.tr\/index.php\/wp-json\/wp\/v2\/types\/product"}],"wp:attachment":[{"href":"https:\/\/roveyayinevi.com.tr\/index.php\/wp-json\/wp\/v2\/media?parent=776605"}],"wp:term":[{"taxonomy":"product_brand","embeddable":true,"href":"https:\/\/roveyayinevi.com.tr\/index.php\/wp-json\/wp\/v2\/product_brand?post=776605"},{"taxonomy":"product_cat","embeddable":true,"href":"https:\/\/roveyayinevi.com.tr\/index.php\/wp-json\/wp\/v2\/product_cat?post=776605"},{"taxonomy":"product_tag","embeddable":true,"href":"https:\/\/roveyayinevi.com.tr\/index.php\/wp-json\/wp\/v2\/product_tag?post=776605"}],"curies":[{"name":"wp","href":"https:\/\/api.w.org\/{rel}","templated":true}]}}