{"id":776604,"date":"2025-09-30T17:11:34","date_gmt":"2025-09-30T14:11:34","guid":{"rendered":"https:\/\/roveyayinevi.com.tr\/index.php\/urun\/ibn-haldunun-tarih-felsefesi\/"},"modified":"2026-04-16T02:48:42","modified_gmt":"2026-04-15T23:48:42","slug":"ibn-haldunun-tarih-felsefesi","status":"publish","type":"product","link":"https:\/\/roveyayinevi.com.tr\/index.php\/urun\/ibn-haldunun-tarih-felsefesi\/","title":{"rendered":"\u0130bn Haldun&#8217;un Tarih Felsefesi"},"content":{"rendered":"<p>XIV. y\u00fczy\u0131l \u0130sl\u00e2m d\u00fcnyas\u0131n\u0131n me\u015fhur d\u00fc\u015f\u00fcn\u00fcr\u00fc \u0130bn Hald\u00fbn Kitabu\u2019l-\u2018\u0130ber ba\u015fl\u0131kl\u0131 tarihine giri\u015f olarak yazd\u0131\u011f\u0131 Mukaddime\u2019sinde yeni bir tarih ve k\u00fclt\u00fcr anlay\u0131\u015f\u0131 geli\u015ftirdi. Defalarca terc\u00fcme edilen ve sosyal bilimlerin bir\u00e7ok sahas\u0131nda daima temel bir referans eseri olarak kullan\u0131lan bu eser tarih ilmini do\u011frudan insan ve toplumun halleri ile alakadar g\u00f6rmekte ve klasik ahlak ve siyaset felsefesine g\u00f6re onun konumunu y\u00fckseltmektedir. Tarihin ne i\u00e7in, kim i\u00e7in yaz\u0131laca\u011f\u0131, d\u00fc\u015f\u00fcn\u00fcr, toplum ve tarihin irtibat\u0131, \u0130bn Hald\u00fbn\u2019un tarih felsefesinin temel sorular\u0131d\u0131r. Bu tarih felsefesi, \u0130sl\u00e2m d\u00fcnyas\u0131n\u0131n tevar\u00fcs etti\u011fi kadim felsefe gelene\u011finin \u00fczerine bina edilmi\u015fti. \u0130sl\u00e2m tarih yaz\u0131c\u0131l\u0131\u011f\u0131n\u0131n ana ak\u0131mlar\u0131na ve klasik felsefenin metinlerine h\u00e2kim bir bak\u0131\u015fla \u0130bn Hald\u00fbn\u2019un hayat hik\u00e2yesini bulu\u015fturan elinizdeki bu kapsaml\u0131 eser, onun tarih metinlerini ve kadim felsefenin kanonlar\u0131n\u0131 nas\u0131l okudu\u011funun ve tarihin di\u011fer pratik bilimlerden nas\u0131l ayr\u0131\u015ft\u0131rd\u0131\u011f\u0131n\u0131n izlerini s\u00fcr\u00fcyor. 1957 y\u0131l\u0131nda yay\u0131nlanan bu kitap, Bat\u0131\u2019da \u0130bn Hald\u00fbn \u00fczerine yap\u0131lm\u0131\u015f ilk doktora tezlerinden biri olma \u00f6zelli\u011fini ta\u015f\u0131maktad\u0131r. \u0130sl\u00e2m k\u00fclt\u00fcr\u00fc, felsefesi ve Arap edebiyat\u0131 \u00fczerine bir\u00e7ok eseri olmas\u0131na ra\u011fmen dilimizde hi\u00e7 \u00e7evirisi bulunmayan Chicago \u00dcniversitesi profes\u00f6rlerinden Muhsin Mahdi\u2019nin bu klasikle\u015fmi\u015f \u0130bn Hald\u00fbn\u2019un Tarih Felsefesi ba\u015fl\u0131kl\u0131 eserini Vak\u0131fBank K\u00fclt\u00fcr Yay\u0131nlar\u0131 T\u00fcrk okuru ile bulu\u015fturuyor. Yazar Hakk\u0131nda: 1925, Irak do\u011fumlu m\u00fcellif 1954\u2019te felsefe doktoru oldu ve 1957\u2019ye kadar Ba\u011fdat \u00dcniversitesinde dersler verdi. Binbir Gece Masallar\u0131\u2019n\u0131n \u00e7evirisi ile \u00fcn kazanan m\u00fcellif \u0130slam felsefesinin bir\u00e7ok ismi \u00fczerine akademik \u00e7al\u0131\u015fmalar yapt\u0131. Mahdi 2007\u2019de vefat etti. <\/p>\n","protected":false},"excerpt":{"rendered":"<p>XIV. y\u00fczy\u0131l \u0130sl\u00e2m d\u00fcnyas\u0131n\u0131n me\u015fhur d\u00fc\u015f\u00fcn\u00fcr\u00fc \u0130bn Hald\u00fbn Kitabu\u2019l-\u2018\u0130ber ba\u015fl\u0131kl\u0131 tarihine giri\u015f olarak yazd\u0131\u011f\u0131 Mukaddime\u2019sinde yeni bir tarih ve k\u00fclt\u00fcr anlay\u0131\u015f\u0131 geli\u015ftirdi. Defalarca terc\u00fcme edilen ve<span class=\"excerpt-hellip\"> [\u2026]<\/span><\/p>\n","protected":false},"featured_media":0,"template":"","meta":{"_monsterinsights_skip_tracking":false,"_monsterinsights_sitenote_active":false,"_monsterinsights_sitenote_note":"","_monsterinsights_sitenote_category":0},"product_brand":[],"product_cat":[12388,13555],"product_tag":[],"class_list":{"0":"post-776604","1":"product","2":"type-product","3":"status-publish","5":"product_cat-felsefe","6":"product_cat-genel-felsefe","7":"pa_cilt-ciltsiz","8":"pa_tur-kitap","9":"pa_yayinevi-vakifbank-kultur-yayinlari","10":"pa_yazar-muhsin-mahdi","12":"first","13":"instock","14":"sale","15":"shipping-taxable","16":"purchasable","17":"product-type-simple"},"_links":{"self":[{"href":"https:\/\/roveyayinevi.com.tr\/index.php\/wp-json\/wp\/v2\/product\/776604","targetHints":{"allow":["GET"]}}],"collection":[{"href":"https:\/\/roveyayinevi.com.tr\/index.php\/wp-json\/wp\/v2\/product"}],"about":[{"href":"https:\/\/roveyayinevi.com.tr\/index.php\/wp-json\/wp\/v2\/types\/product"}],"wp:attachment":[{"href":"https:\/\/roveyayinevi.com.tr\/index.php\/wp-json\/wp\/v2\/media?parent=776604"}],"wp:term":[{"taxonomy":"product_brand","embeddable":true,"href":"https:\/\/roveyayinevi.com.tr\/index.php\/wp-json\/wp\/v2\/product_brand?post=776604"},{"taxonomy":"product_cat","embeddable":true,"href":"https:\/\/roveyayinevi.com.tr\/index.php\/wp-json\/wp\/v2\/product_cat?post=776604"},{"taxonomy":"product_tag","embeddable":true,"href":"https:\/\/roveyayinevi.com.tr\/index.php\/wp-json\/wp\/v2\/product_tag?post=776604"}],"curies":[{"name":"wp","href":"https:\/\/api.w.org\/{rel}","templated":true}]}}