{"id":776603,"date":"2025-09-30T17:06:42","date_gmt":"2025-09-30T14:06:42","guid":{"rendered":"https:\/\/roveyayinevi.com.tr\/index.php\/urun\/ilhan-baran-muzikte-derin-zirve\/"},"modified":"2026-04-16T02:47:36","modified_gmt":"2026-04-15T23:47:36","slug":"ilhan-baran-muzikte-derin-zirve","status":"publish","type":"product","link":"https:\/\/roveyayinevi.com.tr\/index.php\/urun\/ilhan-baran-muzikte-derin-zirve\/","title":{"rendered":"\u0130lhan Baran &#8211; M\u00fczikte Derin Zirve"},"content":{"rendered":"<p>Terini son damlas\u0131na kadar \u00f6\u011frencileri i\u00e7in ak\u0131tm\u0131\u015f bir besteci ve teori \u00f6\u011fretmendir \u0130lhan Baran\u2026Devletin Konservatuvar sonras\u0131 Paris\u2019te okumas\u0131 i\u00e7in verdi\u011fi bursu, fazlas\u0131yla geri \u00f6demi\u015f, Bat\u0131\u2019da T\u00fcrkiye imgesinin olumlu y\u00fcz\u00fcn\u00fc ortaya koyan Muhiddin D\u00fcrr\u00fco\u011flu, Faz\u0131l Say, Toros Can gibi \u00fcst\u00fcn yetenekleri ve daha nicelerini yeti\u015ftirmi\u015ftir\u2026 G\u00fcn\u00fcm\u00fcz Anlay\u0131\u015f\u0131yla tam bir \u201cm\u00fczik ve ya\u015fam ko\u00e7u\u201ddur o\u2026 \u00d6rnek besteci, \u00f6nder \u00f6\u011fretmendir. \u00d6zellikle piyano i\u00e7in yapt\u0131\u011f\u0131 besteler, g\u00fcn\u00fcm\u00fczde t\u00fcm konservatuvarlar\u0131n de\u011fi\u015fik s\u0131n\u0131flar\u0131nda m\u00fcfredat\u0131n ayr\u0131lmaz birer par\u00e7as\u0131 haline gelmi\u015ftir. \u201cD\u00f6n\u00fc\u015f\u00fcmler\u201d ba\u015fl\u0131kl\u0131 piyanolu triosu, d\u00fcnyan\u0131n \u00fcnl\u00fc topluluklar\u0131n\u0131n repertuar\u0131na girmi\u015f, Amerika\u2019dan Avustralya\u2019ya kadar seslendirilmekte, uluslararas\u0131 dola\u015f\u0131mda yer almaktad\u0131r. Uzun y\u0131llar s\u00fcr\u00fcp giden teksesli, \u00e7oksesli m\u00fczik tart\u0131\u015fmas\u0131nda kucaklay\u0131c\u0131 ve do\u011fru tavr\u0131yla gen\u00e7lere yol g\u00f6stermi\u015f, Do\u011fu ile Bat\u0131 aras\u0131ndaki k\u00f6pr\u00fcy\u00fc hem kendi yap\u0131tlar\u0131nda, hem \u00f6\u011frencilerinin zihinlerinde \u00e7oktan olu\u015fturmu\u015ftur.  Sevda-Cenap And M\u00fczik Vakf\u0131 taraf\u0131ndan 2009 y\u0131l\u0131nda Onur \u00d6d\u00fcl\u00fc Alt\u0131n Madalyas\u0131 ile \u00f6d\u00fcllendirilen Baran\u2019\u0131n \u00f6zellikleri nelerdir, \u00f6\u011freticili\u011fi, bestecili\u011fi nas\u0131ld\u0131r? Hangi \u00e7aban\u0131n i\u00e7inde olmu\u015f, hangi sonu\u00e7lar\u0131 elde etmi\u015ftir? \u0130lhan Baran\u2019\u0131n ya\u015fam \u00f6yk\u00fcs\u00fcn\u00fc, ba\u015fta de\u011fi\u015fik ku\u015faklardan \u00f6\u011frencilerinin tan\u0131kl\u0131klar\u0131 ve \u00e7e\u015fitli belgelerle zenginle\u015ftirilmi\u015f olarak gazeteci ve sanat yazar\u0131 \u015eefik Kahramankaptan\u2019\u0131n kaleminden okuyacaks\u0131n\u0131z. <\/p>\n","protected":false},"excerpt":{"rendered":"<p>Terini son damlas\u0131na kadar \u00f6\u011frencileri i\u00e7in ak\u0131tm\u0131\u015f bir besteci ve teori \u00f6\u011fretmendir \u0130lhan Baran\u2026Devletin Konservatuvar sonras\u0131 Paris\u2019te okumas\u0131 i\u00e7in verdi\u011fi bursu, fazlas\u0131yla geri \u00f6demi\u015f, Bat\u0131\u2019da T\u00fcrkiye<span class=\"excerpt-hellip\"> [\u2026]<\/span><\/p>\n","protected":false},"featured_media":0,"template":"","meta":{"_monsterinsights_skip_tracking":false,"_monsterinsights_sitenote_active":false,"_monsterinsights_sitenote_note":"","_monsterinsights_sitenote_category":0},"product_brand":[],"product_cat":[14009,12291],"product_tag":[],"class_list":{"0":"post-776603","1":"product","2":"type-product","3":"status-publish","5":"product_cat-biyografi-otobiyografi-edebiyat","6":"product_cat-edebiyat","7":"pa_cilt-ciltsiz","8":"pa_tur-kitap","9":"pa_yayinevi-sevda-cenap-and-muzik-vakfi-yayinlari","10":"pa_yazar-sefik-kahramankaptan","12":"first","13":"instock","14":"sale","15":"shipping-taxable","16":"purchasable","17":"product-type-simple"},"_links":{"self":[{"href":"https:\/\/roveyayinevi.com.tr\/index.php\/wp-json\/wp\/v2\/product\/776603","targetHints":{"allow":["GET"]}}],"collection":[{"href":"https:\/\/roveyayinevi.com.tr\/index.php\/wp-json\/wp\/v2\/product"}],"about":[{"href":"https:\/\/roveyayinevi.com.tr\/index.php\/wp-json\/wp\/v2\/types\/product"}],"wp:attachment":[{"href":"https:\/\/roveyayinevi.com.tr\/index.php\/wp-json\/wp\/v2\/media?parent=776603"}],"wp:term":[{"taxonomy":"product_brand","embeddable":true,"href":"https:\/\/roveyayinevi.com.tr\/index.php\/wp-json\/wp\/v2\/product_brand?post=776603"},{"taxonomy":"product_cat","embeddable":true,"href":"https:\/\/roveyayinevi.com.tr\/index.php\/wp-json\/wp\/v2\/product_cat?post=776603"},{"taxonomy":"product_tag","embeddable":true,"href":"https:\/\/roveyayinevi.com.tr\/index.php\/wp-json\/wp\/v2\/product_tag?post=776603"}],"curies":[{"name":"wp","href":"https:\/\/api.w.org\/{rel}","templated":true}]}}