{"id":776602,"date":"2025-09-30T16:51:25","date_gmt":"2025-09-30T13:51:25","guid":{"rendered":"https:\/\/roveyayinevi.com.tr\/index.php\/urun\/hititlerde-rituel-ve-buyu\/"},"modified":"2026-04-16T02:43:48","modified_gmt":"2026-04-15T23:43:48","slug":"hititlerde-rituel-ve-buyu","status":"publish","type":"product","link":"https:\/\/roveyayinevi.com.tr\/index.php\/urun\/hititlerde-rituel-ve-buyu\/","title":{"rendered":"Hititlerde Rit\u00fcel ve B\u00fcy\u00fc"},"content":{"rendered":"<p>Rit\u00fceller, g\u00fcndelik ya\u015fam\u0131n s\u0131radanl\u0131\u011f\u0131 i\u00e7inde kutsal\u0131n d\u00fcnyas\u0131na a\u00e7\u0131lan, onunla ileti\u015fim kurmay\u0131 sa\u011flayan anlam kap\u0131lar\u0131d\u0131r. Her rit\u00fcel kendi diliyle konu\u015fur ve sembollerle v\u00fccut bulan bu dil, onu \u00fcreten topluma \u00f6zg\u00fcd\u00fcr. Bu y\u00fczden, bir toplumun rit\u00fcellerini incelemek, ayn\u0131 zamanda o toplumun kozmolojisine ad\u0131m atmak demektir. Rit\u00fceller kat\u0131l\u0131mc\u0131lar\u0131n\u0131, inanc\u0131n eyleme d\u00f6k\u00fclerek somutla\u015ft\u0131\u011f\u0131 ve her \u015feyin y\u00fcksek bir anlamla y\u00fckl\u00fc oldu\u011fu kutsal bir zamana ve mek\u00e2na g\u00f6t\u00fcr\u00fcr. Yakla\u015f\u0131k 3600 y\u0131l \u00f6nce Anadolu topraklar\u0131nda ya\u015fam\u0131\u015f olan Hititler i\u00e7in de rit\u00fceller, sevin\u00e7 ve felaketlerle ya\u015fanan hayat\u0131 anlamland\u0131rman\u0131n ve t\u00fcm bunlara \u00e7areler bulman\u0131n yolu say\u0131lm\u0131\u015ft\u0131r. G\u00fcndelik ya\u015fama dair pek \u00e7ok malzemenin b\u00fcy\u00fcyle harmanlanarak kullan\u0131ld\u0131\u011f\u0131 bu uygulamalar, Hitit toplumunu anlamada adeta bir veri deposudur. Sevg\u00fcl \u00c7ilingir Cesur\u2019un yeni bulgular \u0131\u015f\u0131\u011f\u0131nda g\u00fcncel literat\u00fcr\u00fc boydan boya tarayarak katetti\u011fi bu titiz \u00e7al\u0131\u015fma, rit\u00fcelin toplumsal ya\u015famdaki anlam\u0131n\u0131 sorgulayan teorilerden yola \u00e7\u0131karak Anadolu\u2019nun 3600 y\u0131l \u00f6ncesine uzan\u0131yor. Hititlerde Rit\u00fcel ve B\u00fcy\u00fc, okurlar\u0131n\u0131, Hitit inan\u00e7 ve ya\u015fam d\u00fcnyas\u0131n\u0131 semboller, b\u00fcy\u00fcler ve rit\u00fceller \u00fczerinden yorumlayarak anlamaya davet ediyor.<\/p>\n","protected":false},"excerpt":{"rendered":"<p>Rit\u00fceller, g\u00fcndelik ya\u015fam\u0131n s\u0131radanl\u0131\u011f\u0131 i\u00e7inde kutsal\u0131n d\u00fcnyas\u0131na a\u00e7\u0131lan, onunla ileti\u015fim kurmay\u0131 sa\u011flayan anlam kap\u0131lar\u0131d\u0131r. Her rit\u00fcel kendi diliyle konu\u015fur ve sembollerle v\u00fccut bulan bu dil, onu<span class=\"excerpt-hellip\"> [\u2026]<\/span><\/p>\n","protected":false},"featured_media":0,"template":"","meta":{"_monsterinsights_skip_tracking":false,"_monsterinsights_sitenote_active":false,"_monsterinsights_sitenote_note":"","_monsterinsights_sitenote_category":0},"product_brand":[],"product_cat":[12370,12304],"product_tag":[],"class_list":{"0":"post-776602","1":"product","2":"type-product","3":"status-publish","5":"product_cat-arastirma-inceleme","6":"product_cat-tarih","7":"pa_cilt-ciltsiz","8":"pa_tur-kitap","9":"pa_yayinevi-vakifbank-kultur-yayinlari","10":"pa_yazar-sevgul-cilingir-cesur","12":"first","13":"instock","14":"sale","15":"shipping-taxable","16":"purchasable","17":"product-type-simple"},"_links":{"self":[{"href":"https:\/\/roveyayinevi.com.tr\/index.php\/wp-json\/wp\/v2\/product\/776602","targetHints":{"allow":["GET"]}}],"collection":[{"href":"https:\/\/roveyayinevi.com.tr\/index.php\/wp-json\/wp\/v2\/product"}],"about":[{"href":"https:\/\/roveyayinevi.com.tr\/index.php\/wp-json\/wp\/v2\/types\/product"}],"wp:attachment":[{"href":"https:\/\/roveyayinevi.com.tr\/index.php\/wp-json\/wp\/v2\/media?parent=776602"}],"wp:term":[{"taxonomy":"product_brand","embeddable":true,"href":"https:\/\/roveyayinevi.com.tr\/index.php\/wp-json\/wp\/v2\/product_brand?post=776602"},{"taxonomy":"product_cat","embeddable":true,"href":"https:\/\/roveyayinevi.com.tr\/index.php\/wp-json\/wp\/v2\/product_cat?post=776602"},{"taxonomy":"product_tag","embeddable":true,"href":"https:\/\/roveyayinevi.com.tr\/index.php\/wp-json\/wp\/v2\/product_tag?post=776602"}],"curies":[{"name":"wp","href":"https:\/\/api.w.org\/{rel}","templated":true}]}}