{"id":776596,"date":"2025-09-30T11:38:49","date_gmt":"2025-09-30T08:38:49","guid":{"rendered":"https:\/\/roveyayinevi.com.tr\/index.php\/urun\/annem-icin-bir-hediye-haydi-birlikte-yapalim\/"},"modified":"2026-04-15T03:42:40","modified_gmt":"2026-04-15T00:42:40","slug":"annem-icin-bir-hediye-haydi-birlikte-yapalim","status":"publish","type":"product","link":"https:\/\/roveyayinevi.com.tr\/index.php\/urun\/annem-icin-bir-hediye-haydi-birlikte-yapalim\/","title":{"rendered":"Annem \u0130\u00e7in Bir Hediye &#8211; Haydi Birlikte Yapal\u0131m"},"content":{"rendered":"<p>Lin epeyce endi\u015feli. Tek ba\u015f\u0131na alt\u0131ndan kalkamayaca\u011f\u0131 bir i\u015f var \u00f6n\u00fcnde. Peki yard\u0131m istemek neden bu kadar zor? Derken, \u201cYard\u0131m edebilir miyim?\u201d diye soruyor bir arkada\u015f\u0131, onu takip ediyor di\u011ferleri\u2026 \u201cHaydi birlikte yapal\u0131m,\u201d diyorlar. \u201cBa\u015farabiliriz.\u201d \u00c7ocuklar\u0131n duygular\u0131n\u0131 tan\u0131mas\u0131n\u0131 ve birlikte \u00e7al\u0131\u015fman\u0131n ne kadar de\u011ferli olabilece\u011fini anlamas\u0131n\u0131 sa\u011flayan s\u0131cac\u0131k bir \u00f6yk\u00fc. K\u00fc\u00e7\u00fck bir yard\u0131m ve i\u015fbirli\u011fi b\u00fcy\u00fck farklar yaratabilir. <\/p>\n","protected":false},"excerpt":{"rendered":"<p>Lin epeyce endi\u015feli. Tek ba\u015f\u0131na alt\u0131ndan kalkamayaca\u011f\u0131 bir i\u015f var \u00f6n\u00fcnde. Peki yard\u0131m istemek neden bu kadar zor? Derken, \u201cYard\u0131m edebilir miyim?\u201d diye soruyor bir arkada\u015f\u0131,<span class=\"excerpt-hellip\"> [\u2026]<\/span><\/p>\n","protected":false},"featured_media":0,"template":"","meta":{"_monsterinsights_skip_tracking":false,"_monsterinsights_sitenote_active":false,"_monsterinsights_sitenote_note":"","_monsterinsights_sitenote_category":0},"product_brand":[],"product_cat":[141304],"product_tag":[],"class_list":{"0":"post-776596","1":"product","2":"type-product","3":"status-publish","5":"product_cat-yeni-cikanlar","6":"pa_cilt-ciltsiz","7":"pa_tur-kitap","8":"pa_yayinevi-1001-cicek-kitaplar","9":"pa_yazar-heidi-howarth","11":"first","12":"instock","13":"sale","14":"shipping-taxable","15":"purchasable","16":"product-type-simple"},"_links":{"self":[{"href":"https:\/\/roveyayinevi.com.tr\/index.php\/wp-json\/wp\/v2\/product\/776596","targetHints":{"allow":["GET"]}}],"collection":[{"href":"https:\/\/roveyayinevi.com.tr\/index.php\/wp-json\/wp\/v2\/product"}],"about":[{"href":"https:\/\/roveyayinevi.com.tr\/index.php\/wp-json\/wp\/v2\/types\/product"}],"wp:attachment":[{"href":"https:\/\/roveyayinevi.com.tr\/index.php\/wp-json\/wp\/v2\/media?parent=776596"}],"wp:term":[{"taxonomy":"product_brand","embeddable":true,"href":"https:\/\/roveyayinevi.com.tr\/index.php\/wp-json\/wp\/v2\/product_brand?post=776596"},{"taxonomy":"product_cat","embeddable":true,"href":"https:\/\/roveyayinevi.com.tr\/index.php\/wp-json\/wp\/v2\/product_cat?post=776596"},{"taxonomy":"product_tag","embeddable":true,"href":"https:\/\/roveyayinevi.com.tr\/index.php\/wp-json\/wp\/v2\/product_tag?post=776596"}],"curies":[{"name":"wp","href":"https:\/\/api.w.org\/{rel}","templated":true}]}}