{"id":776593,"date":"2025-09-30T11:38:30","date_gmt":"2025-09-30T08:38:30","guid":{"rendered":"https:\/\/roveyayinevi.com.tr\/index.php\/urun\/parmak-uclarinda-ask-4\/"},"modified":"2026-04-15T03:42:38","modified_gmt":"2026-04-15T00:42:38","slug":"parmak-uclarinda-ask-4","status":"publish","type":"product","link":"https:\/\/roveyayinevi.com.tr\/index.php\/urun\/parmak-uclarinda-ask-4\/","title":{"rendered":"Parmak U\u00e7lar\u0131nda A\u015fk 4"},"content":{"rendered":"<p>\u201cD\u00dcNYALARIMIZ B\u0130RB\u0130R\u0130NE KARI\u015eIYOR&#8230;\u201d   Yuki ve \u0130tsuomi kendilerine \u00f6zel bir d\u00fcnya kurar. Yuki g\u00fcvende hisseder ve duygular\u0131n\u0131 saklamak istemez.   Kurduklar\u0131 ili\u015fki, a\u015fk\u0131n sorumluluklar\u0131n\u0131 da beraberinde getirir.   Yuki i\u00e7in a\u015fk, yeni ke\u015ffedilen bir dil gibidir. Kurduklar\u0131 d\u00fcnyay\u0131 geni\u015fletmek i\u00e7in gerekli olan cesareti g\u00f6sterebilecek midir?   \u0130\u015fitme engelli Yuki ve onun d\u00fcnyas\u0131n\u0131 de\u011fi\u015ftiren \u0130tsuomi\u2019nin saf a\u015fk hik\u00e2yesi d\u00f6rd\u00fcnc\u00fc cildi ile kar\u015f\u0131n\u0131zda\u2026 \u2665 <\/p>\n","protected":false},"excerpt":{"rendered":"<p>\u201cD\u00dcNYALARIMIZ B\u0130RB\u0130R\u0130NE KARI\u015eIYOR&#8230;\u201d Yuki ve \u0130tsuomi kendilerine \u00f6zel bir d\u00fcnya kurar. Yuki g\u00fcvende hisseder ve duygular\u0131n\u0131 saklamak istemez. Kurduklar\u0131 ili\u015fki, a\u015fk\u0131n sorumluluklar\u0131n\u0131 da beraberinde getirir. Yuki<span class=\"excerpt-hellip\"> [\u2026]<\/span><\/p>\n","protected":false},"featured_media":0,"template":"","meta":{"_monsterinsights_skip_tracking":false,"_monsterinsights_sitenote_active":false,"_monsterinsights_sitenote_note":"","_monsterinsights_sitenote_category":0},"product_brand":[],"product_cat":[12416,12291],"product_tag":[],"class_list":{"0":"post-776593","1":"product","2":"type-product","3":"status-publish","5":"product_cat-cizgi-roman","6":"product_cat-edebiyat","7":"pa_cilt-ciltsiz","8":"pa_tur-kitap","9":"pa_yayinevi-athica-yayinlari","10":"pa_yazar-suu-morishita","12":"first","13":"instock","14":"sale","15":"shipping-taxable","16":"purchasable","17":"product-type-simple"},"_links":{"self":[{"href":"https:\/\/roveyayinevi.com.tr\/index.php\/wp-json\/wp\/v2\/product\/776593","targetHints":{"allow":["GET"]}}],"collection":[{"href":"https:\/\/roveyayinevi.com.tr\/index.php\/wp-json\/wp\/v2\/product"}],"about":[{"href":"https:\/\/roveyayinevi.com.tr\/index.php\/wp-json\/wp\/v2\/types\/product"}],"wp:attachment":[{"href":"https:\/\/roveyayinevi.com.tr\/index.php\/wp-json\/wp\/v2\/media?parent=776593"}],"wp:term":[{"taxonomy":"product_brand","embeddable":true,"href":"https:\/\/roveyayinevi.com.tr\/index.php\/wp-json\/wp\/v2\/product_brand?post=776593"},{"taxonomy":"product_cat","embeddable":true,"href":"https:\/\/roveyayinevi.com.tr\/index.php\/wp-json\/wp\/v2\/product_cat?post=776593"},{"taxonomy":"product_tag","embeddable":true,"href":"https:\/\/roveyayinevi.com.tr\/index.php\/wp-json\/wp\/v2\/product_tag?post=776593"}],"curies":[{"name":"wp","href":"https:\/\/api.w.org\/{rel}","templated":true}]}}