{"id":776591,"date":"2025-09-30T11:38:25","date_gmt":"2025-09-30T08:38:25","guid":{"rendered":"https:\/\/roveyayinevi.com.tr\/index.php\/urun\/parmak-uclarinda-ask-2\/"},"modified":"2026-04-15T03:42:38","modified_gmt":"2026-04-15T00:42:38","slug":"parmak-uclarinda-ask-2","status":"publish","type":"product","link":"https:\/\/roveyayinevi.com.tr\/index.php\/urun\/parmak-uclarinda-ask-2\/","title":{"rendered":"Parmak U\u00e7lar\u0131nda A\u015fk 2"},"content":{"rendered":"<p>B\u0130RL\u0130KTEYKEN ZAMAN NEDEN BU KADAR HIZLI GE\u00c7\u0130YOR?\u201d   Kulaklar\u0131 duymayan Yuki\u2019nin d\u00fcnyas\u0131 \u0130tsuomi\u2019nin varl\u0131\u011f\u0131yla renklenmeye ba\u015flar. Onun i\u00e7ten g\u00fcl\u00fcmsemesi ve cana yak\u0131n tav\u0131rlar\u0131 Yuki\u2019nin hislerini daha da g\u00fc\u00e7lendirir.   Duygular\u0131n\u0131n pe\u015finden gitmeyi se\u00e7en Yuki, ya\u015fad\u0131\u011f\u0131 a\u015fka s\u0131k\u0131ca tutunur ve elinden geleni yapmaya karar verir.   Peki \u0130tsuomi\u2019nin gizemli hayat\u0131nda kendisine nas\u0131l bir yer bulacakt\u0131r?   \u0130\u015fitme engelli Yuki ve onun d\u00fcnyas\u0131n\u0131 de\u011fi\u015ftiren \u0130tsuomi\u2019nin saf a\u015fk hik\u00e2yesi ikinci cildi ile kar\u015f\u0131n\u0131zda\u2026 \u2665 <\/p>\n","protected":false},"excerpt":{"rendered":"<p>B\u0130RL\u0130KTEYKEN ZAMAN NEDEN BU KADAR HIZLI GE\u00c7\u0130YOR?\u201d Kulaklar\u0131 duymayan Yuki\u2019nin d\u00fcnyas\u0131 \u0130tsuomi\u2019nin varl\u0131\u011f\u0131yla renklenmeye ba\u015flar. Onun i\u00e7ten g\u00fcl\u00fcmsemesi ve cana yak\u0131n tav\u0131rlar\u0131 Yuki\u2019nin hislerini daha da<span class=\"excerpt-hellip\"> [\u2026]<\/span><\/p>\n","protected":false},"featured_media":0,"template":"","meta":{"_monsterinsights_skip_tracking":false,"_monsterinsights_sitenote_active":false,"_monsterinsights_sitenote_note":"","_monsterinsights_sitenote_category":0},"product_brand":[],"product_cat":[12416,12291],"product_tag":[],"class_list":{"0":"post-776591","1":"product","2":"type-product","3":"status-publish","5":"product_cat-cizgi-roman","6":"product_cat-edebiyat","7":"pa_cilt-ciltsiz","8":"pa_tur-kitap","9":"pa_yayinevi-athica-yayinlari","10":"pa_yazar-suu-morishita","12":"first","13":"instock","14":"sale","15":"shipping-taxable","16":"purchasable","17":"product-type-simple"},"_links":{"self":[{"href":"https:\/\/roveyayinevi.com.tr\/index.php\/wp-json\/wp\/v2\/product\/776591","targetHints":{"allow":["GET"]}}],"collection":[{"href":"https:\/\/roveyayinevi.com.tr\/index.php\/wp-json\/wp\/v2\/product"}],"about":[{"href":"https:\/\/roveyayinevi.com.tr\/index.php\/wp-json\/wp\/v2\/types\/product"}],"wp:attachment":[{"href":"https:\/\/roveyayinevi.com.tr\/index.php\/wp-json\/wp\/v2\/media?parent=776591"}],"wp:term":[{"taxonomy":"product_brand","embeddable":true,"href":"https:\/\/roveyayinevi.com.tr\/index.php\/wp-json\/wp\/v2\/product_brand?post=776591"},{"taxonomy":"product_cat","embeddable":true,"href":"https:\/\/roveyayinevi.com.tr\/index.php\/wp-json\/wp\/v2\/product_cat?post=776591"},{"taxonomy":"product_tag","embeddable":true,"href":"https:\/\/roveyayinevi.com.tr\/index.php\/wp-json\/wp\/v2\/product_tag?post=776591"}],"curies":[{"name":"wp","href":"https:\/\/api.w.org\/{rel}","templated":true}]}}