{"id":776585,"date":"2025-09-30T11:38:00","date_gmt":"2025-09-30T08:38:00","guid":{"rendered":"https:\/\/roveyayinevi.com.tr\/index.php\/urun\/sonsuzlugun-esigi\/"},"modified":"2026-04-15T03:42:35","modified_gmt":"2026-04-15T00:42:35","slug":"sonsuzlugun-esigi","status":"publish","type":"product","link":"https:\/\/roveyayinevi.com.tr\/index.php\/urun\/sonsuzlugun-esigi\/","title":{"rendered":"Sonsuzlu\u011fun E\u015fi\u011fi"},"content":{"rendered":"<p>\u201c\u0130nsanlar uykudad\u0131rlar, \u00f6l\u00fcnce uyan\u0131rlar.\u201d \u2013 Hz. Muhammed   Ger\u00e7eklik dedi\u011fimiz \u015fey, yaln\u0131zca g\u00f6zlemleyen bilincin bir yans\u0131mas\u0131 olabilir mi? Zaman ve mek\u00e2n, yaln\u0131zca bilin\u00e7li bir varl\u0131\u011f\u0131n onlar\u0131 deneyimlemesiyle mi var olur? Peki ya biz, zaman ve mek\u00e2n\u0131n \u00f6tesindeki sonsuz bir tekilli\u011fin kendinin fark\u0131nda olmayan yans\u0131malar\u0131ysak?   Bu kitap, modern bilimin en u\u00e7 ke\u015fiflerinden tasavvufun en derin \u00f6\u011fretilerine kadar uzanan bir yolculu\u011fun rehberidir. Kuantum mekani\u011fi, sicim teorisi ve evrenin holografik do\u011fas\u0131na dair bulgular, Kuran\u2019\u0131n en derin ayetleri ve kadim sufilerin a\u015fk\u0131n hakikatle ilgili s\u00f6ylemleriyle birle\u015fiyor. Baran Saldanl\u0131, okuyucusunu varolu\u015fun temel ta\u015flar\u0131n\u0131 sorgulamaya ve evrenin i\u015fleyi\u015fine dair radikal fark\u0131ndal\u0131klara ula\u015fmaya davet ediyor.   Sonsuzlu\u011fun E\u015fi\u011fi, yaln\u0131zca bir teori kitab\u0131 de\u011fil, ayn\u0131 zamanda varolu\u015fsal bir ke\u015fif yolculu\u011fu&#8230; Bu kitapta, kendini tan\u0131man\u0131n ve mutlak hakikate ula\u015fman\u0131n en derin yollar\u0131n\u0131 ke\u015ffedeceksiniz.   Ger\u00e7ekli\u011fi fark etmeye haz\u0131r m\u0131s\u0131n\u0131z? <\/p>\n","protected":false},"excerpt":{"rendered":"<p>\u201c\u0130nsanlar uykudad\u0131rlar, \u00f6l\u00fcnce uyan\u0131rlar.\u201d \u2013 Hz. Muhammed Ger\u00e7eklik dedi\u011fimiz \u015fey, yaln\u0131zca g\u00f6zlemleyen bilincin bir yans\u0131mas\u0131 olabilir mi? Zaman ve mek\u00e2n, yaln\u0131zca bilin\u00e7li bir varl\u0131\u011f\u0131n onlar\u0131 deneyimlemesiyle<span class=\"excerpt-hellip\"> [\u2026]<\/span><\/p>\n","protected":false},"featured_media":0,"template":"","meta":{"_monsterinsights_skip_tracking":false,"_monsterinsights_sitenote_active":false,"_monsterinsights_sitenote_note":"","_monsterinsights_sitenote_category":0},"product_brand":[],"product_cat":[12364,12376],"product_tag":[],"class_list":{"0":"post-776585","1":"product","2":"type-product","3":"status-publish","5":"product_cat-genel-konular","6":"product_cat-kisisel-gelisim","7":"pa_cilt-ciltsiz","8":"pa_tur-kitap","9":"pa_yayinevi-destek-yayinlari","10":"pa_yazar-baran-saldanli","12":"first","13":"instock","14":"sale","15":"shipping-taxable","16":"purchasable","17":"product-type-simple"},"_links":{"self":[{"href":"https:\/\/roveyayinevi.com.tr\/index.php\/wp-json\/wp\/v2\/product\/776585","targetHints":{"allow":["GET"]}}],"collection":[{"href":"https:\/\/roveyayinevi.com.tr\/index.php\/wp-json\/wp\/v2\/product"}],"about":[{"href":"https:\/\/roveyayinevi.com.tr\/index.php\/wp-json\/wp\/v2\/types\/product"}],"wp:attachment":[{"href":"https:\/\/roveyayinevi.com.tr\/index.php\/wp-json\/wp\/v2\/media?parent=776585"}],"wp:term":[{"taxonomy":"product_brand","embeddable":true,"href":"https:\/\/roveyayinevi.com.tr\/index.php\/wp-json\/wp\/v2\/product_brand?post=776585"},{"taxonomy":"product_cat","embeddable":true,"href":"https:\/\/roveyayinevi.com.tr\/index.php\/wp-json\/wp\/v2\/product_cat?post=776585"},{"taxonomy":"product_tag","embeddable":true,"href":"https:\/\/roveyayinevi.com.tr\/index.php\/wp-json\/wp\/v2\/product_tag?post=776585"}],"curies":[{"name":"wp","href":"https:\/\/api.w.org\/{rel}","templated":true}]}}