{"id":776583,"date":"2025-09-30T11:37:57","date_gmt":"2025-09-30T08:37:57","guid":{"rendered":"https:\/\/roveyayinevi.com.tr\/index.php\/urun\/elveda\/"},"modified":"2026-04-15T03:42:35","modified_gmt":"2026-04-15T00:42:35","slug":"elveda","status":"publish","type":"product","link":"https:\/\/roveyayinevi.com.tr\/index.php\/urun\/elveda\/","title":{"rendered":"Elveda"},"content":{"rendered":"<p>\u201cHer soru bir yara, her cevap bir yol.\u201d   Ben ya\u015farken, \u00e7ok \u015fey yazd\u0131m. Kimi zaman yaln\u0131z kald\u0131m, kimi zaman sustum, kimi zaman da i\u00e7imde birikenleri kelimelere d\u00f6kt\u00fcm. Sen okurken, belki kendi hayat\u0131ndan izler bulacaks\u0131n. Belki \u201cBunu ben de ya\u015fad\u0131m!\u201d diyeceksin. Elveda, asl\u0131nda sadece ayr\u0131l\u0131klardan bahsetmiyor. Her \u201celveda\u201dn\u0131n i\u00e7inde bir \u201cmerhaba\u201d sakl\u0131d\u0131r. Bu kitap da sana, o sakl\u0131 merhabay\u0131 hat\u0131rlatmak i\u00e7in burada. Burada sana ak\u0131l vermeyece\u011fim, yol g\u00f6stermeyece\u011fim. Sadece kendi yolculu\u011fumu, kendi \u00e7\u0131kmazlar\u0131m\u0131 ve kendi k\u0131r\u0131lganl\u0131klar\u0131m\u0131 anlataca\u011f\u0131m. \u00c7\u00fcnk\u00fc bazen insan\u0131n ihtiyac\u0131 olan \u015fey bir \u00f6\u011f\u00fct olmamal\u0131, yan\u0131nda sessizce oturan biri olmal\u0131. Okurken belki \u00fcz\u00fcleceksin, belki yaralar\u0131n\u0131 yeniden hissedeceksin ama fark edeceksin ki, elvedalar sadece bir son de\u011fildir. Bazen insan\u0131n en \u00e7ok ihtiyac\u0131 olan \u201cArt\u0131k buraya kadar!\u201d diyebilmektir. Sana ge\u00e7er demeyece\u011fim. \u00c7\u00fcnk\u00fc baz\u0131 \u015feyler ge\u00e7mez, sadece sen onlarla ya\u015famay\u0131 \u00f6\u011frenirsin. \u201cBitti!\u201d dedi\u011fin yerde bir \u015feyler yeniden ba\u015flar. \u0130nsan, en \u00e7ok k\u0131r\u0131ld\u0131\u011f\u0131 yerden g\u00fc\u00e7lenir, en \u00e7ok kaybetti\u011finde \u00f6\u011frenir ve en \u00e7ok, yaln\u0131z kald\u0131\u011f\u0131nda kendini bulur. Benim yolculu\u011fum da \u00f6yleydi. Y\u0131k\u0131ld\u0131m, toplad\u0131m, vazge\u00e7tim, yeniden ba\u015flad\u0131m; sustum, sonra kelimelerime sar\u0131ld\u0131m. \u015eimdilerde ya\u015farken yazd\u0131\u011f\u0131m, yazarken ya\u015f ald\u0131\u011f\u0131m bir hayat\u0131n tam ortas\u0131nday\u0131m. Yeniden ye\u015ferebilmek ad\u0131na\u2026 Yeniden ya\u015fayabilmek ad\u0131na\u2026 Elveda\u2026 Afiyet olsun. <\/p>\n","protected":false},"excerpt":{"rendered":"<p>\u201cHer soru bir yara, her cevap bir yol.\u201d Ben ya\u015farken, \u00e7ok \u015fey yazd\u0131m. Kimi zaman yaln\u0131z kald\u0131m, kimi zaman sustum, kimi zaman da i\u00e7imde birikenleri kelimelere<span class=\"excerpt-hellip\"> [\u2026]<\/span><\/p>\n","protected":false},"featured_media":0,"template":"","meta":{"_monsterinsights_skip_tracking":false,"_monsterinsights_sitenote_active":false,"_monsterinsights_sitenote_note":"","_monsterinsights_sitenote_category":0},"product_brand":[],"product_cat":[13835],"product_tag":[],"class_list":{"0":"post-776583","1":"product","2":"type-product","3":"status-publish","5":"product_cat-cok-satanlar","6":"pa_cilt-ciltsiz","7":"pa_tur-kitap","8":"pa_yayinevi-destek-yayinlari","9":"pa_yazar-fars-meyus","11":"first","12":"instock","13":"sale","14":"shipping-taxable","15":"purchasable","16":"product-type-simple"},"_links":{"self":[{"href":"https:\/\/roveyayinevi.com.tr\/index.php\/wp-json\/wp\/v2\/product\/776583","targetHints":{"allow":["GET"]}}],"collection":[{"href":"https:\/\/roveyayinevi.com.tr\/index.php\/wp-json\/wp\/v2\/product"}],"about":[{"href":"https:\/\/roveyayinevi.com.tr\/index.php\/wp-json\/wp\/v2\/types\/product"}],"wp:attachment":[{"href":"https:\/\/roveyayinevi.com.tr\/index.php\/wp-json\/wp\/v2\/media?parent=776583"}],"wp:term":[{"taxonomy":"product_brand","embeddable":true,"href":"https:\/\/roveyayinevi.com.tr\/index.php\/wp-json\/wp\/v2\/product_brand?post=776583"},{"taxonomy":"product_cat","embeddable":true,"href":"https:\/\/roveyayinevi.com.tr\/index.php\/wp-json\/wp\/v2\/product_cat?post=776583"},{"taxonomy":"product_tag","embeddable":true,"href":"https:\/\/roveyayinevi.com.tr\/index.php\/wp-json\/wp\/v2\/product_tag?post=776583"}],"curies":[{"name":"wp","href":"https:\/\/api.w.org\/{rel}","templated":true}]}}