{"id":776580,"date":"2025-09-30T10:02:03","date_gmt":"2025-09-30T07:02:03","guid":{"rendered":"https:\/\/roveyayinevi.com.tr\/index.php\/urun\/kuzey-kafkasya-aile-damgalari-anlamlari-ve-aileleri\/"},"modified":"2025-11-21T10:26:05","modified_gmt":"2025-11-21T07:26:05","slug":"kuzey-kafkasya-aile-damgalari-anlamlari-ve-aileleri","status":"publish","type":"product","link":"https:\/\/roveyayinevi.com.tr\/index.php\/urun\/kuzey-kafkasya-aile-damgalari-anlamlari-ve-aileleri\/","title":{"rendered":"Kuzey Kafkasya Aile Dam\u011falar\u0131 Anlamlar\u0131 ve Aileleri"},"content":{"rendered":"<p>Kuzey Kafkasyal\u0131lar\u0131n SOYKIRIM olarak niteledikleri olay WUINE\u011eOE (A\u0130LE) kavram\u0131 ve anlam\u0131n\u0131n zay\u0131flat\u0131lmas\u0131nda SEBEP de\u011fildir. Bu daha \u00e7ok bu Evren ve bu D\u00fcnyan\u0131n GER\u00c7EK ve DO\u011eRULARININ Kuzey Kafkasyal\u0131lara UNUTTURULMALARI ve UNUTMALARI dolay\u0131s\u0131yla kar\u015f\u0131la\u015ft\u0131klar\u0131 SONU\u00c7TUR. Kuzey Kafkasya WUINA\u011eOE (A\u0130LE)\u2019leri SEBEB\u0130 anlay\u0131p \u00e7\u00f6z\u00fcm \u00fcretemezlerse WUINE\u011eOE anlam\u0131n\u0131n zay\u0131flamas\u0131na devamla sadece S\u2019HE (\u0130S\u0130M) kalacakt\u0131r. Kuzey Kafkasya WUINA\u011eOE (A\u0130LE)\u2019leri bu noktaya ula\u015fmamak i\u00e7in kendilerini \u015fu anki duruma getiren sonuca kendilerinin ne \u015fekilde SEBEP olduklar\u0131n\u0131 da de\u011ferlendirmeleri ve anlamalar\u0131 gerekmektedir. WUIRIS taraf\u0131ndan SOYKIRIMLA sonu\u00e7lanan olaylarda Kuzey Kafkasyal\u0131lar\u0131n hatalar\u0131n\u0131n sorgulanmas\u0131 ortaya \u00e7\u0131kar\u0131lmas\u0131 ve \u00e7\u00f6z\u00fcmlenmesi gerekmektedir. Hat\u0131rlamak ve bu Evrenin ve bu D\u00fcnyan\u0131n GER\u00c7EK ve DO\u011eRULARINA s\u0131k\u0131 s\u0131k\u0131ya ba\u011flan\u0131p bunlara ba\u011fl\u0131 kalmaktan BA\u015eKA SE\u00c7ENEKLER\u0130 YOKTUR. Yoksa D\u00fcnya ne benim ayaklar\u0131m\u0131n alt\u0131ndan ka\u00e7acak ne de D\u00fcnya ayaklar\u0131m\u0131n alt\u0131n\u0131 a\u015facak de\u011fildir. <\/p>\n","protected":false},"excerpt":{"rendered":"<p>Kuzey Kafkasyal\u0131lar\u0131n SOYKIRIM olarak niteledikleri olay WUINE\u011eOE (A\u0130LE) kavram\u0131 ve anlam\u0131n\u0131n zay\u0131flat\u0131lmas\u0131nda SEBEP de\u011fildir. Bu daha \u00e7ok bu Evren ve bu D\u00fcnyan\u0131n GER\u00c7EK ve DO\u011eRULARININ Kuzey<span class=\"excerpt-hellip\"> [\u2026]<\/span><\/p>\n","protected":false},"featured_media":0,"template":"","meta":{"_monsterinsights_skip_tracking":false,"_monsterinsights_sitenote_active":false,"_monsterinsights_sitenote_note":"","_monsterinsights_sitenote_category":0},"product_brand":[],"product_cat":[12370,12304],"product_tag":[],"class_list":{"0":"post-776580","1":"product","2":"type-product","3":"status-publish","5":"product_cat-arastirma-inceleme","6":"product_cat-tarih","7":"pa_cilt-ciltsiz","8":"pa_tur-kitap","9":"pa_yayinevi-zet-akademi-yayinlari","10":"pa_yazar-deniz-yildiz","12":"first","13":"instock","14":"sale","15":"shipping-taxable","16":"purchasable","17":"product-type-simple"},"_links":{"self":[{"href":"https:\/\/roveyayinevi.com.tr\/index.php\/wp-json\/wp\/v2\/product\/776580","targetHints":{"allow":["GET"]}}],"collection":[{"href":"https:\/\/roveyayinevi.com.tr\/index.php\/wp-json\/wp\/v2\/product"}],"about":[{"href":"https:\/\/roveyayinevi.com.tr\/index.php\/wp-json\/wp\/v2\/types\/product"}],"wp:attachment":[{"href":"https:\/\/roveyayinevi.com.tr\/index.php\/wp-json\/wp\/v2\/media?parent=776580"}],"wp:term":[{"taxonomy":"product_brand","embeddable":true,"href":"https:\/\/roveyayinevi.com.tr\/index.php\/wp-json\/wp\/v2\/product_brand?post=776580"},{"taxonomy":"product_cat","embeddable":true,"href":"https:\/\/roveyayinevi.com.tr\/index.php\/wp-json\/wp\/v2\/product_cat?post=776580"},{"taxonomy":"product_tag","embeddable":true,"href":"https:\/\/roveyayinevi.com.tr\/index.php\/wp-json\/wp\/v2\/product_tag?post=776580"}],"curies":[{"name":"wp","href":"https:\/\/api.w.org\/{rel}","templated":true}]}}