{"id":776579,"date":"2025-09-30T09:56:19","date_gmt":"2025-09-30T06:56:19","guid":{"rendered":"https:\/\/roveyayinevi.com.tr\/index.php\/urun\/egitici-eglenceli-boyama-kitabi\/"},"modified":"2026-04-16T03:12:59","modified_gmt":"2026-04-16T00:12:59","slug":"egitici-eglenceli-boyama-kitabi","status":"publish","type":"product","link":"https:\/\/roveyayinevi.com.tr\/index.php\/urun\/egitici-eglenceli-boyama-kitabi\/","title":{"rendered":"E\u011fitici &amp; E\u011flenceli Boyama Kitab\u0131"},"content":{"rendered":"<p>De\u011ferli Ebeveynler, Bu boyama kitab\u0131n\u0131 \u00e7ocuklar\u0131n\u0131za sunarken, onlar\u0131n sa\u011fl\u0131kl\u0131 bir geli\u015fim s\u00fcreci ge\u00e7irmelerine katk\u0131da bulunman\u0131n yan\u0131 s\u0131ra, modern teknolojinin sundu\u011fu olanaklara a\u015f\u0131r\u0131 ba\u011f\u0131ml\u0131l\u0131k gibi zararl\u0131 aktivitelerden uzakla\u015fmalar\u0131na da destek oluyoruz. Telefonlar ve televizyon gibi ba\u011f\u0131ml\u0131l\u0131k yapan aktiviteler, \u00e7ocuklar\u0131n fiziksel, duygusal ve sosyal geli\u015fimlerini olumsuz etkileyebilir. G\u00fcn\u00fcm\u00fczde teknolojinin sundu\u011fu olanaklar elbette de\u011ferlidir, ancak a\u015f\u0131r\u0131 kullan\u0131m\u0131 \u00e7ocuklar\u0131n ger\u00e7ek d\u00fcnyayla ba\u011flant\u0131s\u0131n\u0131 zay\u0131flatabilir. Ekran ba\u015f\u0131nda ge\u00e7irilen uzun saatler, \u00e7ocuklar\u0131n sosyal becerilerini geli\u015ftirmelerini engelleyebilir ve yarat\u0131c\u0131l\u0131klar\u0131n\u0131 s\u0131n\u0131rlayabilir. Ayr\u0131ca, bu t\u00fcr aktivitelerin a\u015f\u0131r\u0131ya ka\u00e7mas\u0131, \u00e7ocuklarda uyku d\u00fczeni sorunlar\u0131na ve dikkat eksikli\u011fi gibi sa\u011fl\u0131k sorunlar\u0131na yol a\u00e7abilir. Bu kitap, \u00e7ocuklar\u0131n\u0131z\u0131n \u00f6zg\u00fcn d\u00fc\u015f\u00fcnce tarzlar\u0131n\u0131 geli\u015ftirmelerine, duygusal ifadelerini bulmalar\u0131na ve el-g\u00f6z koordinasyonlar\u0131n\u0131 g\u00fc\u00e7lendirmelerine yard\u0131mc\u0131 olman\u0131n yan\u0131 s\u0131ra, onlar\u0131 telefon ve televizyon gibi ba\u011f\u0131ml\u0131l\u0131k yapan aktivitelerden uzakla\u015ft\u0131rarak ger\u00e7ek d\u00fcnyayla daha sa\u011fl\u0131kl\u0131 bir denge kurmalar\u0131na da yard\u0131mc\u0131 olacakt\u0131r. Sa\u011fl\u0131kl\u0131 b\u00fcy\u00fcmeleri ve mutlu bir \u00e7ocukluk ge\u00e7irmeleri dile\u011fiyle&#8230; Sevgi ve Sayg\u0131lar\u0131m\u0131zla, <\/p>\n","protected":false},"excerpt":{"rendered":"<p>De\u011ferli Ebeveynler, Bu boyama kitab\u0131n\u0131 \u00e7ocuklar\u0131n\u0131za sunarken, onlar\u0131n sa\u011fl\u0131kl\u0131 bir geli\u015fim s\u00fcreci ge\u00e7irmelerine katk\u0131da bulunman\u0131n yan\u0131 s\u0131ra, modern teknolojinin sundu\u011fu olanaklara a\u015f\u0131r\u0131 ba\u011f\u0131ml\u0131l\u0131k gibi zararl\u0131 aktivitelerden<span class=\"excerpt-hellip\"> [\u2026]<\/span><\/p>\n","protected":false},"featured_media":0,"template":"","meta":{"_monsterinsights_skip_tracking":false,"_monsterinsights_sitenote_active":false,"_monsterinsights_sitenote_note":"","_monsterinsights_sitenote_category":0},"product_brand":[],"product_cat":[12644,12274],"product_tag":[],"class_list":{"0":"post-776579","1":"product","2":"type-product","3":"status-publish","5":"product_cat-boyama-kitaplari","6":"product_cat-cocuk-ve-genclik-kitaplari","7":"pa_cilt-ciltsiz","8":"pa_tur-kitap","9":"pa_yayinevi-zet-yayinlari","10":"pa_yazar-onur-ozturk","12":"first","13":"instock","14":"sale","15":"shipping-taxable","16":"purchasable","17":"product-type-simple"},"_links":{"self":[{"href":"https:\/\/roveyayinevi.com.tr\/index.php\/wp-json\/wp\/v2\/product\/776579","targetHints":{"allow":["GET"]}}],"collection":[{"href":"https:\/\/roveyayinevi.com.tr\/index.php\/wp-json\/wp\/v2\/product"}],"about":[{"href":"https:\/\/roveyayinevi.com.tr\/index.php\/wp-json\/wp\/v2\/types\/product"}],"wp:attachment":[{"href":"https:\/\/roveyayinevi.com.tr\/index.php\/wp-json\/wp\/v2\/media?parent=776579"}],"wp:term":[{"taxonomy":"product_brand","embeddable":true,"href":"https:\/\/roveyayinevi.com.tr\/index.php\/wp-json\/wp\/v2\/product_brand?post=776579"},{"taxonomy":"product_cat","embeddable":true,"href":"https:\/\/roveyayinevi.com.tr\/index.php\/wp-json\/wp\/v2\/product_cat?post=776579"},{"taxonomy":"product_tag","embeddable":true,"href":"https:\/\/roveyayinevi.com.tr\/index.php\/wp-json\/wp\/v2\/product_tag?post=776579"}],"curies":[{"name":"wp","href":"https:\/\/api.w.org\/{rel}","templated":true}]}}