{"id":776577,"date":"2025-09-30T09:50:06","date_gmt":"2025-09-30T06:50:06","guid":{"rendered":"https:\/\/roveyayinevi.com.tr\/index.php\/urun\/insanligin-yapitaslari\/"},"modified":"2026-04-16T03:11:54","modified_gmt":"2026-04-16T00:11:54","slug":"insanligin-yapitaslari","status":"publish","type":"product","link":"https:\/\/roveyayinevi.com.tr\/index.php\/urun\/insanligin-yapitaslari\/","title":{"rendered":"\u0130nsanl\u0131\u011f\u0131n Yap\u0131ta\u015flar\u0131"},"content":{"rendered":"<p>Ak\u0131l ve ruh sa\u011fl\u0131\u011f\u0131 yerinde olan her insandan d\u00fcr\u00fcst, \u00f6l\u00e7\u00fcl\u00fc, empati yapabilen, her \u015fart alt\u0131nda adil davranan, nezaket ve zarafet i\u00e7eren davran\u0131\u015flar sergileyerek g\u00fczel ahlakl\u0131 olmas\u0131 beklenir. Bu \u00f6zelliklerin t\u00fcm\u00fc peygamberlerde mevcuttur. \u00c7\u00fcnk\u00fc onlar Y\u00fcce Allah\u2019\u0131n se\u00e7kin kullar\u0131d\u0131r. Peygamberler, s\u00f6ylemleri ile eylemleri ayn\u0131 olan do\u011fruluk ve d\u00fcr\u00fcstl\u00fck abidesi insanlard\u0131r. Her peygamber i\u00e7inde ya\u015fad\u0131\u011f\u0131 ve hitap etti\u011fi topluma; \u015fartlar ne olursa olsun do\u011fru s\u00f6ylemeyi, verilen s\u00f6zlerin yerine getirilmesini, emanete riayet edilmesini, iffetin korunmas\u0131n\u0131, haramdan ka\u00e7\u0131narak k\u00f6t\u00fcl\u00fcklerden uzak durulmas\u0131n\u0131 istemi\u015ftir. Her zaman \u00f6fkenin yerine sevginin, d\u00fc\u015fmanl\u0131\u011f\u0131n yerine bar\u0131\u015f\u0131n, k\u00f6t\u00fcl\u00fc\u011f\u00fcn yerine iyili\u011fin h\u00e2kim k\u0131l\u0131nmas\u0131n\u0131, zalimin kar\u015f\u0131s\u0131nda mazlumun yan\u0131nda durmay\u0131 \u00f6\u011f\u00fctleyerek; toplumda g\u00fczel ahlak\u0131n tesis edilmesi i\u00e7in \u00e7aba sarfetmi\u015ftir. Bu nedenle insanl\u0131\u011f\u0131n ilk yap\u0131ta\u015flar\u0131 peygamberlerdir. S\u00f6ylem ve eylemlerdeki tutarl\u0131l\u0131k insan\u0131 insan yapan davran\u0131\u015flar\u0131n ba\u015f\u0131nda gelir. S\u00f6ylemleri do\u011frultusunda eylemler yapan insan tutarl\u0131 insand\u0131r. Tutarl\u0131l\u0131\u011f\u0131n zirve noktas\u0131 da ki\u015finin inand\u0131\u011f\u0131 ve savundu\u011fu dava i\u00e7in \u00f6l\u00fcm\u00fc bile g\u00f6ze alabilmesi ve hatta o u\u011furda \u00f6lebilmesidir. T\u0131pk\u0131 Sokrates gibi\u2026 Ad\u0131 yolsuzlu\u011fa kar\u0131\u015fan o\u011flunu idam ettirerek d\u00fcnyada gelmi\u015f ge\u00e7mi\u015f t\u00fcm devlet ba\u015fkanlar\u0131na \u00f6rnek olacak bir davran\u0131\u015f sergileyen h\u00fck\u00fcmdar Nu\u015firevan, adalet konusunda insanl\u0131\u011f\u0131n bir ba\u015fka yap\u0131 ta\u015f\u0131d\u0131r.  Halk\u0131 i\u00e7in ortaya koydu\u011fu ana \u015fefkatindeki fedak\u00e2rl\u0131ktan dolay\u0131 ad\u0131 y\u00fczy\u0131llard\u0131r sanat\u0131n her t\u00fcr\u00fcne konu olan Godiva ile \u00f6mr\u00fcn\u00fc bilime adayarak; d\u00fcnyan\u0131n ilk bilgisayar programc\u0131s\u0131 olarak kabul edilen, say\u0131lar\u0131n b\u00fcy\u00fcc\u00fc kad\u0131n\u0131 olarak da an\u0131lan Ada Lovelace\u2019n\u0131n yan\u0131nda Filistin\u2019deki \u0130srail zulm\u00fcne kar\u015f\u0131 direnirken \u00fczerine buldozer s\u00fcr\u00fclerek \u00f6ld\u00fcr\u00fclen, \u201cKarde\u015flerim bakmay\u0131n sar\u0131 sa\u00e7l\u0131 oldu\u011fuma ben Asyal\u0131y\u0131m. Bakmay\u0131n mavi g\u00f6zl\u00fc oldu\u011fuma ben Afrikal\u0131y\u0131m\u201d, \u201cZul\u00fcm bizdense ben bizden de\u011filim\u201d diyen ABD\u2019li aktivist Rachel Corrie\u2019de insanl\u0131\u011f\u0131n ba\u015fka bir yap\u0131 ta\u015f\u0131d\u0131r. <\/p>\n","protected":false},"excerpt":{"rendered":"<p>Ak\u0131l ve ruh sa\u011fl\u0131\u011f\u0131 yerinde olan her insandan d\u00fcr\u00fcst, \u00f6l\u00e7\u00fcl\u00fc, empati yapabilen, her \u015fart alt\u0131nda adil davranan, nezaket ve zarafet i\u00e7eren davran\u0131\u015flar sergileyerek g\u00fczel ahlakl\u0131 olmas\u0131<span class=\"excerpt-hellip\"> [\u2026]<\/span><\/p>\n","protected":false},"featured_media":0,"template":"","meta":{"_monsterinsights_skip_tracking":false,"_monsterinsights_sitenote_active":false,"_monsterinsights_sitenote_note":"","_monsterinsights_sitenote_category":0},"product_brand":[],"product_cat":[12777,12291],"product_tag":[],"class_list":{"0":"post-776577","1":"product","2":"type-product","3":"status-publish","5":"product_cat-deneme","6":"product_cat-edebiyat","7":"pa_cilt-ciltsiz","8":"pa_tur-kitap","9":"pa_yayinevi-zet-yayinlari","10":"pa_yazar-serafettin-ozisik","12":"first","13":"instock","14":"sale","15":"shipping-taxable","16":"purchasable","17":"product-type-simple"},"_links":{"self":[{"href":"https:\/\/roveyayinevi.com.tr\/index.php\/wp-json\/wp\/v2\/product\/776577","targetHints":{"allow":["GET"]}}],"collection":[{"href":"https:\/\/roveyayinevi.com.tr\/index.php\/wp-json\/wp\/v2\/product"}],"about":[{"href":"https:\/\/roveyayinevi.com.tr\/index.php\/wp-json\/wp\/v2\/types\/product"}],"wp:attachment":[{"href":"https:\/\/roveyayinevi.com.tr\/index.php\/wp-json\/wp\/v2\/media?parent=776577"}],"wp:term":[{"taxonomy":"product_brand","embeddable":true,"href":"https:\/\/roveyayinevi.com.tr\/index.php\/wp-json\/wp\/v2\/product_brand?post=776577"},{"taxonomy":"product_cat","embeddable":true,"href":"https:\/\/roveyayinevi.com.tr\/index.php\/wp-json\/wp\/v2\/product_cat?post=776577"},{"taxonomy":"product_tag","embeddable":true,"href":"https:\/\/roveyayinevi.com.tr\/index.php\/wp-json\/wp\/v2\/product_tag?post=776577"}],"curies":[{"name":"wp","href":"https:\/\/api.w.org\/{rel}","templated":true}]}}