{"id":776576,"date":"2025-09-30T09:39:21","date_gmt":"2025-09-30T06:39:21","guid":{"rendered":"https:\/\/roveyayinevi.com.tr\/index.php\/urun\/egitimde-nitel-arastirma-desenleri\/"},"modified":"2026-04-16T03:10:40","modified_gmt":"2026-04-16T00:10:40","slug":"egitimde-nitel-arastirma-desenleri","status":"publish","type":"product","link":"https:\/\/roveyayinevi.com.tr\/index.php\/urun\/egitimde-nitel-arastirma-desenleri\/","title":{"rendered":"E\u011fitimde Nitel Ara\u015ft\u0131rma Desenleri"},"content":{"rendered":"<p>Bu kitab\u0131n sahip oldu\u011fu ve onu di\u011ferlerinden farkl\u0131 k\u0131lan en \u00f6nemli \u00f6zellik ise b\u00f6l\u00fcm yazarlar\u0131n\u0131n tan\u0131tt\u0131klar\u0131 her nitel ara\u015ft\u0131rma desenine ili\u015fkin kendi ki\u015fisel tecr\u00fcbelerine (kendi ara\u015ft\u0131rmalar\u0131ndan \u00f6rneklere) s\u0131k\u00e7a at\u0131fta bulunarak yer vermesidir. Bu yolla, herhangi bir nitel ara\u015ft\u0131rma deseniyle y\u00fcr\u00fct\u00fclen bir ara\u015ft\u0131rma s\u00fcreci esnas\u0131nda kar\u015f\u0131la\u015f\u0131labilecek olas\u0131 durumlar ve bu durumlara ili\u015fkin verilmesi gereken kararlar ilk elden tecr\u00fcbeler \u0131\u015f\u0131\u011f\u0131nda okuyucuyla payla\u015f\u0131lmaktad\u0131r.   Bu vesileyle, b\u00f6l\u00fcm yazarlar\u0131na katk\u0131lar\u0131ndan dolay\u0131 \u00e7ok te\u015fekk\u00fcr ederiz. B\u00f6l\u00fcmleri okuduk\u00e7a, b\u00f6l\u00fcm yazarlar\u0131n\u0131n her birinin kaleme ald\u0131\u011f\u0131 nitel ara\u015ft\u0131rma deseninde yetkin oldu\u011funu sizler de rahatl\u0131kla fark edeceksiniz. Ancak, b\u00f6l\u00fcmlerde yaz\u0131m hatalar\u0131ndan kaynaklanan yanl\u0131\u015fl\u0131klar varsa, edit\u00f6rler olarak bunlar\u0131n sorumlulu\u011funu kabul etti\u011fimizi \u015fimdiden beyan ederiz.<\/p>\n","protected":false},"excerpt":{"rendered":"<p>Bu kitab\u0131n sahip oldu\u011fu ve onu di\u011ferlerinden farkl\u0131 k\u0131lan en \u00f6nemli \u00f6zellik ise b\u00f6l\u00fcm yazarlar\u0131n\u0131n tan\u0131tt\u0131klar\u0131 her nitel ara\u015ft\u0131rma desenine ili\u015fkin kendi ki\u015fisel tecr\u00fcbelerine (kendi ara\u015ft\u0131rmalar\u0131ndan<span class=\"excerpt-hellip\"> [\u2026]<\/span><\/p>\n","protected":false},"featured_media":0,"template":"","meta":{"_monsterinsights_skip_tracking":false,"_monsterinsights_sitenote_active":false,"_monsterinsights_sitenote_note":"","_monsterinsights_sitenote_category":0},"product_brand":[],"product_cat":[12573,12566],"product_tag":[],"class_list":{"0":"post-776576","1":"product","2":"type-product","3":"status-publish","5":"product_cat-akademik-kitaplar","6":"product_cat-egitim","7":"pa_cilt-ciltsiz","8":"pa_tur-kitap","9":"pa_yayinevi-egiten-kitap","10":"pa_yazar-kolektif","12":"first","13":"instock","14":"sale","15":"shipping-taxable","16":"purchasable","17":"product-type-simple"},"_links":{"self":[{"href":"https:\/\/roveyayinevi.com.tr\/index.php\/wp-json\/wp\/v2\/product\/776576","targetHints":{"allow":["GET"]}}],"collection":[{"href":"https:\/\/roveyayinevi.com.tr\/index.php\/wp-json\/wp\/v2\/product"}],"about":[{"href":"https:\/\/roveyayinevi.com.tr\/index.php\/wp-json\/wp\/v2\/types\/product"}],"wp:attachment":[{"href":"https:\/\/roveyayinevi.com.tr\/index.php\/wp-json\/wp\/v2\/media?parent=776576"}],"wp:term":[{"taxonomy":"product_brand","embeddable":true,"href":"https:\/\/roveyayinevi.com.tr\/index.php\/wp-json\/wp\/v2\/product_brand?post=776576"},{"taxonomy":"product_cat","embeddable":true,"href":"https:\/\/roveyayinevi.com.tr\/index.php\/wp-json\/wp\/v2\/product_cat?post=776576"},{"taxonomy":"product_tag","embeddable":true,"href":"https:\/\/roveyayinevi.com.tr\/index.php\/wp-json\/wp\/v2\/product_tag?post=776576"}],"curies":[{"name":"wp","href":"https:\/\/api.w.org\/{rel}","templated":true}]}}