{"id":776575,"date":"2025-09-30T09:38:05","date_gmt":"2025-09-30T06:38:05","guid":{"rendered":"https:\/\/roveyayinevi.com.tr\/index.php\/urun\/erken-cocuklukta-ozel-egitim\/"},"modified":"2026-04-13T03:17:11","modified_gmt":"2026-04-13T00:17:11","slug":"erken-cocuklukta-ozel-egitim","status":"publish","type":"product","link":"https:\/\/roveyayinevi.com.tr\/index.php\/urun\/erken-cocuklukta-ozel-egitim\/","title":{"rendered":"Erken \u00c7ocuklukta \u00d6zel E\u011fitim"},"content":{"rendered":"<p>Erken \u00e7ocukluk 0-8 ya\u015f aras\u0131 d\u00f6nemi kapsamakta ve geli\u015fim i\u00e7in \u00e7ok \u00f6nemli bir d\u00f6nem olarak bilinmektedir. Bu d\u00f6nemin en belirgin \u00f6zelliklerinden birisi \u00e7ocuklar\u0131n geli\u015fimlerinin \u00e7ok h\u0131zl\u0131 olmas\u0131d\u0131r. Alan yaz\u0131nda bu d\u00f6nemin beyin geli\u015fimi i\u00e7in \u00e7ok \u00f6nemli oldu\u011fu ayr\u0131ca Snapsis a\u011flar\u0131n\u0131n olu\u015fumu ve geli\u015fiminin bu d\u00f6nemde \u00e7ok yo\u011fun oldu\u011fu da belirtilmektedir. Bu nedenle erken \u00e7ocukluk d\u00f6nemindeki \u00e7ocuklar\u0131n bu d\u00f6nemi bir\u00e7ok y\u00f6nden kaliteli ve zengin ya\u015fant\u0131larla ge\u00e7irmesi gerekmektedir.   Bu d\u00f6nemde riskli ya da geli\u015fimsel gerilikleri bulunan \u00e7ocuklar\u0131n da bu d\u00f6nemi kaliteli ve zengin ya\u015fant\u0131larla ge\u00e7irmesi gerekti\u011finin \u00f6nemli oldu\u011fu da alan yaz\u0131nda belirtilmektedir. Literat\u00fcrde, erken \u00e7ocukluk d\u00f6nemi \u00f6zel e\u011fitimi, yetersizli\u011fi, geli\u015fim gerili\u011fi ya da riskli olan 0-6\/8 ya\u015f aras\u0131ndaki \u00e7ocuklara ve bu \u00e7ocuklar\u0131n ailelerine sunulan hizmetler olarak tan\u0131mlanmaktad\u0131r.<\/p>\n","protected":false},"excerpt":{"rendered":"<p>Erken \u00e7ocukluk 0-8 ya\u015f aras\u0131 d\u00f6nemi kapsamakta ve geli\u015fim i\u00e7in \u00e7ok \u00f6nemli bir d\u00f6nem olarak bilinmektedir. Bu d\u00f6nemin en belirgin \u00f6zelliklerinden birisi \u00e7ocuklar\u0131n geli\u015fimlerinin \u00e7ok h\u0131zl\u0131<span class=\"excerpt-hellip\"> [\u2026]<\/span><\/p>\n","protected":false},"featured_media":0,"template":"","meta":{"_monsterinsights_skip_tracking":false,"_monsterinsights_sitenote_active":false,"_monsterinsights_sitenote_note":"","_monsterinsights_sitenote_category":0},"product_brand":[],"product_cat":[12573,12566],"product_tag":[],"class_list":{"0":"post-776575","1":"product","2":"type-product","3":"status-publish","5":"product_cat-akademik-kitaplar","6":"product_cat-egitim","7":"pa_cilt-ciltsiz","8":"pa_tur-kitap","9":"pa_yayinevi-egiten-kitap","10":"pa_yazar-kolektif","12":"first","13":"instock","14":"sale","15":"shipping-taxable","16":"purchasable","17":"product-type-simple"},"_links":{"self":[{"href":"https:\/\/roveyayinevi.com.tr\/index.php\/wp-json\/wp\/v2\/product\/776575","targetHints":{"allow":["GET"]}}],"collection":[{"href":"https:\/\/roveyayinevi.com.tr\/index.php\/wp-json\/wp\/v2\/product"}],"about":[{"href":"https:\/\/roveyayinevi.com.tr\/index.php\/wp-json\/wp\/v2\/types\/product"}],"wp:attachment":[{"href":"https:\/\/roveyayinevi.com.tr\/index.php\/wp-json\/wp\/v2\/media?parent=776575"}],"wp:term":[{"taxonomy":"product_brand","embeddable":true,"href":"https:\/\/roveyayinevi.com.tr\/index.php\/wp-json\/wp\/v2\/product_brand?post=776575"},{"taxonomy":"product_cat","embeddable":true,"href":"https:\/\/roveyayinevi.com.tr\/index.php\/wp-json\/wp\/v2\/product_cat?post=776575"},{"taxonomy":"product_tag","embeddable":true,"href":"https:\/\/roveyayinevi.com.tr\/index.php\/wp-json\/wp\/v2\/product_tag?post=776575"}],"curies":[{"name":"wp","href":"https:\/\/api.w.org\/{rel}","templated":true}]}}