{"id":776574,"date":"2025-09-30T08:43:42","date_gmt":"2025-09-30T05:43:42","guid":{"rendered":"https:\/\/roveyayinevi.com.tr\/index.php\/urun\/dogum-oncesinden-ilk-okuma-yazma-ogretimine-erken-okuryazarlik\/"},"modified":"2026-04-16T03:03:05","modified_gmt":"2026-04-16T00:03:05","slug":"dogum-oncesinden-ilk-okuma-yazma-ogretimine-erken-okuryazarlik","status":"publish","type":"product","link":"https:\/\/roveyayinevi.com.tr\/index.php\/urun\/dogum-oncesinden-ilk-okuma-yazma-ogretimine-erken-okuryazarlik\/","title":{"rendered":"Do\u011fum \u00d6ncesinden \u0130lk Okuma Yazma \u00d6\u011fretimine Erken Okuryazarl\u0131k"},"content":{"rendered":"<p>Erken okuryazarl\u0131k ise do\u011fum \u00f6ncesinden ba\u015flayarak, s\u00f6zel dil etkile\u015fimleri ve zamanla yaz\u0131l\u0131 materyallerin devreye girmesiyle \u00e7ocu\u011fun yak\u0131n \u00e7evresinin ve e\u011fitimcilerin deste\u011fiyle edindi\u011fi dil becerilerini kapsayan, okuma yazman\u0131n \u00f6nc\u00fc kazan\u0131mlar\u0131n\u0131 i\u00e7eren ve hayat boyu etkisini g\u00f6sterecek okuma yazma s\u00fcrecinin ba\u015flang\u0131c\u0131d\u0131r. Erken okuryazarl\u0131k d\u00f6neminde kazan\u0131lan beceriler, okuma yazman\u0131n \u00f6nc\u00fcleri olmas\u0131 ve do\u011frudan okuma yazma \u00f6\u011frenimini etkilemesi nedeniyle \u00f6nemlidir. \u0130lkokulda formal okuma yazma \u00f6\u011fretimine ba\u015flayana kadar ge\u00e7en s\u00fcrede dil becerilerinden anlama ve anlatma becerileri geli\u015ferek erken okuryazarl\u0131k s\u00fcrecini olu\u015fturmaktad\u0131r. Bu etkinlikler ve \u00e7al\u0131\u015fmalar okuma yazma \u00f6\u011freniminin temelini olu\u015fturdu\u011fundan \u00e7ok \u00f6nemli bir yere sahiptir.   Erken okuryazarl\u0131k; ilkokulda formal ilk okuma yazma \u00f6\u011fretiminden \u00f6nce okuma yazmaya \u00f6nc\u00fcl\u00fck eden bilgi ve becerileri kapsar. Bu kitapta s\u00f6z konusu beceriler; dinleme, konu\u015fma, okuma ve yazma olarak ele al\u0131nm\u0131\u015f ve bu becerilerin gereklili\u011fi, \u00f6nemi \u00fczerinde durulmu\u015ftur. Ayr\u0131ca m\u00fcmk\u00fcn olan en erken d\u00f6nemden itibaren bu beceri alanlar\u0131n\u0131n ebeveynler ve e\u011fitimciler taraf\u0131ndan nas\u0131l desteklenmesi gerekti\u011fi konular\u0131 ele al\u0131nm\u0131\u015ft\u0131r.<\/p>\n","protected":false},"excerpt":{"rendered":"<p>Erken okuryazarl\u0131k ise do\u011fum \u00f6ncesinden ba\u015flayarak, s\u00f6zel dil etkile\u015fimleri ve zamanla yaz\u0131l\u0131 materyallerin devreye girmesiyle \u00e7ocu\u011fun yak\u0131n \u00e7evresinin ve e\u011fitimcilerin deste\u011fiyle edindi\u011fi dil becerilerini kapsayan, okuma<span class=\"excerpt-hellip\"> [\u2026]<\/span><\/p>\n","protected":false},"featured_media":0,"template":"","meta":{"_monsterinsights_skip_tracking":false,"_monsterinsights_sitenote_active":false,"_monsterinsights_sitenote_note":"","_monsterinsights_sitenote_category":0},"product_brand":[],"product_cat":[12573,12566],"product_tag":[],"class_list":{"0":"post-776574","1":"product","2":"type-product","3":"status-publish","5":"product_cat-akademik-kitaplar","6":"product_cat-egitim","7":"pa_cilt-ciltsiz","8":"pa_tur-kitap","9":"pa_yayinevi-egiten-kitap","10":"pa_yazar-kolektif","12":"first","13":"instock","14":"sale","15":"shipping-taxable","16":"purchasable","17":"product-type-simple"},"_links":{"self":[{"href":"https:\/\/roveyayinevi.com.tr\/index.php\/wp-json\/wp\/v2\/product\/776574","targetHints":{"allow":["GET"]}}],"collection":[{"href":"https:\/\/roveyayinevi.com.tr\/index.php\/wp-json\/wp\/v2\/product"}],"about":[{"href":"https:\/\/roveyayinevi.com.tr\/index.php\/wp-json\/wp\/v2\/types\/product"}],"wp:attachment":[{"href":"https:\/\/roveyayinevi.com.tr\/index.php\/wp-json\/wp\/v2\/media?parent=776574"}],"wp:term":[{"taxonomy":"product_brand","embeddable":true,"href":"https:\/\/roveyayinevi.com.tr\/index.php\/wp-json\/wp\/v2\/product_brand?post=776574"},{"taxonomy":"product_cat","embeddable":true,"href":"https:\/\/roveyayinevi.com.tr\/index.php\/wp-json\/wp\/v2\/product_cat?post=776574"},{"taxonomy":"product_tag","embeddable":true,"href":"https:\/\/roveyayinevi.com.tr\/index.php\/wp-json\/wp\/v2\/product_tag?post=776574"}],"curies":[{"name":"wp","href":"https:\/\/api.w.org\/{rel}","templated":true}]}}