{"id":776572,"date":"2025-09-30T04:11:40","date_gmt":"2025-09-30T01:11:40","guid":{"rendered":"https:\/\/roveyayinevi.com.tr\/index.php\/urun\/sissoylu-kanun-alasimi\/"},"modified":"2026-04-16T02:18:49","modified_gmt":"2026-04-15T23:18:49","slug":"sissoylu-kanun-alasimi","status":"publish","type":"product","link":"https:\/\/roveyayinevi.com.tr\/index.php\/urun\/sissoylu-kanun-alasimi\/","title":{"rendered":"Sissoylu &#8211; Kanun Ala\u015f\u0131m\u0131"},"content":{"rendered":"<p>Sissoylu \u00dc\u00e7lemesi&#8217;nde ya\u015fanan olaylar\u0131n ard\u0131ndan \u00fc\u00e7 y\u00fcz y\u0131l geride kald\u0131 ve hem bilimde hem de teknolojide\u00f6nemli geli\u015fmeler ya\u015fand\u0131. Trenleri, elektrik enerjisi ve hatta yeni yeni boy g\u00f6stermeye ba\u015flayan g\u00f6kdelenleriyle,Scadrial art\u0131k modern zamanlar\u0131n e\u015fi\u011finde.Ancak t\u00fcm bu heyecan verici geli\u015fmelere ra\u011fmen, b\u00fcy\u00fc bu d\u00fcnyan\u0131n kaderine etki etmeye devam ediyor.Yabanlar ad\u0131 verilen uzak diyarlarda adalet ve d\u00fczen sa\u011flamaya \u00e7al\u0131\u015fanlar i\u00e7in, Allomansi ve Ferusimya \u00e2detavazge\u00e7ilmez.Bu ki\u015filerden biri, Allomansi ile metalleri \u0130ten ve arzu etti\u011finde, daha a\u011f\u0131r ya da hafif olabilmek i\u00e7in Ferusimyakullanan Waxillium Ladrian ve o, az rastlanan bir \u00c7iftsoylu. Yabanlar&#8217;da ge\u00e7en yirmi y\u0131l\u0131n ard\u0131ndan, Wax \u015fimdisilahlar\u0131n\u0131 kald\u0131rmak ve soylu bir Ev&#8217;in ba\u015f\u0131ndaki ki\u015fiye d\u00fc\u015fen zorunlu g\u00f6revleri \u00fcstlenmek zorunda.Acaba etkileyici yap\u0131lar\u0131 ve iki yan\u0131 dizi dizi a\u011fa\u00e7larla s\u00fcsl\u00fc ve \u015f\u0131k yollar\u0131na ra\u011fmen, bu \u015fehir Yabanlar&#8217;dan dahatehlikeli bir yer olabilir mi?\u201cSanderson, bu t\u00fcr\u00fcn en ba\u015far\u0131l\u0131 yazarlar\u0131ndan biri oldu\u011funu g\u00f6stermeye devam ediyor.\u201dLibrary Journal\u201cK\u0131smen Sherlock Holmes k\u0131smen X-Men olarak adland\u0131r\u0131labilecek bu roman, okuyucular\u0131na heyecan dolu birokuma vadediyor.\u201dPublishers Weekly<\/p>\n","protected":false},"excerpt":{"rendered":"<p>Sissoylu \u00dc\u00e7lemesi&#8217;nde ya\u015fanan olaylar\u0131n ard\u0131ndan \u00fc\u00e7 y\u00fcz y\u0131l geride kald\u0131 ve hem bilimde hem de teknolojide\u00f6nemli geli\u015fmeler ya\u015fand\u0131. Trenleri, elektrik enerjisi ve hatta yeni yeni boy<span class=\"excerpt-hellip\"> [\u2026]<\/span><\/p>\n","protected":false},"featured_media":0,"template":"","meta":{"_monsterinsights_skip_tracking":false,"_monsterinsights_sitenote_active":false,"_monsterinsights_sitenote_note":"","_monsterinsights_sitenote_category":0},"product_brand":[],"product_cat":[12291,14777],"product_tag":[],"class_list":{"0":"post-776572","1":"product","2":"type-product","3":"status-publish","5":"product_cat-edebiyat","6":"product_cat-fantastik","7":"pa_cilt-ciltsiz","8":"pa_tur-kitap","9":"pa_yayinevi-akil-celen-kitaplar","10":"pa_yazar-brandon-sanderson","12":"first","13":"instock","14":"sale","15":"shipping-taxable","16":"purchasable","17":"product-type-simple"},"_links":{"self":[{"href":"https:\/\/roveyayinevi.com.tr\/index.php\/wp-json\/wp\/v2\/product\/776572","targetHints":{"allow":["GET"]}}],"collection":[{"href":"https:\/\/roveyayinevi.com.tr\/index.php\/wp-json\/wp\/v2\/product"}],"about":[{"href":"https:\/\/roveyayinevi.com.tr\/index.php\/wp-json\/wp\/v2\/types\/product"}],"wp:attachment":[{"href":"https:\/\/roveyayinevi.com.tr\/index.php\/wp-json\/wp\/v2\/media?parent=776572"}],"wp:term":[{"taxonomy":"product_brand","embeddable":true,"href":"https:\/\/roveyayinevi.com.tr\/index.php\/wp-json\/wp\/v2\/product_brand?post=776572"},{"taxonomy":"product_cat","embeddable":true,"href":"https:\/\/roveyayinevi.com.tr\/index.php\/wp-json\/wp\/v2\/product_cat?post=776572"},{"taxonomy":"product_tag","embeddable":true,"href":"https:\/\/roveyayinevi.com.tr\/index.php\/wp-json\/wp\/v2\/product_tag?post=776572"}],"curies":[{"name":"wp","href":"https:\/\/api.w.org\/{rel}","templated":true}]}}