{"id":776569,"date":"2025-09-30T03:09:36","date_gmt":"2025-09-30T00:09:36","guid":{"rendered":"https:\/\/roveyayinevi.com.tr\/index.php\/urun\/insan-muhendisligi\/"},"modified":"2025-09-30T12:55:54","modified_gmt":"2025-09-30T09:55:54","slug":"insan-muhendisligi","status":"publish","type":"product","link":"https:\/\/roveyayinevi.com.tr\/index.php\/urun\/insan-muhendisligi\/","title":{"rendered":"\u0130nsan M\u00fchendisli\u011fi"},"content":{"rendered":"<p>N\u00dcV\u0130T OSM AY, T\u00fcrkiye&#8217;de modern ba\u015far\u0131 k\u00fclt\u00fcr\u00fcn\u00fcn \u00fcreticilerinden biridir. Amerikal\u0131 yazar Dale Carnegie&#8217;nin kurslar\u0131na kat\u0131lm\u0131\u015f, e\u011fitmenlik sertifikas\u0131 alm\u0131\u015ft\u0131r. Daha sonraki y\u0131llarda T\u00fcrkiye&#8217;de bu programa kendi yorumunu da katarak D\u00fc\u015f\u00fcn, Konu\u015f, Dinle (DKD) Okulu&#8217;nu kurmu\u015ftur. Bu okulun kurslar\u0131na kat\u0131lan binlerce ki\u015fi \u00e7ok iyi yerlere gelmi\u015ftir. N\u00fcvit Osmay, 1970-1980 d\u00f6neminde T\u00dcB\u0130TAK&#8217;\u0131n Bilim Teknik dergisinin yay\u0131n y\u00f6netmenli\u011fini yapm\u0131\u015f, bu derginin tiraj\u0131n\u0131 15.000&#8217;den devral\u0131p 95.000&#8217;e \u00e7\u0131karm\u0131\u015ft\u0131r.insan m\u00fchendisli\u011fi, T\u00fcrkiye&#8217;nin bir ki\u015fisel geli\u015fim ve y\u00f6netim k\u0131lavuzu klasi\u011fidir. Kitap N\u00fcvit Osmay&#8217;\u0131n telif ve terc\u00fcme makalelerinden olu\u015fmaktad\u0131r. Zengin i\u00e7eri\u011fiyle T\u00fcrk\u00e7enin en \u00e7ok al\u0131nt\u0131 yap\u0131lan, eserlerinden biri olmu\u015ftur. \u0130nsan M\u00fchendisli\u011fi&#8217;nin bir \u00f6zelli\u011fi de modern y\u00f6netim, e\u011fitim ve ki\u015fisel geli\u015fim \u00f6\u011freti ve uygulamalar\u0131n\u0131 T\u00fcrk\u00e7eye kazand\u0131ran ilk eserlerden biri olmas\u0131d\u0131r. Kapsam\u0131n\u0131n geni\u015fli\u011fini ve i\u00e7eri\u011finin zenginli\u011fini anlamak i\u00e7in &#8216;i\u00e7indekiler&#8217; k\u0131sm\u0131na bak\u0131lmas\u0131 yeterlidir.&#8221;Uzan\u0131p rastgele bir sayfa a\u00e7mak ve okumak, insana \u00f6yle keyif veriyor; hem \u00f6yle \u015feyler kazand\u0131r\u0131yor ki&#8230; Bu kitab\u0131 anlatt\u0131m size uzun uzun. Al\u0131nt\u0131lar yaparak tan\u0131tt\u0131m&#8230; Yata\u011f\u0131n\u0131z\u0131n ba\u015fucunda bu kitap yoksa e\u011fer, inan\u0131n \u00e7ok \u015fey kaybediyorsunuz. Gidin bir al\u0131n, kar\u0131\u015ft\u0131r\u0131n sayfalar\u0131n\u0131, ne demek istedi\u011fimi anlayacaks\u0131n\u0131z. Bu kitap her evde olmal\u0131&#8230;&#8221;H\u0131ncal Ulu\u00e7, Sabah gazetesi&#8221;N\u00fcvit Osmay&#8217;\u0131 1930&#8217;larda &#8216;Yeni Adam&#8217;\u0131 \u00e7\u0131kar\u0131rken tan\u0131maya ba\u015flad\u0131m&#8230; Renkli \u00fcslubu bu son eserini herkesin okumas\u0131 gereken de\u011ferli bir kitap yapm\u0131\u015ft\u0131r.&#8221;Prof. Dr. \u0130smail Hakk\u0131 Baltac\u0131o\u011flu <\/p>\n","protected":false},"excerpt":{"rendered":"<p>N\u00dcV\u0130T OSM AY, T\u00fcrkiye&#8217;de modern ba\u015far\u0131 k\u00fclt\u00fcr\u00fcn\u00fcn \u00fcreticilerinden biridir. Amerikal\u0131 yazar Dale Carnegie&#8217;nin kurslar\u0131na kat\u0131lm\u0131\u015f, e\u011fitmenlik sertifikas\u0131 alm\u0131\u015ft\u0131r. Daha sonraki y\u0131llarda T\u00fcrkiye&#8217;de bu programa kendi yorumunu<span class=\"excerpt-hellip\"> [\u2026]<\/span><\/p>\n","protected":false},"featured_media":0,"template":"","meta":{"_monsterinsights_skip_tracking":false,"_monsterinsights_sitenote_active":false,"_monsterinsights_sitenote_note":"","_monsterinsights_sitenote_category":0},"product_brand":[],"product_cat":[12364,12376],"product_tag":[],"class_list":{"0":"post-776569","1":"product","2":"type-product","3":"status-publish","5":"product_cat-genel-konular","6":"product_cat-kisisel-gelisim","7":"pa_cilt-ciltsiz","8":"pa_tur-kitap","9":"pa_yayinevi-alfa-yayinlari","10":"pa_yazar-nuvit-osmay","12":"first","13":"instock","14":"sale","15":"shipping-taxable","16":"purchasable","17":"product-type-simple"},"_links":{"self":[{"href":"https:\/\/roveyayinevi.com.tr\/index.php\/wp-json\/wp\/v2\/product\/776569","targetHints":{"allow":["GET"]}}],"collection":[{"href":"https:\/\/roveyayinevi.com.tr\/index.php\/wp-json\/wp\/v2\/product"}],"about":[{"href":"https:\/\/roveyayinevi.com.tr\/index.php\/wp-json\/wp\/v2\/types\/product"}],"wp:attachment":[{"href":"https:\/\/roveyayinevi.com.tr\/index.php\/wp-json\/wp\/v2\/media?parent=776569"}],"wp:term":[{"taxonomy":"product_brand","embeddable":true,"href":"https:\/\/roveyayinevi.com.tr\/index.php\/wp-json\/wp\/v2\/product_brand?post=776569"},{"taxonomy":"product_cat","embeddable":true,"href":"https:\/\/roveyayinevi.com.tr\/index.php\/wp-json\/wp\/v2\/product_cat?post=776569"},{"taxonomy":"product_tag","embeddable":true,"href":"https:\/\/roveyayinevi.com.tr\/index.php\/wp-json\/wp\/v2\/product_tag?post=776569"}],"curies":[{"name":"wp","href":"https:\/\/api.w.org\/{rel}","templated":true}]}}