{"id":776568,"date":"2025-09-30T02:53:20","date_gmt":"2025-09-29T23:53:20","guid":{"rendered":"https:\/\/roveyayinevi.com.tr\/index.php\/urun\/farkli-cocuklarda-okul-basarisi-kilavuzu\/"},"modified":"2026-04-16T02:07:24","modified_gmt":"2026-04-15T23:07:24","slug":"farkli-cocuklarda-okul-basarisi-kilavuzu","status":"publish","type":"product","link":"https:\/\/roveyayinevi.com.tr\/index.php\/urun\/farkli-cocuklarda-okul-basarisi-kilavuzu\/","title":{"rendered":"Farkl\u0131 \u00c7ocuklarda Okul Ba\u015far\u0131s\u0131 K\u0131lavuzu"},"content":{"rendered":"<p>Bu kitab\u0131n konusu, bebeklik ve ilk \u00e7ocukluk d\u00f6nemini ciddi bir sorun ya\u015famadan ge\u00e7iren, zaman\u0131nda konu\u015fan, kendi i\u015flerini yapabilen, zihinsel olarak tamam\u0131yla normal g\u00f6r\u00fcnen; ancak okula ba\u015flad\u0131\u011f\u0131 g\u00fcnden itibaren okul ya\u015fam\u0131 ve \u00f6\u011frenmelerine uyum sa\u011flayamad\u0131\u011f\u0131 i\u00e7in ailesi ve okul taraf\u0131ndan sorunlu olarak g\u00f6r\u00fcnen \u00e7ocuklard\u0131r. Bu kitab\u0131n yaz\u0131lmas\u0131ndaki temel ama\u00e7, yazar\u0131n y\u0131llard\u0131r \u00fczerinde g\u00f6zlem yapt\u0131\u011f\u0131, okul ve aile ya\u015fant\u0131lar\u0131 hakk\u0131nda bilgi toplad\u0131\u011f\u0131, ne istediklerini anlamaya \u00e7al\u0131\u015ft\u0131\u011f\u0131 risk ta\u015f\u0131yan bu \u00e7ocuklar\u0131 tan\u0131tmak ve onlara nas\u0131l yard\u0131mc\u0131 olunmas\u0131 gerekti\u011fini ortaya koymakt\u0131r. Say\u0131lar\u0131 hi\u00e7 de az olmayan bu farkl\u0131 ve okulda ba\u015far\u0131s\u0131z olan \u00e7ocuklar\u0131n mutsuzluklar\u0131n\u0131n temel kayna\u011f\u0131 anla\u015f\u0131lamamakt\u0131r. Aileler \u00e7ok normal g\u00f6r\u00fcnen bu \u00e7ocuklar\u0131n ba\u015far\u0131s\u0131zl\u0131klar\u0131na anlam veremedikleri i\u00e7in kendilerini ve \u00e7ocuklar\u0131n\u0131 h\u0131rpalar. Aile \u00f6\u011fretmen ve \u00e7ocu\u011fu, \u00f6\u011fretmen aile ve \u00e7ocu\u011fu su\u00e7lama yoluna gider. Bu arada hem okulda hem de evde h\u0131rpalanan, ne oldu\u011funu, okulda ni\u00e7in ba\u015far\u0131l\u0131 olamad\u0131\u011f\u0131n\u0131, evde ve okulda s\u00fcrekli ba\u015far\u0131s\u0131z oldu\u011fu i\u00e7in ni\u00e7in su\u00e7land\u0131\u011f\u0131n\u0131 anlamayan \u00e7ocu\u011fun ne kadar ac\u0131 \u00e7ekti\u011fini kimse g\u00f6rmez. Bu \u00e7ekilen ac\u0131lar\u0131n faturas\u0131, maalesef ergenlikle birlikte depresyon, madde ba\u011f\u0131ml\u0131l\u0131\u011f\u0131, intihar e\u011filimi ya da su\u00e7a y\u00f6nelme olarak kendisine, ailesine ve topluma \u00e7\u0131kacakt\u0131r. Bu hale gelmeden, i\u00e7lerinden sessizce, Yard\u0131m et bana, anne-baba! diyen seslerini, g\u00f6zlerinden okuyal\u0131m. \ufffcTan\u0131t\u0131m Metni<\/p>\n","protected":false},"excerpt":{"rendered":"<p>Bu kitab\u0131n konusu, bebeklik ve ilk \u00e7ocukluk d\u00f6nemini ciddi bir sorun ya\u015famadan ge\u00e7iren, zaman\u0131nda konu\u015fan, kendi i\u015flerini yapabilen, zihinsel olarak tamam\u0131yla normal g\u00f6r\u00fcnen; ancak okula ba\u015flad\u0131\u011f\u0131<span class=\"excerpt-hellip\"> [\u2026]<\/span><\/p>\n","protected":false},"featured_media":0,"template":"","meta":{"_monsterinsights_skip_tracking":false,"_monsterinsights_sitenote_active":false,"_monsterinsights_sitenote_note":"","_monsterinsights_sitenote_category":0},"product_brand":[],"product_cat":[12831,12324],"product_tag":[],"class_list":{"0":"post-776568","1":"product","2":"type-product","3":"status-publish","5":"product_cat-aile-ve-cocuk","6":"product_cat-sosyoloji","7":"pa_cilt-ciltsiz","8":"pa_tur-kitap","9":"pa_yayinevi-arkadas-yayinlari","10":"pa_yazar-munire-erden","12":"first","13":"instock","14":"sale","15":"shipping-taxable","16":"purchasable","17":"product-type-simple"},"_links":{"self":[{"href":"https:\/\/roveyayinevi.com.tr\/index.php\/wp-json\/wp\/v2\/product\/776568","targetHints":{"allow":["GET"]}}],"collection":[{"href":"https:\/\/roveyayinevi.com.tr\/index.php\/wp-json\/wp\/v2\/product"}],"about":[{"href":"https:\/\/roveyayinevi.com.tr\/index.php\/wp-json\/wp\/v2\/types\/product"}],"wp:attachment":[{"href":"https:\/\/roveyayinevi.com.tr\/index.php\/wp-json\/wp\/v2\/media?parent=776568"}],"wp:term":[{"taxonomy":"product_brand","embeddable":true,"href":"https:\/\/roveyayinevi.com.tr\/index.php\/wp-json\/wp\/v2\/product_brand?post=776568"},{"taxonomy":"product_cat","embeddable":true,"href":"https:\/\/roveyayinevi.com.tr\/index.php\/wp-json\/wp\/v2\/product_cat?post=776568"},{"taxonomy":"product_tag","embeddable":true,"href":"https:\/\/roveyayinevi.com.tr\/index.php\/wp-json\/wp\/v2\/product_tag?post=776568"}],"curies":[{"name":"wp","href":"https:\/\/api.w.org\/{rel}","templated":true}]}}