{"id":776566,"date":"2025-09-30T02:38:45","date_gmt":"2025-09-29T23:38:45","guid":{"rendered":"https:\/\/roveyayinevi.com.tr\/index.php\/urun\/psikoloji-2\/"},"modified":"2025-11-13T02:39:59","modified_gmt":"2025-11-12T23:39:59","slug":"psikoloji-2","status":"publish","type":"product","link":"https:\/\/roveyayinevi.com.tr\/index.php\/urun\/psikoloji-2\/","title":{"rendered":"Psikoloji"},"content":{"rendered":"<p>D\u00fcnyam\u0131z sonsuz g\u00fczelliklerle doludur. Yery\u00fcz\u00fcnde sanatk\u00e2rlar bunca g\u00fczel eserler ortaya koymu\u015flard\u0131r. \u0130nsan bu g\u00fczelliklere meftun bir yarad\u0131l\u0131\u015fa sahiptir. En b\u00fcy\u00fck saadet, bu g\u00fczellikleri k\u00e2bil oldu\u011fu kadar yak\u0131ndan duyup ya\u015fayabilmektir. Halbuki \u00e7o\u011fumuzun ruhu, menfaat ve ihtiraslarla y\u0131pranarak bu sonsuz g\u00fczellik \u00e2leminin duygusunu kaybetmi\u015f bir kabuk gibidir. Ruhumuzu g\u00fczelliklere a\u00e7abilmenin s\u0131rr\u0131, ruhsal ya\u015fay\u0131\u015f\u0131n ona g\u00f6t\u00fcren yollar\u0131n\u0131 bilmekle elde edilir. \u0130\u00e7 hayat\u0131m\u0131z\u0131n nerelerinde bozukluk bulundu\u011fu ve bunun giderilmesi i\u00e7in ya\u015fay\u0131\u015f\u0131m\u0131zda ne gibi de\u011fi\u015fiklikler yapmak l\u00e2z\u0131m geldi\u011fi anla\u015f\u0131ld\u0131ktan sonra, g\u00fczellik duygusu sonsuz bir \u015fekilde ya\u015fanabilir. <\/p>\n","protected":false},"excerpt":{"rendered":"<p>D\u00fcnyam\u0131z sonsuz g\u00fczelliklerle doludur. Yery\u00fcz\u00fcnde sanatk\u00e2rlar bunca g\u00fczel eserler ortaya koymu\u015flard\u0131r. \u0130nsan bu g\u00fczelliklere meftun bir yarad\u0131l\u0131\u015fa sahiptir. En b\u00fcy\u00fck saadet, bu g\u00fczellikleri k\u00e2bil oldu\u011fu kadar<span class=\"excerpt-hellip\"> [\u2026]<\/span><\/p>\n","protected":false},"featured_media":0,"template":"","meta":{"_monsterinsights_skip_tracking":false,"_monsterinsights_sitenote_active":false,"_monsterinsights_sitenote_note":"","_monsterinsights_sitenote_category":0},"product_brand":[],"product_cat":[12777,12291],"product_tag":[],"class_list":{"0":"post-776566","1":"product","2":"type-product","3":"status-publish","5":"product_cat-deneme","6":"product_cat-edebiyat","7":"pa_tur-kitap","8":"pa_yayinevi-dergah-yayinlari","9":"pa_yazar-nurettin-topcu","11":"first","12":"instock","13":"sale","14":"shipping-taxable","15":"purchasable","16":"product-type-simple"},"_links":{"self":[{"href":"https:\/\/roveyayinevi.com.tr\/index.php\/wp-json\/wp\/v2\/product\/776566","targetHints":{"allow":["GET"]}}],"collection":[{"href":"https:\/\/roveyayinevi.com.tr\/index.php\/wp-json\/wp\/v2\/product"}],"about":[{"href":"https:\/\/roveyayinevi.com.tr\/index.php\/wp-json\/wp\/v2\/types\/product"}],"wp:attachment":[{"href":"https:\/\/roveyayinevi.com.tr\/index.php\/wp-json\/wp\/v2\/media?parent=776566"}],"wp:term":[{"taxonomy":"product_brand","embeddable":true,"href":"https:\/\/roveyayinevi.com.tr\/index.php\/wp-json\/wp\/v2\/product_brand?post=776566"},{"taxonomy":"product_cat","embeddable":true,"href":"https:\/\/roveyayinevi.com.tr\/index.php\/wp-json\/wp\/v2\/product_cat?post=776566"},{"taxonomy":"product_tag","embeddable":true,"href":"https:\/\/roveyayinevi.com.tr\/index.php\/wp-json\/wp\/v2\/product_tag?post=776566"}],"curies":[{"name":"wp","href":"https:\/\/api.w.org\/{rel}","templated":true}]}}