{"id":776563,"date":"2025-09-29T07:29:51","date_gmt":"2025-09-29T04:29:51","guid":{"rendered":"https:\/\/roveyayinevi.com.tr\/index.php\/urun\/bizanstan-sonraki-bizans\/"},"modified":"2026-04-15T03:43:04","modified_gmt":"2026-04-15T00:43:04","slug":"bizanstan-sonraki-bizans","status":"publish","type":"product","link":"https:\/\/roveyayinevi.com.tr\/index.php\/urun\/bizanstan-sonraki-bizans\/","title":{"rendered":"Bizans\u2019tan Sonraki Bizans"},"content":{"rendered":"<p>Do\u011fu Avrupa&#8217;n\u0131n 20. y\u00fczy\u0131ldaki en \u00f6nemli entelekt\u00fcel simalar\u0131ndan Nicolae Iorga&#8217;n\u0131n ba\u015fyap\u0131t\u0131 olarak de\u011ferlendirilen Byzance apr\u00e8s Byzance, yay\u0131mlanmas\u0131ndan neredeyse y\u00fcz y\u0131l sonra ilk kez T\u00fcrk\u00e7e olarak okurlarla bulu\u015fuyor! Iorga\u2019n\u0131n, k\u00fclt\u00fcr\u00fc, kurumlar\u0131 ve k\u00f6kl\u00fc aileleriyle Bizans \u0130mparatorlu\u011fu&#8217;nun 1453\u2019ten sonra varl\u0131\u011f\u0131n\u0131 farkl\u0131 formlarda da olsa nas\u0131l s\u00fcrd\u00fcrd\u00fc\u011f\u00fcn\u00fc, \u00f6zellikle Rumen Prenslikleri ve Osmanl\u0131 \u0130mparatorlu\u011fu \u00fczerinde de\u011ferlendirdi\u011fi bu eser, Bizans ve Osmanl\u0131 aras\u0131ndaki s\u00fcreklilik\/kopu\u015f tart\u0131\u015fmalar\u0131na katk\u0131da bulunmas\u0131na ek olarak, \u00f6nemli bir 20. y\u00fczy\u0131l entelekt\u00fcelinin d\u00fc\u015f\u00fcnce d\u00fcnyas\u0131na \u0131\u015f\u0131k tutmas\u0131 sebebiyle, bir birincil kaynak olarak da okunmay\u0131 hak ediyor.  <\/p>\n","protected":false},"excerpt":{"rendered":"<p>Do\u011fu Avrupa&#8217;n\u0131n 20. y\u00fczy\u0131ldaki en \u00f6nemli entelekt\u00fcel simalar\u0131ndan Nicolae Iorga&#8217;n\u0131n ba\u015fyap\u0131t\u0131 olarak de\u011ferlendirilen Byzance apr\u00e8s Byzance, yay\u0131mlanmas\u0131ndan neredeyse y\u00fcz y\u0131l sonra ilk kez T\u00fcrk\u00e7e olarak okurlarla<span class=\"excerpt-hellip\"> [\u2026]<\/span><\/p>\n","protected":false},"featured_media":0,"template":"","meta":{"_monsterinsights_skip_tracking":false,"_monsterinsights_sitenote_active":false,"_monsterinsights_sitenote_note":"","_monsterinsights_sitenote_category":0},"product_brand":[],"product_cat":[12304],"product_tag":[],"class_list":{"0":"post-776563","1":"product","2":"type-product","3":"status-publish","5":"product_cat-tarih","6":"pa_cilt-ciltsiz","7":"pa_tur-kitap","8":"pa_yayinevi-gordium-yayincilik","9":"pa_yazar-nicolae-iorga","11":"first","12":"instock","13":"sale","14":"shipping-taxable","15":"purchasable","16":"product-type-simple"},"_links":{"self":[{"href":"https:\/\/roveyayinevi.com.tr\/index.php\/wp-json\/wp\/v2\/product\/776563","targetHints":{"allow":["GET"]}}],"collection":[{"href":"https:\/\/roveyayinevi.com.tr\/index.php\/wp-json\/wp\/v2\/product"}],"about":[{"href":"https:\/\/roveyayinevi.com.tr\/index.php\/wp-json\/wp\/v2\/types\/product"}],"wp:attachment":[{"href":"https:\/\/roveyayinevi.com.tr\/index.php\/wp-json\/wp\/v2\/media?parent=776563"}],"wp:term":[{"taxonomy":"product_brand","embeddable":true,"href":"https:\/\/roveyayinevi.com.tr\/index.php\/wp-json\/wp\/v2\/product_brand?post=776563"},{"taxonomy":"product_cat","embeddable":true,"href":"https:\/\/roveyayinevi.com.tr\/index.php\/wp-json\/wp\/v2\/product_cat?post=776563"},{"taxonomy":"product_tag","embeddable":true,"href":"https:\/\/roveyayinevi.com.tr\/index.php\/wp-json\/wp\/v2\/product_tag?post=776563"}],"curies":[{"name":"wp","href":"https:\/\/api.w.org\/{rel}","templated":true}]}}