{"id":776557,"date":"2025-09-29T07:29:41","date_gmt":"2025-09-29T04:29:41","guid":{"rendered":"https:\/\/roveyayinevi.com.tr\/index.php\/urun\/kalpten-zihne-tasavvufun-bilimsel-insasi\/"},"modified":"2026-04-15T03:43:02","modified_gmt":"2026-04-15T00:43:02","slug":"kalpten-zihne-tasavvufun-bilimsel-insasi","status":"publish","type":"product","link":"https:\/\/roveyayinevi.com.tr\/index.php\/urun\/kalpten-zihne-tasavvufun-bilimsel-insasi\/","title":{"rendered":"Kalpten Zihne \u201cTasavvufun Bilimsel \u0130n\u015fas\u0131\u201d"},"content":{"rendered":"<p>Bu kitap, inan\u00e7 ile ak\u0131l, sezgi ile bilim, gelenek ile \u00e7a\u011fda\u015fl\u0131k aras\u0131nda bir denge arayanlara hitap ediyor. Tasavvufu kutsalla\u015ft\u0131rmadan y\u00fcceltmek, ele\u015ftirmeden sorgulamak, ba\u011fl\u0131l\u0131kla birlikte bilin\u00e7li bir fark\u0131ndal\u0131k geli\u015ftirmek m\u00fcmk\u00fcn m\u00fcd\u00fcr? Evet. Ve bu kitap tam da bunu yap\u0131yor. \u00c7\u00fcnk\u00fc art\u0131k ne sadece k\u00f6r\u00fc k\u00f6r\u00fcne ba\u011flanmaya, ne de tamamen reddetmeye mecburuz. &#8220;Kalpten Zihne&#8221;, i\u00e7sel yolculu\u011fun bilimsel haritas\u0131n\u0131 arayanlara a\u00e7\u0131k bir davettir. Sadece inananlara de\u011fil; d\u00fc\u015f\u00fcnen, sorgulayan ve arayan herkese\u2026 <\/p>\n","protected":false},"excerpt":{"rendered":"<p>Bu kitap, inan\u00e7 ile ak\u0131l, sezgi ile bilim, gelenek ile \u00e7a\u011fda\u015fl\u0131k aras\u0131nda bir denge arayanlara hitap ediyor. Tasavvufu kutsalla\u015ft\u0131rmadan y\u00fcceltmek, ele\u015ftirmeden sorgulamak, ba\u011fl\u0131l\u0131kla birlikte bilin\u00e7li bir<span class=\"excerpt-hellip\"> [\u2026]<\/span><\/p>\n","protected":false},"featured_media":0,"template":"","meta":{"_monsterinsights_skip_tracking":false,"_monsterinsights_sitenote_active":false,"_monsterinsights_sitenote_note":"","_monsterinsights_sitenote_category":0},"product_brand":[],"product_cat":[12718,12719,15238],"product_tag":[],"class_list":{"0":"post-776557","1":"product","2":"type-product","3":"status-publish","5":"product_cat-din","6":"product_cat-islam","7":"product_cat-tasavvuf","8":"pa_cilt-ciltsiz","9":"pa_tur-kitap","10":"pa_yayinevi-kalem-lugat-yayincilik","11":"pa_yazar-zubeyt-bozkurt","13":"first","14":"instock","15":"sale","16":"shipping-taxable","17":"purchasable","18":"product-type-simple"},"_links":{"self":[{"href":"https:\/\/roveyayinevi.com.tr\/index.php\/wp-json\/wp\/v2\/product\/776557","targetHints":{"allow":["GET"]}}],"collection":[{"href":"https:\/\/roveyayinevi.com.tr\/index.php\/wp-json\/wp\/v2\/product"}],"about":[{"href":"https:\/\/roveyayinevi.com.tr\/index.php\/wp-json\/wp\/v2\/types\/product"}],"wp:attachment":[{"href":"https:\/\/roveyayinevi.com.tr\/index.php\/wp-json\/wp\/v2\/media?parent=776557"}],"wp:term":[{"taxonomy":"product_brand","embeddable":true,"href":"https:\/\/roveyayinevi.com.tr\/index.php\/wp-json\/wp\/v2\/product_brand?post=776557"},{"taxonomy":"product_cat","embeddable":true,"href":"https:\/\/roveyayinevi.com.tr\/index.php\/wp-json\/wp\/v2\/product_cat?post=776557"},{"taxonomy":"product_tag","embeddable":true,"href":"https:\/\/roveyayinevi.com.tr\/index.php\/wp-json\/wp\/v2\/product_tag?post=776557"}],"curies":[{"name":"wp","href":"https:\/\/api.w.org\/{rel}","templated":true}]}}