{"id":776551,"date":"2025-09-29T07:29:33","date_gmt":"2025-09-29T04:29:33","guid":{"rendered":"https:\/\/roveyayinevi.com.tr\/index.php\/urun\/yenilenmenin-esiginde-turkiye-ve-biz\/"},"modified":"2026-04-15T03:43:02","modified_gmt":"2026-04-15T00:43:02","slug":"yenilenmenin-esiginde-turkiye-ve-biz","status":"publish","type":"product","link":"https:\/\/roveyayinevi.com.tr\/index.php\/urun\/yenilenmenin-esiginde-turkiye-ve-biz\/","title":{"rendered":"Yenilenmenin E\u015fi\u011finde T\u00fcrkiye ve Biz"},"content":{"rendered":"<p>T\u00fcrkiye, yeni y\u00fczy\u0131la ad\u0131m atarken sadece siyasi de\u011fil, toplumsal ve ahlaki bir d\u00f6n\u00fc\u015f\u00fcm\u00fcn de e\u015fi\u011finde duruyor. Z\u00fcbeyt Bozkurt, bu kitab\u0131nda memleketin i\u00e7inde bulundu\u011fu h\u00e2li cesurca analiz ediyor; adalet, \u00f6zg\u00fcrl\u00fck, ekonomi, siyaset, dijitalle\u015fme ve gen\u00e7lik gibi pek \u00e7ok konuda hem ele\u015ftirel hem de umut dolu bir bak\u0131\u015f sunuyor. Ke\u015fmir\u2019den Gazze\u2019ye, Z ku\u015fa\u011f\u0131ndan iklim krizine yeni anayasa tart\u0131\u015fmalar\u0131na kadar geni\u015f bir yelpazede g\u00fcn\u00fcm\u00fcz T\u00fcrkiye\u2019sinin nabz\u0131n\u0131 tutan yazar, sessiz \u00e7o\u011funlu\u011fun sesine kulak verirken, bar\u0131\u015f, vicdan ve ortak de\u011ferler \u00e7a\u011fr\u0131s\u0131nda bulunuyor.   Yenilenmenin E\u015fi\u011finde T\u00fcrkiye ve Biz&#8221;, sadece bir durum tespiti de\u011fil; ayn\u0131 zamanda gelece\u011fe dair bir sorumluluk \u00e7a\u011fr\u0131s\u0131d\u0131r. Bu kitap, d\u00fc\u015f\u00fcnen, sorgulayan ve daha iyi bir yar\u0131n i\u00e7in yola \u00e7\u0131kmaya haz\u0131r herkese hitap ediyor. <\/p>\n","protected":false},"excerpt":{"rendered":"<p>T\u00fcrkiye, yeni y\u00fczy\u0131la ad\u0131m atarken sadece siyasi de\u011fil, toplumsal ve ahlaki bir d\u00f6n\u00fc\u015f\u00fcm\u00fcn de e\u015fi\u011finde duruyor. Z\u00fcbeyt Bozkurt, bu kitab\u0131nda memleketin i\u00e7inde bulundu\u011fu h\u00e2li cesurca analiz<span class=\"excerpt-hellip\"> [\u2026]<\/span><\/p>\n","protected":false},"featured_media":0,"template":"","meta":{"_monsterinsights_skip_tracking":false,"_monsterinsights_sitenote_active":false,"_monsterinsights_sitenote_note":"","_monsterinsights_sitenote_category":0},"product_brand":[],"product_cat":[12337],"product_tag":[],"class_list":{"0":"post-776551","1":"product","2":"type-product","3":"status-publish","5":"product_cat-politika-siyaset","6":"pa_cilt-ciltsiz","7":"pa_tur-kitap","8":"pa_yayinevi-kalem-lugat-yayincilik","9":"pa_yazar-zubeyt-bozkurt","11":"first","12":"instock","13":"sale","14":"shipping-taxable","15":"purchasable","16":"product-type-simple"},"_links":{"self":[{"href":"https:\/\/roveyayinevi.com.tr\/index.php\/wp-json\/wp\/v2\/product\/776551","targetHints":{"allow":["GET"]}}],"collection":[{"href":"https:\/\/roveyayinevi.com.tr\/index.php\/wp-json\/wp\/v2\/product"}],"about":[{"href":"https:\/\/roveyayinevi.com.tr\/index.php\/wp-json\/wp\/v2\/types\/product"}],"wp:attachment":[{"href":"https:\/\/roveyayinevi.com.tr\/index.php\/wp-json\/wp\/v2\/media?parent=776551"}],"wp:term":[{"taxonomy":"product_brand","embeddable":true,"href":"https:\/\/roveyayinevi.com.tr\/index.php\/wp-json\/wp\/v2\/product_brand?post=776551"},{"taxonomy":"product_cat","embeddable":true,"href":"https:\/\/roveyayinevi.com.tr\/index.php\/wp-json\/wp\/v2\/product_cat?post=776551"},{"taxonomy":"product_tag","embeddable":true,"href":"https:\/\/roveyayinevi.com.tr\/index.php\/wp-json\/wp\/v2\/product_tag?post=776551"}],"curies":[{"name":"wp","href":"https:\/\/api.w.org\/{rel}","templated":true}]}}